{"id":4574,"date":"2023-04-18T18:14:11","date_gmt":"2023-04-18T16:14:11","guid":{"rendered":"http:\/\/www.cutislaxa.org\/a-propos\/our-patrons\/"},"modified":"2026-03-19T17:41:48","modified_gmt":"2026-03-19T16:41:48","slug":"our-patrons","status":"publish","type":"page","link":"https:\/\/www.cutislaxa.org\/fr\/a-propos\/our-patrons\/","title":{"rendered":"Parrainages"},"content":{"rendered":"<div class=\"flex_column av_one_full  flex_column_div av-zero-column-padding first  avia-builder-el-0  el_before_av_one_fourth  avia-builder-el-first  \" style='border-radius:0px; '><div  style='padding-bottom:10px; font-size:70px;' class='av-special-heading av-special-heading-h1  blockquote modern-quote modern-centered  avia-builder-el-1  avia-builder-el-no-sibling  av-inherit-size '><h1 class='av-special-heading-tag '  itemprop=\"headline\"  > Parrainages <\/h1><div class='special-heading-border'><div class='special-heading-inner-border' ><\/div><\/div><\/div><\/div>\n<div class=\"flex_column av_one_fourth  flex_column_div av-zero-column-padding first  avia-builder-el-2  el_after_av_one_full  el_before_av_three_fourth  column-top-margin\" style='border-radius:0px; '><div  class='avia-image-container  av-styling-    avia-builder-el-3  avia-builder-el-no-sibling  avia-align-center '  itemprop=\"image\" itemscope=\"itemscope\" itemtype=\"https:\/\/schema.org\/ImageObject\"  ><div class='avia-image-container-inner'><div class='avia-image-overlay-wrap'><img decoding=\"async\" class='wp-image-14832 avia-img-lazy-loading-not-14832 avia_image' src=\"https:\/\/www.cutislaxa.org\/wp-content\/uploads\/2023\/06\/Carte-Larsene-recto-300x161.jpg\" alt='' title='Carte Larsene recto' height=\"161\" width=\"300\"  itemprop=\"thumbnailUrl\" srcset=\"https:\/\/www.cutislaxa.org\/wp-content\/uploads\/2023\/06\/Carte-Larsene-recto-300x161.jpg 300w, https:\/\/www.cutislaxa.org\/wp-content\/uploads\/2023\/06\/Carte-Larsene-recto-768x412.jpg 768w, https:\/\/www.cutislaxa.org\/wp-content\/uploads\/2023\/06\/Carte-Larsene-recto-705x378.jpg 705w, https:\/\/www.cutislaxa.org\/wp-content\/uploads\/2023\/06\/Carte-Larsene-recto.jpg 992w\" sizes=\"(max-width: 300px) 100vw, 300px\" \/><\/div><\/div><\/div><\/div>\n<div class=\"flex_column av_three_fourth  flex_column_div av-zero-column-padding   avia-builder-el-4  el_after_av_one_fourth  el_before_av_hr  column-top-margin\" style='border-radius:0px; '><section class=\"av_textblock_section \"  itemscope=\"itemscope\" itemtype=\"https:\/\/schema.org\/CreativeWork\" ><div class='avia_textblock  '   itemprop=\"text\" ><h3 style=\"text-align: left;\" align=\"center\">Notre Parrain<\/h3>\n<p style=\"text-align: left;\">LARSENE est un magicien c\u00e9l\u00e8bre pour ses prestations lors de grands \u00e9v\u00e8nements sportifs sur le territoire fran\u00e7ais (Tournoi de Tennis de Roland-Garros, Tour de France cycliste).<br \/>\nCe n\u2019est parce que l\u2019on est malade que l\u2019on est triste, loin de l\u00e0, &#8230;&#8230; et LARSENE nous aide \u00e0 garder ce cap&#8230;.. Nous l\u2019en remercions vivement.<\/p>\n<p>Et&#8230;.. Quelle surprise&#8230;..Alors que j&rsquo;\u00e9tais invit\u00e9e pour une interview sur la radio \u00ab\u00a0Vivre FM\u00a0\u00bb, nous avons d\u00e9couvert que nous \u00e9tions tous les deux interview\u00e9s le m\u00eame jour&#8230;&#8230;&#8230;<\/p>\n<p>Nous organiserons bient\u00f4t un \u00e9v\u00e8nement ensemble&#8230;&#8230;. Merci Larsene de rester fid\u00e8lement \u00e0 nos c\u00f4t\u00e9s.<\/p>\n<p><img loading=\"lazy\" decoding=\"async\" class=\"size-medium wp-image-14826 aligncenter\" src=\"https:\/\/www.cutislaxa.org\/wp-content\/uploads\/2023\/06\/LARSENE-300x225.jpg\" alt=\"\" width=\"300\" height=\"225\" srcset=\"https:\/\/www.cutislaxa.org\/wp-content\/uploads\/2023\/06\/LARSENE-300x225.jpg 300w, https:\/\/www.cutislaxa.org\/wp-content\/uploads\/2023\/06\/LARSENE-768x576.jpg 768w, https:\/\/www.cutislaxa.org\/wp-content\/uploads\/2023\/06\/LARSENE-705x529.jpg 705w, https:\/\/www.cutislaxa.org\/wp-content\/uploads\/2023\/06\/LARSENE.jpg 800w\" sizes=\"auto, (max-width: 300px) 100vw, 300px\" \/><\/p>\n<p style=\"text-align: center;\">Allez jeter un coup d&rsquo;oeil<\/p>\n<p><img loading=\"lazy\" decoding=\"async\" class=\"size-medium wp-image-14837 aligncenter\" src=\"https:\/\/www.cutislaxa.org\/wp-content\/uploads\/2023\/06\/Carte-Larsene-verso-1-298x300.jpg\" alt=\"\" width=\"298\" height=\"300\" srcset=\"https:\/\/www.cutislaxa.org\/wp-content\/uploads\/2023\/06\/Carte-Larsene-verso-1-298x300.jpg 298w, https:\/\/www.cutislaxa.org\/wp-content\/uploads\/2023\/06\/Carte-Larsene-verso-1-80x80.jpg 80w, https:\/\/www.cutislaxa.org\/wp-content\/uploads\/2023\/06\/Carte-Larsene-verso-1-36x36.jpg 36w, https:\/\/www.cutislaxa.org\/wp-content\/uploads\/2023\/06\/Carte-Larsene-verso-1-180x180.jpg 180w, https:\/\/www.cutislaxa.org\/wp-content\/uploads\/2023\/06\/Carte-Larsene-verso-1.jpg 372w\" sizes=\"auto, (max-width: 298px) 100vw, 298px\" \/><\/p>\n<p style=\"text-align: center;\"><a href=\"http:\/\/www.magicien-larsene.fr\">www.magicien-larsene.fr<\/a><\/p>\n<\/div><\/section><\/div>\n<div   class='hr hr-default   avia-builder-el-6  el_after_av_three_fourth  el_before_av_one_fourth '><span class='hr-inner ' ><span class='hr-inner-style'><\/span><\/span><\/div>\n<div class=\"flex_column av_one_fourth  flex_column_div av-zero-column-padding first  avia-builder-el-7  el_after_av_hr  el_before_av_three_fourth  \" style='border-radius:0px; '><div  class='avia-image-container  av-styling-    avia-builder-el-8  avia-builder-el-no-sibling  avia-align-center '  itemprop=\"image\" itemscope=\"itemscope\" itemtype=\"https:\/\/schema.org\/ImageObject\"  ><div class='avia-image-container-inner'><div class='avia-image-overlay-wrap'><img decoding=\"async\" class='wp-image-7188 avia-img-lazy-loading-not-7188 avia_image' src=\"https:\/\/www.cutislaxa.org\/wp-content\/uploads\/2018\/02\/Photo-Marraine.jpg\" alt='' title='Photo Marraine' height=\"151\" width=\"118\"  itemprop=\"thumbnailUrl\"  \/><\/div><\/div><\/div><\/div>\n<div class=\"flex_column av_three_fourth  flex_column_div av-zero-column-padding   avia-builder-el-9  el_after_av_one_fourth  avia-builder-el-last  \" style='border-radius:0px; '><section class=\"av_textblock_section \"  itemscope=\"itemscope\" itemtype=\"https:\/\/schema.org\/CreativeWork\" ><div class='avia_textblock  '   itemprop=\"text\" ><h3 style=\"text-align: left;\" align=\"center\"><span lang=\"ES\">Notre marraine<\/span><\/h3>\n<h2 style=\"text-align: left;\">Nathalie Rihouet, journaliste sur France 2<\/h2>\n<p style=\"text-align: left;\"><em>\u00ab\u00a0Il y a encore peu de temps, la Cutis Laxa \u00e9tait ce que l\u2019on appelle une \u00ab\u00a0Maladie Orpheline\u00a0\u00bb. Les cas d\u00e9clar\u00e9s \u00e9taient si rares qu\u2019aucune recherche ne pouvait d\u00e9buter. Il ne restait plus aux malades et \u00e0 leurs familles qu\u2019\u00e0 essayer de vivre avec cette maladie, dans l\u2019isolement.<\/em><\/p>\n<p><em>Une maladie que l\u2019on savait tout de m\u00eame g\u00e9n\u00e9tique et que l\u2019on pouvait tout juste d\u00e9finir\u00a0: Perte d\u2019\u00e9lasticit\u00e9 des tissus conjonctifs. Cela se traduit par un rel\u00e2chement de la peau &#8230; \u00e0 l\u2019ext\u00e9rieur &#8230; parce que ce sont tous les organes qui sont concern\u00e9s.<\/em><\/p>\n<p><em>C\u00e9cile est atteinte de Cutis Laxa. Pendant 10 ans, ses parents, sa famille, tentent de lutter contre cette fatalit\u00e9. Sans aide, sans soutien de l\u2019Etat ou d\u2019une quelconque structure scientifique. Jusqu\u2019au jour o\u00f9 le visage de C\u00e9cile est apparu sur nos \u00e9crans, \u00e0 l\u2019occasion du TELETHON . Sa maladie fut ainsi m\u00e9diatis\u00e9e, connue par le plus grand nombre. Si bien que d\u2019autres personnes atteintes de Cutis Laxa se sont reconnues\u00a0: 9, puis 10, puis 11, &#8230;.<\/em><\/p>\n<p><em>Aujourd\u2019hui, cette maladie n\u2019est plus orpheline. C\u00e9cile et les autres ont pu sortir de l\u2019isolement dans lequel ils \u00e9taient enferm\u00e9s depuis si longtemps.<\/em><\/p>\n<p><em><strong>\u00e7a c\u2019est la 1\u00e8re Victoire !<\/strong><\/em><\/p>\n<p><em>Une Association est donc n\u00e9e. Elle rassemble aujourd\u2019hui 582 malades et leurs familles, en France,en Australie, en Cor\u00e9e, au Japon, au Liban, en Iran, au Mexique, aux Etats-Unis, au Br\u00e9sil, en Argentine, en Hollande, en Belgique, en Irlande du Nord, en Allemagne, en Grande-Bretagne, en Espagne, en Suisse,&#8230;&#8230;&#8230; Mais, pour ces malades atteints de Cutis Laxa, combien d\u2019autres ignorent l\u2019origine de leur mal, ne sont pas inform\u00e9s et se terrent \u00e0 l\u2019abri des regards.<\/em><\/p>\n<p><em>La recherche est maintenant en chemin, mais comme pour tous les combats, le nerf de la guerre c\u2019est l\u2019argent\u00a0!<\/em><\/p>\n<p><em>Cette maladie peut s\u2019abattre sur n\u2019importe lequel de nos enfants \u00e0 na\u00eetre.<\/em><\/p>\n<p><em>Personne n\u2019est \u00e0 l\u2019abri.<\/em><\/p>\n<p><em>Merci de nous aider \u00e0 vaincre la Cutis Laxa\u00a0.\u00a0\u00bb<\/em><\/p>\n<p><img loading=\"lazy\" decoding=\"async\" class=\"size-full wp-image-4475 alignleft\" src=\"http:\/\/www.cutislaxa.org\/wp-content\/uploads\/2018\/02\/Signature-Marraine.png\" alt=\"\" width=\"172\" height=\"77\" \/><\/p>\n<\/div><\/section><\/div>\n","protected":false},"excerpt":{"rendered":"","protected":false},"author":1,"featured_media":0,"parent":3412,"menu_order":0,"comment_status":"closed","ping_status":"closed","template":"","meta":{"footnotes":""},"class_list":["post-4574","page","type-page","status-publish","hentry"],"yoast_head":"<!-- This site is optimized with the Yoast SEO plugin v22.0 - https:\/\/yoast.com\/wordpress\/plugins\/seo\/ -->\n<title>Parrainages - CUTIS LAXA INTERNATIONALE<\/title>\n<meta name=\"robots\" content=\"index, follow, max-snippet:-1, max-image-preview:large, max-video-preview:-1\" \/>\n<link rel=\"canonical\" href=\"https:\/\/www.cutislaxa.org\/fr\/a-propos\/our-patrons\/\" \/>\n<meta property=\"og:locale\" content=\"fr_FR\" \/>\n<meta property=\"og:type\" content=\"article\" \/>\n<meta property=\"og:title\" content=\"Parrainages - CUTIS LAXA INTERNATIONALE\" \/>\n<meta property=\"og:url\" content=\"https:\/\/www.cutislaxa.org\/fr\/a-propos\/our-patrons\/\" \/>\n<meta property=\"og:site_name\" content=\"CUTIS LAXA INTERNATIONALE\" \/>\n<meta property=\"article:publisher\" content=\"https:\/\/www.facebook.com\/CutisLaxaAssociation\/\" \/>\n<meta property=\"article:modified_time\" content=\"2026-03-19T16:41:48+00:00\" \/>\n<meta property=\"og:image\" content=\"https:\/\/www.cutislaxa.org\/wp-content\/uploads\/2023\/06\/LARSENE-300x225.jpg\" \/>\n<meta name=\"twitter:card\" content=\"summary_large_image\" \/>\n<meta name=\"twitter:label1\" content=\"Dur\u00e9e de lecture estim\u00e9e\" \/>\n\t<meta name=\"twitter:data1\" content=\"4 minutes\" \/>\n<script type=\"application\/ld+json\" class=\"yoast-schema-graph\">{\"@context\":\"https:\/\/schema.org\",\"@graph\":[{\"@type\":\"WebPage\",\"@id\":\"https:\/\/www.cutislaxa.org\/fr\/a-propos\/our-patrons\/\",\"url\":\"https:\/\/www.cutislaxa.org\/fr\/a-propos\/our-patrons\/\",\"name\":\"Parrainages - CUTIS LAXA INTERNATIONALE\",\"isPartOf\":{\"@id\":\"https:\/\/www.cutislaxa.org\/#website\"},\"datePublished\":\"2023-04-18T16:14:11+00:00\",\"dateModified\":\"2026-03-19T16:41:48+00:00\",\"breadcrumb\":{\"@id\":\"https:\/\/www.cutislaxa.org\/fr\/a-propos\/our-patrons\/#breadcrumb\"},\"inLanguage\":\"fr-FR\",\"potentialAction\":[{\"@type\":\"ReadAction\",\"target\":[\"https:\/\/www.cutislaxa.org\/fr\/a-propos\/our-patrons\/\"]}]},{\"@type\":\"BreadcrumbList\",\"@id\":\"https:\/\/www.cutislaxa.org\/fr\/a-propos\/our-patrons\/#breadcrumb\",\"itemListElement\":[{\"@type\":\"ListItem\",\"position\":1,\"name\":\"Home\",\"item\":\"https:\/\/www.cutislaxa.org\/fr\/accueil\/\"},{\"@type\":\"ListItem\",\"position\":2,\"name\":\"\u00c0 propos\",\"item\":\"https:\/\/www.cutislaxa.org\/fr\/a-propos\/\"},{\"@type\":\"ListItem\",\"position\":3,\"name\":\"Parrainages\"}]},{\"@type\":\"WebSite\",\"@id\":\"https:\/\/www.cutislaxa.org\/#website\",\"url\":\"https:\/\/www.cutislaxa.org\/\",\"name\":\"CUTIS LAXA INTERNATIONALE\",\"description\":\"\",\"publisher\":{\"@id\":\"https:\/\/www.cutislaxa.org\/#organization\"},\"potentialAction\":[{\"@type\":\"SearchAction\",\"target\":{\"@type\":\"EntryPoint\",\"urlTemplate\":\"https:\/\/www.cutislaxa.org\/?s={search_term_string}\"},\"query-input\":\"required name=search_term_string\"}],\"inLanguage\":\"fr-FR\"},{\"@type\":\"Organization\",\"@id\":\"https:\/\/www.cutislaxa.org\/#organization\",\"name\":\"Cutis Laxa Internationale\",\"url\":\"https:\/\/www.cutislaxa.org\/\",\"logo\":{\"@type\":\"ImageObject\",\"inLanguage\":\"fr-FR\",\"@id\":\"https:\/\/www.cutislaxa.org\/#\/schema\/logo\/image\/\",\"url\":\"https:\/\/www.cutislaxa.org\/wp-content\/uploads\/2017\/12\/NEW-LOGO-CLI-4.png\",\"contentUrl\":\"https:\/\/www.cutislaxa.org\/wp-content\/uploads\/2017\/12\/NEW-LOGO-CLI-4.png\",\"width\":417,\"height\":120,\"caption\":\"Cutis Laxa Internationale\"},\"image\":{\"@id\":\"https:\/\/www.cutislaxa.org\/#\/schema\/logo\/image\/\"},\"sameAs\":[\"https:\/\/www.facebook.com\/CutisLaxaAssociation\/\"]}]}<\/script>\n<!-- \/ Yoast SEO plugin. -->","yoast_head_json":{"title":"Parrainages - CUTIS LAXA INTERNATIONALE","robots":{"index":"index","follow":"follow","max-snippet":"max-snippet:-1","max-image-preview":"max-image-preview:large","max-video-preview":"max-video-preview:-1"},"canonical":"https:\/\/www.cutislaxa.org\/fr\/a-propos\/our-patrons\/","og_locale":"fr_FR","og_type":"article","og_title":"Parrainages - CUTIS LAXA INTERNATIONALE","og_url":"https:\/\/www.cutislaxa.org\/fr\/a-propos\/our-patrons\/","og_site_name":"CUTIS LAXA INTERNATIONALE","article_publisher":"https:\/\/www.facebook.com\/CutisLaxaAssociation\/","article_modified_time":"2026-03-19T16:41:48+00:00","og_image":[{"url":"https:\/\/www.cutislaxa.org\/wp-content\/uploads\/2023\/06\/LARSENE-300x225.jpg"}],"twitter_card":"summary_large_image","twitter_misc":{"Dur\u00e9e de lecture estim\u00e9e":"4 minutes"},"schema":{"@context":"https:\/\/schema.org","@graph":[{"@type":"WebPage","@id":"https:\/\/www.cutislaxa.org\/fr\/a-propos\/our-patrons\/","url":"https:\/\/www.cutislaxa.org\/fr\/a-propos\/our-patrons\/","name":"Parrainages - CUTIS LAXA INTERNATIONALE","isPartOf":{"@id":"https:\/\/www.cutislaxa.org\/#website"},"datePublished":"2023-04-18T16:14:11+00:00","dateModified":"2026-03-19T16:41:48+00:00","breadcrumb":{"@id":"https:\/\/www.cutislaxa.org\/fr\/a-propos\/our-patrons\/#breadcrumb"},"inLanguage":"fr-FR","potentialAction":[{"@type":"ReadAction","target":["https:\/\/www.cutislaxa.org\/fr\/a-propos\/our-patrons\/"]}]},{"@type":"BreadcrumbList","@id":"https:\/\/www.cutislaxa.org\/fr\/a-propos\/our-patrons\/#breadcrumb","itemListElement":[{"@type":"ListItem","position":1,"name":"Home","item":"https:\/\/www.cutislaxa.org\/fr\/accueil\/"},{"@type":"ListItem","position":2,"name":"\u00c0 propos","item":"https:\/\/www.cutislaxa.org\/fr\/a-propos\/"},{"@type":"ListItem","position":3,"name":"Parrainages"}]},{"@type":"WebSite","@id":"https:\/\/www.cutislaxa.org\/#website","url":"https:\/\/www.cutislaxa.org\/","name":"CUTIS LAXA INTERNATIONALE","description":"","publisher":{"@id":"https:\/\/www.cutislaxa.org\/#organization"},"potentialAction":[{"@type":"SearchAction","target":{"@type":"EntryPoint","urlTemplate":"https:\/\/www.cutislaxa.org\/?s={search_term_string}"},"query-input":"required name=search_term_string"}],"inLanguage":"fr-FR"},{"@type":"Organization","@id":"https:\/\/www.cutislaxa.org\/#organization","name":"Cutis Laxa Internationale","url":"https:\/\/www.cutislaxa.org\/","logo":{"@type":"ImageObject","inLanguage":"fr-FR","@id":"https:\/\/www.cutislaxa.org\/#\/schema\/logo\/image\/","url":"https:\/\/www.cutislaxa.org\/wp-content\/uploads\/2017\/12\/NEW-LOGO-CLI-4.png","contentUrl":"https:\/\/www.cutislaxa.org\/wp-content\/uploads\/2017\/12\/NEW-LOGO-CLI-4.png","width":417,"height":120,"caption":"Cutis Laxa Internationale"},"image":{"@id":"https:\/\/www.cutislaxa.org\/#\/schema\/logo\/image\/"},"sameAs":["https:\/\/www.facebook.com\/CutisLaxaAssociation\/"]}]}},"_links":{"self":[{"href":"https:\/\/www.cutislaxa.org\/fr\/wp-json\/wp\/v2\/pages\/4574","targetHints":{"allow":["GET"]}}],"collection":[{"href":"https:\/\/www.cutislaxa.org\/fr\/wp-json\/wp\/v2\/pages"}],"about":[{"href":"https:\/\/www.cutislaxa.org\/fr\/wp-json\/wp\/v2\/types\/page"}],"author":[{"embeddable":true,"href":"https:\/\/www.cutislaxa.org\/fr\/wp-json\/wp\/v2\/users\/1"}],"replies":[{"embeddable":true,"href":"https:\/\/www.cutislaxa.org\/fr\/wp-json\/wp\/v2\/comments?post=4574"}],"version-history":[{"count":21,"href":"https:\/\/www.cutislaxa.org\/fr\/wp-json\/wp\/v2\/pages\/4574\/revisions"}],"predecessor-version":[{"id":19241,"href":"https:\/\/www.cutislaxa.org\/fr\/wp-json\/wp\/v2\/pages\/4574\/revisions\/19241"}],"up":[{"embeddable":true,"href":"https:\/\/www.cutislaxa.org\/fr\/wp-json\/wp\/v2\/pages\/3412"}],"wp:attachment":[{"href":"https:\/\/www.cutislaxa.org\/fr\/wp-json\/wp\/v2\/media?parent=4574"}],"curies":[{"name":"wp","href":"https:\/\/api.w.org\/{rel}","templated":true}]}}