{"id":4314,"date":"2018-02-16T17:17:03","date_gmt":"2018-02-16T17:17:03","guid":{"rendered":"http:\/\/www.cutislaxa.org\/donation-page\/"},"modified":"2024-12-11T11:52:59","modified_gmt":"2024-12-11T10:52:59","slug":"donation-page","status":"publish","type":"page","link":"https:\/\/www.cutislaxa.org\/fr\/donation-page\/","title":{"rendered":"Donation Page"},"content":{"rendered":"<div id='av_section_1'  class='avia-section main_color avia-section-default avia-no-shadow  avia-bg-style-scroll  avia-builder-el-0  el_before_av_section  avia-builder-el-first   container_wrap fullsize' style='background-color: #f5f5f2;  '  ><div class='container' ><main  role=\"main\" itemprop=\"mainContentOfPage\"  class='template-page content  av-content-full alpha units'><div class='post-entry post-entry-type-page post-entry-4314'><div class='entry-content-wrapper clearfix'>\n<div class=\"flex_column av_one_fifth  flex_column_div av-zero-column-padding first  avia-builder-el-1  el_before_av_three_fifth  avia-builder-el-first  \" style='border-radius:0px; '><\/div><div class=\"flex_column av_three_fifth  flex_column_div av-zero-column-padding   avia-builder-el-2  el_after_av_one_fifth  el_before_av_one_fifth  \" style='border-radius:0px; '><p><div  style='padding-bottom:10px; font-size:60px;' class='av-special-heading av-special-heading-h1  blockquote modern-quote  avia-builder-el-3  el_before_av_textblock  avia-builder-el-first  av-inherit-size '><h1 class='av-special-heading-tag '  itemprop=\"headline\"  ><b>ADHERER<\/b><\/h1><div class='special-heading-border'><div class='special-heading-inner-border' ><\/div><\/div><\/div><br \/>\n<section class=\"av_textblock_section \"  itemscope=\"itemscope\" itemtype=\"https:\/\/schema.org\/CreativeWork\" ><div class='avia_textblock  '   itemprop=\"text\" ><p>Notre Association est n\u00e9e le 11 Novembre 2001. Nous sommes un petit groupe de\u00a0 familles diss\u00e9min\u00e9es aux quatre coins du globe et concern\u00e9es par cette maladie g\u00e9n\u00e9tique rare. Outre la rupture de l\u2019isolement des malades , l\u2019information des milieux m\u00e9dicaux pour les sensibiliser \u00e0 cette maladie mal connue est un de nos principaux objectifs. Il est difficilement acceptable de constater qu\u2019\u00e0 notre \u00e9poque des personnes malades ne sont pas prises en charge par certains m\u00e9decins par simple m\u00e9connaissance de leur syndrome et que de ce fait nombreux sont ceux qui ne sont pas, ou tr\u00e8s tardivement, diagnostiqu\u00e9s.<\/p>\n<p>Aujourd\u2019hui, gr\u00e2ce \u00e0 la pr\u00e9sence de C\u00e9cile dans diff\u00e9rentes \u00e9missions de t\u00e9l\u00e9vision ( T\u00e9l\u00e9thon, \u00ab\u00a0\u00e7a se discute\u00a0\u00bb, \u00ab\u00a0reportages\u00a0\u00bb\u2026\u2026) et \u00e0 notre site internet nous avons pu nous conna\u00eetre, nous regrouper, \u00e9changer nos larmes et nos rires, rompre la solitude dans laquelle chacun vivait, mais aussi et surtout continuer \u00e0 aider la recherche . Beaucoup de travail a d\u00e9j\u00e0 \u00e9t\u00e9 fait, mais beaucoup nous attend encore &#8230;&#8230;&#8230;..<\/p>\n<h5><span style=\"color: #db0931;\">Nous avons besoin de vous.<\/span><\/h5>\n<p>Nous prenons l\u2019engagement de vous tenir inform\u00e9s de tout ce qui touche de pr\u00e8s ou de loin \u00e0 la CUTIS LAXA.<\/p>\n<\/div><\/section><\/p><\/div><div class=\"flex_column av_one_fifth  flex_column_div av-zero-column-padding   avia-builder-el-5  el_after_av_three_fifth  el_before_av_one_fifth  \" style='border-radius:0px; '><\/div><div class=\"flex_column av_one_fifth  flex_column_div av-zero-column-padding first  avia-builder-el-6  el_after_av_one_fifth  el_before_av_three_fifth  column-top-margin\" style='border-radius:0px; '><\/div><div class=\"flex_column av_three_fifth  flex_column_div   avia-builder-el-7  el_after_av_one_fifth  el_before_av_one_fifth  column-top-margin\" style='border-width:3px; border-color:#37a1be; border-style:solid; padding:10px; background-color:#ffffff; border-radius:0; '><section class=\"av_textblock_section \"  itemscope=\"itemscope\" itemtype=\"https:\/\/schema.org\/CreativeWork\" ><div class='avia_textblock  av_inherit_color '  style='font-size:15px; '  itemprop=\"text\" ><p style=\"text-align: center;\">Vous souhaitez nous aider :<\/p>\n<p style=\"text-align: center;\">remplissez le formulaire ci-dessous et demandez-nous nos coordonn\u00e9es bancaires (IBAN) par email \u00e0 mcjlboiteux@aol.com<strong><br \/>\n<\/strong><\/p>\n<p style=\"text-align: center;\">Nous avons du retirer nos coordonn\u00e9es bancaires de notre site en raison d&rsquo;actes malveillants sur notre compte bancaire.<\/p>\n<p style=\"text-align: center;\">Vous pouvez n\u00e9anmoins adh\u00e9rer en ligne via notre page du site HelloAsso \u00e0 l&rsquo;aide du lien ci-dessous<\/p>\n<p style=\"text-align: center;\"><a href=\"https:\/\/www.helloasso.com\/associations\/cutis-laxa-internationale\/adhesions\">Adh\u00e9rer via HelloAsso<\/a><\/p>\n<\/div><\/section><br \/>\n<span  class=\"av_font_icon avia_animate_when_visible avia-icon-animate  av-icon-style-  avia-icon-pos-center \" style=\"color:#37a1be; border-color:#37a1be;\"><span class='av-icon-char' style='font-size:40px;line-height:40px;' aria-hidden='true' data-av_icon='\ue87b' data-av_iconfont='entypo-fontello' ><\/span><\/span><\/p><\/div><div class=\"flex_column av_one_fifth  flex_column_div av-zero-column-padding   avia-builder-el-10  el_after_av_three_fifth  avia-builder-el-last  column-top-margin\" style='border-radius:0px; '><\/div><\/div><\/div><\/main><!-- close content main element --><\/div><\/div><div id='av_section_2'  class='avia-section main_color avia-section-default avia-no-shadow  av-section-color-overlay-active avia-bg-style-scroll  avia-builder-el-11  el_after_av_section  avia-builder-el-last   container_wrap fullsize' style='background-color: #32bad8;  '  ><div class='av-section-color-overlay-wrap'><div class='av-section-color-overlay' style='opacity: 0.5; background-color: #ffffff; '><\/div><div class='container' ><div class='template-page content  av-content-full alpha units'><div class='post-entry post-entry-type-page post-entry-4314'><div class='entry-content-wrapper clearfix'>\n<div class=\"flex_column av_one_fifth  flex_column_div av-zero-column-padding first  avia-builder-el-12  el_before_av_three_fifth  avia-builder-el-first  \" style='border-radius:0px; '><\/div><div class=\"flex_column av_three_fifth  flex_column_div av-zero-column-padding   avia-builder-el-13  el_after_av_one_fifth  el_before_av_one_fifth  \" style='border-radius:0px; '><p><form action=\"https:\/\/www.cutislaxa.org\/fr\/donation-page\/\" method=\"post\"  class=\"avia_ajax_form av-form-labels-hidden   avia-builder-el-14  el_before_av_textblock  avia-builder-el-first   \" data-avia-form-id=\"1\" data-avia-redirect='' ><fieldset><div id='avia_1_1' class='av-form-text'><\/p>\n<div id=\"avia_7_1\" class=\"av-form-text\">\n<h3><strong>Vous souhaitez nous aider :<\/strong><\/h3>\n<\/div>\n<p>\n<\/div><p class=' first_form  form_element form_fullwidth' id='element_avia_2_1'>    <input  name=\"avia_2_1\" class=\"input_checkbox \" type=\"checkbox\" id=\"avia_2_1\" value=\"true\"\/><label class=\"input_checkbox_label\" for=\"avia_2_1\">Souhaite, par son adh\u00e9sion de 30 \u20ac, soutenir l\u2019action de Cutis Laxa Internationale <\/label><\/p><p class=' first_form  form_element form_fullwidth' id='element_avia_3_1'>    <input  name=\"avia_3_1\" class=\"input_checkbox \" type=\"checkbox\" id=\"avia_3_1\" value=\"true\"\/><label class=\"input_checkbox_label\" for=\"avia_3_1\">Souhaite faire un don <\/label><\/p><p class='  first_form  form_element form_fullwidth' id='element_avia_4_1'><label for=\"avia_4_1\">Nom <abbr class=\"required\" title=\"requis(e)\">*<\/abbr><\/label> <input name=\"avia_4_1\" class=\"text_input is_empty\" type=\"text\" id=\"avia_4_1\" value=\"\"  placeholder='Nom*'\/><\/p><p class='  first_form  form_element form_fullwidth' id='element_avia_5_1'><label for=\"avia_5_1\">Adresse<\/label> <input name=\"avia_5_1\" class=\"text_input \" type=\"text\" id=\"avia_5_1\" value=\"\"  placeholder='Adresse'\/><\/p><p class='  first_form  form_element form_element_fourth' id='element_avia_6_1'><label for=\"avia_6_1\">Code Postale<\/label> <input name=\"avia_6_1\" class=\"text_input \" type=\"text\" id=\"avia_6_1\" value=\"\"  placeholder='Code Postale'\/><\/p><p class='  form_element form_element_three_fourth' id='element_avia_7_1'><label for=\"avia_7_1\">Ville<\/label> <input name=\"avia_7_1\" class=\"text_input \" type=\"text\" id=\"avia_7_1\" value=\"\"  placeholder='Ville'\/><\/p><p class='  first_form  form_element form_fullwidth' id='element_avia_8_1'><label for=\"avia_8_1\">Country<\/label> <input name=\"avia_8_1\" class=\"text_input \" type=\"text\" id=\"avia_8_1\" value=\"\"  placeholder='Country'\/><\/p><p class='  first_form  form_element form_fullwidth' id='element_avia_9_1'><label for=\"avia_9_1\">E-Mail<\/label> <input name=\"avia_9_1\" class=\"text_input \" type=\"text\" id=\"avia_9_1\" value=\"\"  placeholder='E-Mail'\/><\/p><p class=\"hidden\"><input type=\"text\" name=\"avia_10_1\" class=\"hidden \" id=\"avia_10_1\" value=\"\" \/><\/p><p class='av_form_privacy_check av_contact_privacy_check first_form  form_element form_fullwidth' id='element_avia_11_1'>    <input  name=\"avia_11_1\" class=\"input_checkbox is_empty\" type=\"checkbox\" id=\"avia_11_1\" value=\"true\"\/><label class=\"input_checkbox_label\" for=\"avia_11_1\">J\u2019ai lu et j\u2019accepte les conditions mentionn\u00e9es dans la <a href='https:\/\/www.cutislaxa.org\/privacy-policy\/' target='_blank' rel=\"noopener\">politique de confidentialit\u00e9<\/a> du site de CUTIS LAXA INTERNATIONALE (lien direct vers la page mentions l\u00e9gales et politique de confidentialit\u00e9) <abbr class=\"required\" title=\"requis(e)\">*<\/abbr><\/label><\/p><p class=\"form_element \"><input type=\"hidden\" value=\"1\" name=\"avia_generated_form1\" \/><input type=\"submit\" value=\"Envoyer\" class=\"button\"  data-sending-label=\"Envoi\"\/><\/p><\/fieldset><\/form><div id=\"ajaxresponse_1\" class=\"ajaxresponse ajaxresponse_1 hidden\"><\/div><br \/>\n<section class=\"av_textblock_section \"  itemscope=\"itemscope\" itemtype=\"https:\/\/schema.org\/CreativeWork\" ><div class='avia_textblock  '   itemprop=\"text\" ><p style=\"text-align: center;\">CUTIS LAXA INTERNATIONALE<br \/>\n138 Impasse Champs Gervais<br \/>\nF-74890 &#8211; Bons en Chablais<br \/>\nFrance<\/p>\n<p style=\"text-align: center;\">IBAN : FR76 1240 6001 2400 1806 3980 297<br \/>\nBIC : AGRIFRPP824<\/p>\n<\/div><\/section><br \/>\n<div  style='height:20px' class='hr hr-invisible   avia-builder-el-16  el_after_av_textblock  el_before_av_textblock '><span class='hr-inner ' ><span class='hr-inner-style'><\/span><\/span><\/div><br \/>\n<section class=\"av_textblock_section \"  itemscope=\"itemscope\" itemtype=\"https:\/\/schema.org\/CreativeWork\" ><div class='avia_textblock  '  style='font-size:13px; '  itemprop=\"text\" ><p>Un re\u00e7u fiscal vous sera adress\u00e9 pour le montant de votre ch\u00e8que (adh\u00e9sion et\/ou don). Ce re\u00e7u, joint \u00e0 votre d\u00e9claration de revenus vous permettra d&rsquo;avoir une d\u00e9duction fiscale de 60% du montant de votre ch\u00e8que. Ainsi, un ch\u00e8que de 100 \u20ac ne vous revient qu\u2019\u00e0 40 \u20ac apr\u00e8s la d\u00e9duction fiscale et nous permet d\u2019agir deux fois plus.<\/p>\n<\/div><\/section><br \/>\n<section class=\"av_textblock_section \"  itemscope=\"itemscope\" itemtype=\"https:\/\/schema.org\/CreativeWork\" ><div class='avia_textblock  '  style='font-size:10px; '  itemprop=\"text\" ><p>Les informations recueillies ici sont n\u00e9cessaires pour la gestion administrative de votre adh\u00e9sion et\/ou don. Elles font l\u2019objet d\u2019un traitement informatique et sont destin\u00e9es au secr\u00e9tariat de l\u2019association. En application des articles 39 et suivants de la loi du 6 janvier 1978 modifi\u00e9e, vous b\u00e9n\u00e9ficiez d\u2019un droit d\u2019acc\u00e8s et de rectification aux informations qui vous concernent,\u00a0 en vous adressant directement au si\u00e8ge de notre Association (adresse mentionn\u00e9e ci-dessus). Vous pouvez \u00e9galement, et \u00e0 tout moment, vous d\u00e9sabonner de l\u2019envoi \u00e9lectronique de notre newsletter\u00a0 en nous adressant un email avec la mention \u00ab se d\u00e9sabonner \u00bb \u00e0 : <a href=\"mailto:mcjlboiteux@aol.com\">mcjlboiteux@aol.com<\/a><\/p>\n<p><em>\u00a0<\/em><\/p>\n<\/div><\/section><\/p><\/div><div class=\"flex_column av_one_fifth  flex_column_div av-zero-column-padding   avia-builder-el-19  el_after_av_three_fifth  avia-builder-el-last  \" style='border-radius:0px; '><\/div>\n<\/p>\n","protected":false},"excerpt":{"rendered":"","protected":false},"author":1,"featured_media":0,"parent":0,"menu_order":0,"comment_status":"closed","ping_status":"closed","template":"","meta":{"footnotes":""},"class_list":["post-4314","page","type-page","status-publish","hentry"],"yoast_head":"<!-- This site is optimized with the Yoast SEO plugin v22.0 - https:\/\/yoast.com\/wordpress\/plugins\/seo\/ -->\n<title>Donation Page - CUTIS LAXA INTERNATIONALE<\/title>\n<meta name=\"robots\" content=\"index, follow, max-snippet:-1, max-image-preview:large, max-video-preview:-1\" \/>\n<link rel=\"canonical\" href=\"https:\/\/www.cutislaxa.org\/fr\/donation-page\/\" \/>\n<meta property=\"og:locale\" content=\"fr_FR\" \/>\n<meta property=\"og:type\" content=\"article\" \/>\n<meta property=\"og:title\" content=\"Donation Page - CUTIS LAXA INTERNATIONALE\" \/>\n<meta property=\"og:url\" content=\"https:\/\/www.cutislaxa.org\/fr\/donation-page\/\" \/>\n<meta property=\"og:site_name\" content=\"CUTIS LAXA INTERNATIONALE\" \/>\n<meta property=\"article:publisher\" content=\"https:\/\/www.facebook.com\/CutisLaxaAssociation\/\" \/>\n<meta property=\"article:modified_time\" content=\"2024-12-11T10:52:59+00:00\" \/>\n<meta name=\"twitter:card\" content=\"summary_large_image\" \/>\n<meta name=\"twitter:label1\" content=\"Dur\u00e9e de lecture estim\u00e9e\" \/>\n\t<meta name=\"twitter:data1\" content=\"4 minutes\" \/>\n<script type=\"application\/ld+json\" class=\"yoast-schema-graph\">{\"@context\":\"https:\/\/schema.org\",\"@graph\":[{\"@type\":\"WebPage\",\"@id\":\"https:\/\/www.cutislaxa.org\/fr\/donation-page\/\",\"url\":\"https:\/\/www.cutislaxa.org\/fr\/donation-page\/\",\"name\":\"Donation Page - CUTIS LAXA INTERNATIONALE\",\"isPartOf\":{\"@id\":\"https:\/\/www.cutislaxa.org\/#website\"},\"datePublished\":\"2018-02-16T17:17:03+00:00\",\"dateModified\":\"2024-12-11T10:52:59+00:00\",\"breadcrumb\":{\"@id\":\"https:\/\/www.cutislaxa.org\/fr\/donation-page\/#breadcrumb\"},\"inLanguage\":\"fr-FR\",\"potentialAction\":[{\"@type\":\"ReadAction\",\"target\":[\"https:\/\/www.cutislaxa.org\/fr\/donation-page\/\"]}]},{\"@type\":\"BreadcrumbList\",\"@id\":\"https:\/\/www.cutislaxa.org\/fr\/donation-page\/#breadcrumb\",\"itemListElement\":[{\"@type\":\"ListItem\",\"position\":1,\"name\":\"Home\",\"item\":\"https:\/\/www.cutislaxa.org\/fr\/accueil\/\"},{\"@type\":\"ListItem\",\"position\":2,\"name\":\"Donation Page\"}]},{\"@type\":\"WebSite\",\"@id\":\"https:\/\/www.cutislaxa.org\/#website\",\"url\":\"https:\/\/www.cutislaxa.org\/\",\"name\":\"CUTIS LAXA INTERNATIONALE\",\"description\":\"\",\"publisher\":{\"@id\":\"https:\/\/www.cutislaxa.org\/#organization\"},\"potentialAction\":[{\"@type\":\"SearchAction\",\"target\":{\"@type\":\"EntryPoint\",\"urlTemplate\":\"https:\/\/www.cutislaxa.org\/?s={search_term_string}\"},\"query-input\":\"required name=search_term_string\"}],\"inLanguage\":\"fr-FR\"},{\"@type\":\"Organization\",\"@id\":\"https:\/\/www.cutislaxa.org\/#organization\",\"name\":\"Cutis Laxa Internationale\",\"url\":\"https:\/\/www.cutislaxa.org\/\",\"logo\":{\"@type\":\"ImageObject\",\"inLanguage\":\"fr-FR\",\"@id\":\"https:\/\/www.cutislaxa.org\/#\/schema\/logo\/image\/\",\"url\":\"https:\/\/www.cutislaxa.org\/wp-content\/uploads\/2017\/12\/NEW-LOGO-CLI-4.png\",\"contentUrl\":\"https:\/\/www.cutislaxa.org\/wp-content\/uploads\/2017\/12\/NEW-LOGO-CLI-4.png\",\"width\":417,\"height\":120,\"caption\":\"Cutis Laxa Internationale\"},\"image\":{\"@id\":\"https:\/\/www.cutislaxa.org\/#\/schema\/logo\/image\/\"},\"sameAs\":[\"https:\/\/www.facebook.com\/CutisLaxaAssociation\/\"]}]}<\/script>\n<!-- \/ Yoast SEO plugin. -->","yoast_head_json":{"title":"Donation Page - CUTIS LAXA INTERNATIONALE","robots":{"index":"index","follow":"follow","max-snippet":"max-snippet:-1","max-image-preview":"max-image-preview:large","max-video-preview":"max-video-preview:-1"},"canonical":"https:\/\/www.cutislaxa.org\/fr\/donation-page\/","og_locale":"fr_FR","og_type":"article","og_title":"Donation Page - CUTIS LAXA INTERNATIONALE","og_url":"https:\/\/www.cutislaxa.org\/fr\/donation-page\/","og_site_name":"CUTIS LAXA INTERNATIONALE","article_publisher":"https:\/\/www.facebook.com\/CutisLaxaAssociation\/","article_modified_time":"2024-12-11T10:52:59+00:00","twitter_card":"summary_large_image","twitter_misc":{"Dur\u00e9e de lecture estim\u00e9e":"4 minutes"},"schema":{"@context":"https:\/\/schema.org","@graph":[{"@type":"WebPage","@id":"https:\/\/www.cutislaxa.org\/fr\/donation-page\/","url":"https:\/\/www.cutislaxa.org\/fr\/donation-page\/","name":"Donation Page - CUTIS LAXA INTERNATIONALE","isPartOf":{"@id":"https:\/\/www.cutislaxa.org\/#website"},"datePublished":"2018-02-16T17:17:03+00:00","dateModified":"2024-12-11T10:52:59+00:00","breadcrumb":{"@id":"https:\/\/www.cutislaxa.org\/fr\/donation-page\/#breadcrumb"},"inLanguage":"fr-FR","potentialAction":[{"@type":"ReadAction","target":["https:\/\/www.cutislaxa.org\/fr\/donation-page\/"]}]},{"@type":"BreadcrumbList","@id":"https:\/\/www.cutislaxa.org\/fr\/donation-page\/#breadcrumb","itemListElement":[{"@type":"ListItem","position":1,"name":"Home","item":"https:\/\/www.cutislaxa.org\/fr\/accueil\/"},{"@type":"ListItem","position":2,"name":"Donation Page"}]},{"@type":"WebSite","@id":"https:\/\/www.cutislaxa.org\/#website","url":"https:\/\/www.cutislaxa.org\/","name":"CUTIS LAXA INTERNATIONALE","description":"","publisher":{"@id":"https:\/\/www.cutislaxa.org\/#organization"},"potentialAction":[{"@type":"SearchAction","target":{"@type":"EntryPoint","urlTemplate":"https:\/\/www.cutislaxa.org\/?s={search_term_string}"},"query-input":"required name=search_term_string"}],"inLanguage":"fr-FR"},{"@type":"Organization","@id":"https:\/\/www.cutislaxa.org\/#organization","name":"Cutis Laxa Internationale","url":"https:\/\/www.cutislaxa.org\/","logo":{"@type":"ImageObject","inLanguage":"fr-FR","@id":"https:\/\/www.cutislaxa.org\/#\/schema\/logo\/image\/","url":"https:\/\/www.cutislaxa.org\/wp-content\/uploads\/2017\/12\/NEW-LOGO-CLI-4.png","contentUrl":"https:\/\/www.cutislaxa.org\/wp-content\/uploads\/2017\/12\/NEW-LOGO-CLI-4.png","width":417,"height":120,"caption":"Cutis Laxa Internationale"},"image":{"@id":"https:\/\/www.cutislaxa.org\/#\/schema\/logo\/image\/"},"sameAs":["https:\/\/www.facebook.com\/CutisLaxaAssociation\/"]}]}},"_links":{"self":[{"href":"https:\/\/www.cutislaxa.org\/fr\/wp-json\/wp\/v2\/pages\/4314","targetHints":{"allow":["GET"]}}],"collection":[{"href":"https:\/\/www.cutislaxa.org\/fr\/wp-json\/wp\/v2\/pages"}],"about":[{"href":"https:\/\/www.cutislaxa.org\/fr\/wp-json\/wp\/v2\/types\/page"}],"author":[{"embeddable":true,"href":"https:\/\/www.cutislaxa.org\/fr\/wp-json\/wp\/v2\/users\/1"}],"replies":[{"embeddable":true,"href":"https:\/\/www.cutislaxa.org\/fr\/wp-json\/wp\/v2\/comments?post=4314"}],"version-history":[{"count":18,"href":"https:\/\/www.cutislaxa.org\/fr\/wp-json\/wp\/v2\/pages\/4314\/revisions"}],"predecessor-version":[{"id":16763,"href":"https:\/\/www.cutislaxa.org\/fr\/wp-json\/wp\/v2\/pages\/4314\/revisions\/16763"}],"wp:attachment":[{"href":"https:\/\/www.cutislaxa.org\/fr\/wp-json\/wp\/v2\/media?parent=4314"}],"curies":[{"name":"wp","href":"https:\/\/api.w.org\/{rel}","templated":true}]}}