{"id":3677,"date":"2017-12-28T19:37:57","date_gmt":"2017-12-28T19:37:57","guid":{"rendered":"http:\/\/www.cutislaxa.org\/a-propos\/the-story-of-our-association\/"},"modified":"2018-03-11T14:30:42","modified_gmt":"2018-03-11T14:30:42","slug":"the-story-of-our-association","status":"publish","type":"page","link":"https:\/\/www.cutislaxa.org\/fr\/a-propos\/the-story-of-our-association\/","title":{"rendered":"Histoire de notre Association"},"content":{"rendered":"<div class=\"flex_column av_one_full  flex_column_div av-zero-column-padding first  avia-builder-el-0  el_before_av_one_fifth  avia-builder-el-first  \" style='border-radius:0px; '><div  style='padding-bottom:10px; font-size:70px;' class='av-special-heading av-special-heading-h1  blockquote modern-quote modern-centered  avia-builder-el-1  avia-builder-el-no-sibling  av-inherit-size '><h1 class='av-special-heading-tag '  itemprop=\"headline\"  >Histoire de notre Association<\/h1><div class='special-heading-border'><div class='special-heading-inner-border' ><\/div><\/div><\/div><\/div><div class=\"flex_column av_one_fifth  flex_column_div av-zero-column-padding first  avia-builder-el-2  el_after_av_one_full  el_before_av_three_fifth  column-top-margin\" style='border-radius:0px; '><\/div><\/p>\n<div class=\"flex_column av_three_fifth  flex_column_div av-zero-column-padding   avia-builder-el-3  el_after_av_one_fifth  el_before_av_one_fifth  column-top-margin\" style='border-radius:0px; '><section class=\"av_textblock_section \"  itemscope=\"itemscope\" itemtype=\"https:\/\/schema.org\/CreativeWork\" ><div class='avia_textblock  '   itemprop=\"text\" ><p>En Octobre 1990 est n\u00e9e C\u00e9cile. Pendant les deux premi\u00e8res ann\u00e9es de sa vie, rien ne laissait supposer qu\u2019elle \u00e9tait atteinte d\u2019une maladie g\u00e9n\u00e9tique rare. Pourtant, Jean-Louis, son papa, trouvait que sa peau n\u2019\u00e9tait pas tout \u00e0 fait normale, trop souple, trop l\u00e2che, comme si elle \u00e9tait un peu trop grande. Alors, Jean-louis et moi avons d\u00e9cid\u00e9 de consulter un dermatologue.<\/p>\n<p>Heureusement pour nous, nous avons frapp\u00e9 \u00e0 la bonne porte\u00a0: l\u2019H\u00f4pital Saint-Louis \u00e0 Paris. L\u00e0, Madame le Docteur Blanchet-Bardon n\u2019a pas h\u00e9sit\u00e9 une seconde\u00a0: C\u00e9cile est atteinte d\u2019une maladie g\u00e9n\u00e9tique rare, la CUTIS LAXA.\u00a0Apr\u00e8s toutes les questions d\u2019ordre m\u00e9dical, notre premi\u00e8re demande a \u00e9t\u00e9 de rencontrer d\u2019autres malades.<\/p>\n<p>Malheureusement, \u00e0 cette \u00e9poque, C\u00e9cile est le seul cas connu de Madame Blanchet-Bardon et il n\u2019existe aucune Association pour cette maladie. Nous nous retrouvons seuls, face \u00e0 l\u2019inconnu de la maladie,\u00a0 incapables de partager avec qui que ce soit tout ce bouleversement dans nos vies. Quel avenir pouvons-nous projeter\u00a0pour notre fille\u00a0? Quelles difficult\u00e9s allons-nous devoir affronter\u00a0? Personne ne peut nous aider hors du contexte m\u00e9dical pur. Ann\u00e9es difficiles o\u00f9 il nous a fallu apprendre \u00e0 vivre avec le regard des autres et apprendre \u00e0 C\u00e9cile \u00e0 \u00eatre forte face \u00e0 ces regards. Toutes nos tentatives aupr\u00e8s de diff\u00e9rents organismes pour entrer en contact avec d\u2019autres malades restent vaines. Mais je gardais en moi l\u2019espoir qu\u2019un jour peut-\u00eatre &#8230;<\/p>\n<p>10 Ann\u00e9es ont pass\u00e9 depuis la naissance de C\u00e9cile. Le TELETHON, que nous suivons fid\u00e8lement depuis toujours, installe ses cam\u00e9ras sur l\u2019Ile de R\u00e9 o\u00f9 nous habitons. C\u2019est l\u2019occasion pour nous et surtout pour C\u00e9cile de participer plus activement, plus concr\u00e8tement que par le pass\u00e9. Elle participe \u00e0 deux reportages o\u00f9 son dynamisme et sa joie de vivre \u00e9clatent au grand jour. La motivation dont C\u00e9cile fait preuve nous pousse \u00e0 reprendre nos d\u00e9marches pour trouver d\u2019autres malades. L\u2019informatique est entr\u00e9e depuis peu chez nous et, gr\u00e2ce \u00e0 Internet, je trouve enfin sur un site am\u00e9ricain de mise en relations de familles (MUMS : <a href=\"http:\/\/www.netnet.net\/mums\/\" target=\"_blank\" rel=\"noopener\">www.netnet.net\/mums\/<\/a>) la mention de 2 cas de Cutis Laxa (1 au Japon et 1 aux Etats-Unis). Je n\u2019en crois pas mes yeux. Enfin nous ne sommes plus seuls. Stimul\u00e9e par cette d\u00e9couverte, je visite d\u2019autres sites et trouve de la m\u00eame mani\u00e8re 1 cas en Irlande du Nord (Contact a family : <a href=\"http:\/\/www.cafamily.org\" target=\"_blank\" rel=\"noopener\">www.cafamily.org<\/a>).<\/p>\n<p>Nous \u00e9changeons nos premiers e-mails avec une \u00e9motion intense. Des liens d\u2019amiti\u00e9 se nouent. Nous partageons nos rires et nos larmes. Mais nous sommes aux 4 coins du monde et la barri\u00e8re de la langue ne facilite pas les \u00e9changes.<\/p>\n<p>Dans la r\u00e9gion d\u2019Angoul\u00eame, M\u00e9lissa et ses parents ont vu C\u00e9cile \u00e0 la t\u00e9l\u00e9vision pendant le T\u00e9l\u00e9thon. Depuis 14 ans, ils sont seuls, eux aussi, face \u00e0 la Cutis Laxa. Ils r\u00e9ussissent \u00e0 nous faire parvenir une lettre. C\u2019est sur un lit d\u2019h\u00f4pital que C\u00e9cile apprend qu\u2019elle n\u2019est plus seule en France et elle en pleure de joie.<\/p>\n<p>En Bretagne, Tifenn aussi a vu C\u00e9cile. Elle prend contact avec nous.<\/p>\n<p>Nos premi\u00e8res rencontres furent tr\u00e8s fortes, pleines d\u2019\u00e9motions et de joie.<\/p>\n<p>Gr\u00e2ce \u00e0 la pr\u00e9sence de C\u00e9cile dans l\u2019\u00e9mission \u00ab\u00a0Ca se discute\u00a0\u00bb, Nathalie et Mireille nous rejoignent.<\/p>\n<p>Nous sommes maintenant un petit groupe de 8 familles (5 en France et 3 \u00e0 l\u2019\u00e9tranger) et nous comptons 9 malades.<\/p>\n<p>Le 11 Novembre 2001, nous cr\u00e9ons\u00a0 \u00ab\u00a0CUTIS LAXA INTERNATIONALE\u00a0\u00bb, pour qu\u2019enfin cesse la solitude d\u00e9sesp\u00e9rante des malades atteints de la Cutis Laxa.<\/p>\n<p>Aujourd\u2019hui, d\u2019autres malades nous ont rejoints, au Japon, en Cor\u00e9e, en Australie, aux Etats-Unis, au Mexique, en Iran, au Liban, en Grande-Bretagne, en Irlande du Nord, en Allemagne, &#8230;&#8230;&#8230;&#8230;&#8230;&#8230;. et en France.\u00a0 D\u2019autres nous rejoindront, j\u2019en suis certaine.<\/p>\n<p><strong>Marie-Claude BOITEUX, <\/strong><\/p>\n<p><em>Pr\u00e9sidente de Cutis Laxa Internationale<\/em><\/p>\n<\/div><\/section><\/div><div class=\"flex_column av_one_fifth  flex_column_div av-zero-column-padding   avia-builder-el-5  el_after_av_three_fifth  avia-builder-el-last  column-top-margin\" style='border-radius:0px; '><\/div><\/p>\n","protected":false},"excerpt":{"rendered":"","protected":false},"author":1,"featured_media":0,"parent":3412,"menu_order":0,"comment_status":"closed","ping_status":"closed","template":"","meta":{"footnotes":""},"class_list":["post-3677","page","type-page","status-publish","hentry"],"yoast_head":"<!-- This site is optimized with the Yoast SEO plugin v22.0 - https:\/\/yoast.com\/wordpress\/plugins\/seo\/ -->\n<title>Histoire de notre Association - CUTIS LAXA INTERNATIONALE<\/title>\n<meta name=\"robots\" content=\"index, follow, max-snippet:-1, max-image-preview:large, max-video-preview:-1\" \/>\n<link rel=\"canonical\" href=\"https:\/\/www.cutislaxa.org\/fr\/a-propos\/the-story-of-our-association\/\" \/>\n<meta property=\"og:locale\" content=\"fr_FR\" \/>\n<meta property=\"og:type\" content=\"article\" \/>\n<meta property=\"og:title\" content=\"Histoire de notre Association - CUTIS LAXA INTERNATIONALE\" \/>\n<meta property=\"og:url\" content=\"https:\/\/www.cutislaxa.org\/fr\/a-propos\/the-story-of-our-association\/\" \/>\n<meta property=\"og:site_name\" content=\"CUTIS LAXA INTERNATIONALE\" \/>\n<meta property=\"article:publisher\" content=\"https:\/\/www.facebook.com\/CutisLaxaAssociation\/\" \/>\n<meta property=\"article:modified_time\" content=\"2018-03-11T14:30:42+00:00\" \/>\n<meta name=\"twitter:card\" content=\"summary_large_image\" \/>\n<meta name=\"twitter:label1\" content=\"Dur\u00e9e de lecture estim\u00e9e\" \/>\n\t<meta name=\"twitter:data1\" content=\"5 minutes\" \/>\n<script type=\"application\/ld+json\" class=\"yoast-schema-graph\">{\"@context\":\"https:\/\/schema.org\",\"@graph\":[{\"@type\":\"WebPage\",\"@id\":\"https:\/\/www.cutislaxa.org\/fr\/a-propos\/the-story-of-our-association\/\",\"url\":\"https:\/\/www.cutislaxa.org\/fr\/a-propos\/the-story-of-our-association\/\",\"name\":\"Histoire de notre Association - CUTIS LAXA INTERNATIONALE\",\"isPartOf\":{\"@id\":\"https:\/\/www.cutislaxa.org\/#website\"},\"datePublished\":\"2017-12-28T19:37:57+00:00\",\"dateModified\":\"2018-03-11T14:30:42+00:00\",\"breadcrumb\":{\"@id\":\"https:\/\/www.cutislaxa.org\/fr\/a-propos\/the-story-of-our-association\/#breadcrumb\"},\"inLanguage\":\"fr-FR\",\"potentialAction\":[{\"@type\":\"ReadAction\",\"target\":[\"https:\/\/www.cutislaxa.org\/fr\/a-propos\/the-story-of-our-association\/\"]}]},{\"@type\":\"BreadcrumbList\",\"@id\":\"https:\/\/www.cutislaxa.org\/fr\/a-propos\/the-story-of-our-association\/#breadcrumb\",\"itemListElement\":[{\"@type\":\"ListItem\",\"position\":1,\"name\":\"Home\",\"item\":\"https:\/\/www.cutislaxa.org\/fr\/accueil\/\"},{\"@type\":\"ListItem\",\"position\":2,\"name\":\"\u00c0 propos\",\"item\":\"https:\/\/www.cutislaxa.org\/fr\/a-propos\/\"},{\"@type\":\"ListItem\",\"position\":3,\"name\":\"Histoire de notre Association\"}]},{\"@type\":\"WebSite\",\"@id\":\"https:\/\/www.cutislaxa.org\/#website\",\"url\":\"https:\/\/www.cutislaxa.org\/\",\"name\":\"CUTIS LAXA INTERNATIONALE\",\"description\":\"\",\"publisher\":{\"@id\":\"https:\/\/www.cutislaxa.org\/#organization\"},\"potentialAction\":[{\"@type\":\"SearchAction\",\"target\":{\"@type\":\"EntryPoint\",\"urlTemplate\":\"https:\/\/www.cutislaxa.org\/?s={search_term_string}\"},\"query-input\":\"required name=search_term_string\"}],\"inLanguage\":\"fr-FR\"},{\"@type\":\"Organization\",\"@id\":\"https:\/\/www.cutislaxa.org\/#organization\",\"name\":\"Cutis Laxa Internationale\",\"url\":\"https:\/\/www.cutislaxa.org\/\",\"logo\":{\"@type\":\"ImageObject\",\"inLanguage\":\"fr-FR\",\"@id\":\"https:\/\/www.cutislaxa.org\/#\/schema\/logo\/image\/\",\"url\":\"https:\/\/www.cutislaxa.org\/wp-content\/uploads\/2017\/12\/NEW-LOGO-CLI-4.png\",\"contentUrl\":\"https:\/\/www.cutislaxa.org\/wp-content\/uploads\/2017\/12\/NEW-LOGO-CLI-4.png\",\"width\":417,\"height\":120,\"caption\":\"Cutis Laxa Internationale\"},\"image\":{\"@id\":\"https:\/\/www.cutislaxa.org\/#\/schema\/logo\/image\/\"},\"sameAs\":[\"https:\/\/www.facebook.com\/CutisLaxaAssociation\/\"]}]}<\/script>\n<!-- \/ Yoast SEO plugin. -->","yoast_head_json":{"title":"Histoire de notre Association - CUTIS LAXA INTERNATIONALE","robots":{"index":"index","follow":"follow","max-snippet":"max-snippet:-1","max-image-preview":"max-image-preview:large","max-video-preview":"max-video-preview:-1"},"canonical":"https:\/\/www.cutislaxa.org\/fr\/a-propos\/the-story-of-our-association\/","og_locale":"fr_FR","og_type":"article","og_title":"Histoire de notre Association - CUTIS LAXA INTERNATIONALE","og_url":"https:\/\/www.cutislaxa.org\/fr\/a-propos\/the-story-of-our-association\/","og_site_name":"CUTIS LAXA INTERNATIONALE","article_publisher":"https:\/\/www.facebook.com\/CutisLaxaAssociation\/","article_modified_time":"2018-03-11T14:30:42+00:00","twitter_card":"summary_large_image","twitter_misc":{"Dur\u00e9e de lecture estim\u00e9e":"5 minutes"},"schema":{"@context":"https:\/\/schema.org","@graph":[{"@type":"WebPage","@id":"https:\/\/www.cutislaxa.org\/fr\/a-propos\/the-story-of-our-association\/","url":"https:\/\/www.cutislaxa.org\/fr\/a-propos\/the-story-of-our-association\/","name":"Histoire de notre Association - CUTIS LAXA INTERNATIONALE","isPartOf":{"@id":"https:\/\/www.cutislaxa.org\/#website"},"datePublished":"2017-12-28T19:37:57+00:00","dateModified":"2018-03-11T14:30:42+00:00","breadcrumb":{"@id":"https:\/\/www.cutislaxa.org\/fr\/a-propos\/the-story-of-our-association\/#breadcrumb"},"inLanguage":"fr-FR","potentialAction":[{"@type":"ReadAction","target":["https:\/\/www.cutislaxa.org\/fr\/a-propos\/the-story-of-our-association\/"]}]},{"@type":"BreadcrumbList","@id":"https:\/\/www.cutislaxa.org\/fr\/a-propos\/the-story-of-our-association\/#breadcrumb","itemListElement":[{"@type":"ListItem","position":1,"name":"Home","item":"https:\/\/www.cutislaxa.org\/fr\/accueil\/"},{"@type":"ListItem","position":2,"name":"\u00c0 propos","item":"https:\/\/www.cutislaxa.org\/fr\/a-propos\/"},{"@type":"ListItem","position":3,"name":"Histoire de notre Association"}]},{"@type":"WebSite","@id":"https:\/\/www.cutislaxa.org\/#website","url":"https:\/\/www.cutislaxa.org\/","name":"CUTIS LAXA INTERNATIONALE","description":"","publisher":{"@id":"https:\/\/www.cutislaxa.org\/#organization"},"potentialAction":[{"@type":"SearchAction","target":{"@type":"EntryPoint","urlTemplate":"https:\/\/www.cutislaxa.org\/?s={search_term_string}"},"query-input":"required name=search_term_string"}],"inLanguage":"fr-FR"},{"@type":"Organization","@id":"https:\/\/www.cutislaxa.org\/#organization","name":"Cutis Laxa Internationale","url":"https:\/\/www.cutislaxa.org\/","logo":{"@type":"ImageObject","inLanguage":"fr-FR","@id":"https:\/\/www.cutislaxa.org\/#\/schema\/logo\/image\/","url":"https:\/\/www.cutislaxa.org\/wp-content\/uploads\/2017\/12\/NEW-LOGO-CLI-4.png","contentUrl":"https:\/\/www.cutislaxa.org\/wp-content\/uploads\/2017\/12\/NEW-LOGO-CLI-4.png","width":417,"height":120,"caption":"Cutis Laxa Internationale"},"image":{"@id":"https:\/\/www.cutislaxa.org\/#\/schema\/logo\/image\/"},"sameAs":["https:\/\/www.facebook.com\/CutisLaxaAssociation\/"]}]}},"_links":{"self":[{"href":"https:\/\/www.cutislaxa.org\/fr\/wp-json\/wp\/v2\/pages\/3677","targetHints":{"allow":["GET"]}}],"collection":[{"href":"https:\/\/www.cutislaxa.org\/fr\/wp-json\/wp\/v2\/pages"}],"about":[{"href":"https:\/\/www.cutislaxa.org\/fr\/wp-json\/wp\/v2\/types\/page"}],"author":[{"embeddable":true,"href":"https:\/\/www.cutislaxa.org\/fr\/wp-json\/wp\/v2\/users\/1"}],"replies":[{"embeddable":true,"href":"https:\/\/www.cutislaxa.org\/fr\/wp-json\/wp\/v2\/comments?post=3677"}],"version-history":[{"count":3,"href":"https:\/\/www.cutislaxa.org\/fr\/wp-json\/wp\/v2\/pages\/3677\/revisions"}],"predecessor-version":[{"id":5827,"href":"https:\/\/www.cutislaxa.org\/fr\/wp-json\/wp\/v2\/pages\/3677\/revisions\/5827"}],"up":[{"embeddable":true,"href":"https:\/\/www.cutislaxa.org\/fr\/wp-json\/wp\/v2\/pages\/3412"}],"wp:attachment":[{"href":"https:\/\/www.cutislaxa.org\/fr\/wp-json\/wp\/v2\/media?parent=3677"}],"curies":[{"name":"wp","href":"https:\/\/api.w.org\/{rel}","templated":true}]}}