{"id":3596,"date":"2019-01-10T13:50:04","date_gmt":"2019-01-10T13:50:04","guid":{"rendered":"http:\/\/www.cutislaxa.org\/a-propos\/team\/"},"modified":"2024-09-09T16:41:18","modified_gmt":"2024-09-09T14:41:18","slug":"team","status":"publish","type":"page","link":"https:\/\/www.cutislaxa.org\/fr\/a-propos\/team\/","title":{"rendered":"Les Membres du Bureau"},"content":{"rendered":"<div id='av_section_1'  class='avia-section main_color avia-section-default avia-no-shadow  avia-bg-style-scroll  avia-builder-el-0  el_before_av_section  avia-builder-el-first   container_wrap fullsize' style='background-color: #f5f5f2;  '  ><div class='container' ><main  role=\"main\" itemprop=\"mainContentOfPage\"  class='template-page content  av-content-full alpha units'><div class='post-entry post-entry-type-page post-entry-3596'><div class='entry-content-wrapper clearfix'>\n<div  style='padding-bottom:30px; font-size:70px;' class='av-special-heading av-special-heading-h1  blockquote modern-quote modern-centered  avia-builder-el-1  el_before_av_textblock  avia-builder-el-first  av-inherit-size '><h1 class='av-special-heading-tag '  itemprop=\"headline\"  ><b>Qui sommes-nous ?<\/b><\/h1><div class='special-heading-border'><div class='special-heading-inner-border' ><\/div><\/div><\/div>\n<section class=\"av_textblock_section \"  itemscope=\"itemscope\" itemtype=\"https:\/\/schema.org\/CreativeWork\" ><div class='avia_textblock  '   itemprop=\"text\" ><h2 style=\"text-align: center;\">Les Membres du Bureau.<\/h2>\n<\/div><\/section>\n<section class=\"av_textblock_section \"  itemscope=\"itemscope\" itemtype=\"https:\/\/schema.org\/CreativeWork\" ><div class='avia_textblock  '  style='font-size:16px; '  itemprop=\"text\" ><p style=\"text-align: center;\">Depuis sa cr\u00e9ation le 11 Novembre 2001, notre association a d\u00e9j\u00e0 beaucoup \u0153uvr\u00e9,<br \/>\ngr\u00e2ce \u00e0 un bureau dynamique avec, \u00e0 sa t\u00eate, une Pr\u00e9sidente fermement d\u00e9termin\u00e9e.<\/p>\n<\/div><\/section>\n<div  style='height:50px' class='hr hr-invisible   avia-builder-el-4  el_after_av_textblock  el_before_av_textblock '><span class='hr-inner ' ><span class='hr-inner-style'><\/span><\/span><\/div>\n<section class=\"av_textblock_section \"  itemscope=\"itemscope\" itemtype=\"https:\/\/schema.org\/CreativeWork\" ><div class='avia_textblock  '  style='font-size:16px; '  itemprop=\"text\" ><p style=\"text-align: center;\"><strong>Notre Si\u00e8ge Social<\/strong><\/p>\n<p style=\"text-align: center;\">138 impasse de Champs Gervais\u00a0 &#8211;\u00a0 74890 Bons en Chablais &#8211; France<\/p>\n<p style=\"text-align: center;\">Tel : 00 33 (0)4 56 30 74 43<\/p>\n<\/div><\/section>\n\n<\/div><\/div><\/main><!-- close content main element --><\/div><\/div><div id='av_section_2'  class='avia-section main_color avia-section-large avia-no-border-styling  avia-bg-style-scroll  avia-builder-el-6  el_after_av_section  el_before_av_section   container_wrap fullsize' style=' '  ><div class='container' ><div class='template-page content  av-content-full alpha units'><div class='post-entry post-entry-type-page post-entry-3596'><div class='entry-content-wrapper clearfix'>\n<div class=\"flex_column av_one_full  flex_column_div av-zero-column-padding first  avia-builder-el-7  el_before_av_one_fifth  avia-builder-el-first  \" style='border-radius:0px; '><\/div><div class=\"flex_column av_one_fifth  flex_column_div av-zero-column-padding first  avia-builder-el-8  el_after_av_one_full  el_before_av_one_fifth  column-top-margin\" style='border-radius:0px; '><\/div><div class=\"flex_column av_one_fifth  flex_column_div av-zero-column-padding   avia-builder-el-9  el_after_av_one_fifth  el_before_av_one_fifth  column-top-margin\" style='border-radius:0px; '><section  class='avia-team-member   avia-builder-el-10  avia-builder-el-no-sibling '  itemscope=\"itemscope\" itemtype=\"https:\/\/schema.org\/Person\" ><div class='team-img-container'><img decoding=\"async\" width=\"214\" height=\"300\" class='wp-image-6388 avia-img-lazy-loading-not-6388 avia_image avia_image_team' src=\"https:\/\/www.cutislaxa.org\/wp-content\/uploads\/2018\/09\/mc8-214x300.jpg\" alt='Marie-Claude BOITEUX'  itemprop=\"image\" srcset=\"https:\/\/www.cutislaxa.org\/wp-content\/uploads\/2018\/09\/mc8-214x300.jpg 214w, https:\/\/www.cutislaxa.org\/wp-content\/uploads\/2018\/09\/mc8-768x1077.jpg 768w, https:\/\/www.cutislaxa.org\/wp-content\/uploads\/2018\/09\/mc8-734x1030.jpg 734w, https:\/\/www.cutislaxa.org\/wp-content\/uploads\/2018\/09\/mc8-1070x1500.jpg 1070w, https:\/\/www.cutislaxa.org\/wp-content\/uploads\/2018\/09\/mc8-503x705.jpg 503w, https:\/\/www.cutislaxa.org\/wp-content\/uploads\/2018\/09\/mc8-450x631.jpg 450w, https:\/\/www.cutislaxa.org\/wp-content\/uploads\/2018\/09\/mc8.jpg 1399w\" sizes=\"(max-width: 214px) 100vw, 214px\" \/><div class='team-social'><div class='team-social-inner'><span class='hidden av_member_url_markup '  itemprop=\"email\" >mailto:MCJLBoiteux@aol.com<\/span><a rel=\"v:url noopener\" target='_blank' class=' avia-team-icon ' href='mailto:MCJLBoiteux@aol.com' aria-hidden='true' data-av_icon='\ue805' data-av_iconfont='entypo-fontello'><\/a><\/div><\/div><\/div><h3 class='team-member-name'    itemprop=\"name\" >Marie-Claude BOITEUX<\/h3><div class='team-member-job-title '   itemprop=\"jobTitle\" >PRESIDENTE<\/div><div class='team-member-description '  itemprop=\"description\"  ><p>138 impasse de Champs Gervais<br \/>\n74890 Bons en Chablais<br \/>\nFrance<\/p>\n<p>MCJLBoiteux@aol.com<\/p>\n<\/div><span class='hidden team-member-affiliation'  itemprop=\"affiliation\" >CUTIS LAXA INTERNATIONALE<\/span><\/section><\/div><div class=\"flex_column av_one_fifth  flex_column_div av-zero-column-padding   avia-builder-el-11  el_after_av_one_fifth  el_before_av_one_fifth  column-top-margin\" style='border-radius:0px; '><section  class='avia-team-member   avia-builder-el-12  avia-builder-el-no-sibling '  itemscope=\"itemscope\" itemtype=\"https:\/\/schema.org\/Person\" ><div class='team-img-container'><img decoding=\"async\" width=\"257\" height=\"336\" class='wp-image-7116 avia-img-lazy-loading-not-7116 avia_image avia_image_team' src=\"https:\/\/www.cutislaxa.org\/wp-content\/uploads\/2017\/12\/Serge.jpg\" alt='Serge RICHEMONT'  itemprop=\"image\" srcset=\"https:\/\/www.cutislaxa.org\/wp-content\/uploads\/2017\/12\/Serge.jpg 257w, https:\/\/www.cutislaxa.org\/wp-content\/uploads\/2017\/12\/Serge-229x300.jpg 229w\" sizes=\"(max-width: 257px) 100vw, 257px\" \/><div class='team-social'><div class='team-social-inner'><span class='hidden av_member_url_markup '  itemprop=\"email\" >mailto:msm.RICHEMONT@wanadoo.fr<\/span><a rel=\"v:url noopener\" target='_blank' class=' avia-team-icon ' href='mailto:msm.RICHEMONT@wanadoo.fr' aria-hidden='true' data-av_icon='\ue805' data-av_iconfont='entypo-fontello'><\/a><\/div><\/div><\/div><h3 class='team-member-name'    itemprop=\"name\" >Serge RICHEMONT<\/h3><div class='team-member-job-title '   itemprop=\"jobTitle\" >VICE-PRESIDENT <\/div><div class='team-member-description '  itemprop=\"description\"  ><p>\u00ab Chez Decoux \u00bb<br \/>\n16440 Sireuil<br \/>\nFrance<\/p>\n<p>msm.RICHEMONT@wanadoo.fr<\/p>\n<\/div><span class='hidden team-member-affiliation'  itemprop=\"affiliation\" >CUTIS LAXA INTERNATIONALE<\/span><\/section><\/div><div class=\"flex_column av_one_fifth  flex_column_div av-zero-column-padding   avia-builder-el-13  el_after_av_one_fifth  el_before_av_one_fifth  column-top-margin\" style='border-radius:0px; '><section  class='avia-team-member   avia-builder-el-14  avia-builder-el-no-sibling '  itemscope=\"itemscope\" itemtype=\"https:\/\/schema.org\/Person\" ><div class='team-img-container'><img decoding=\"async\" width=\"247\" height=\"308\" class='wp-image-7114 avia-img-lazy-loading-not-7114 avia_image avia_image_team' src=\"https:\/\/www.cutislaxa.org\/wp-content\/uploads\/2017\/12\/georges.jpg\" alt='Georges BEAUDONNET'  itemprop=\"image\" srcset=\"https:\/\/www.cutislaxa.org\/wp-content\/uploads\/2017\/12\/georges.jpg 247w, https:\/\/www.cutislaxa.org\/wp-content\/uploads\/2017\/12\/georges-241x300.jpg 241w\" sizes=\"(max-width: 247px) 100vw, 247px\" \/><div class='team-social'><div class='team-social-inner'><span class='hidden av_member_url_markup '  itemprop=\"email\" >mailto: Gbeaudonnet@aol.com<\/span><a rel='v:url'   class=' avia-team-icon ' href='mailto:%20Gbeaudonnet@aol.com' aria-hidden='true' data-av_icon='\ue805' data-av_iconfont='entypo-fontello'><\/a><\/div><\/div><\/div><h3 class='team-member-name'    itemprop=\"name\" >Georges BEAUDONNET<\/h3><div class='team-member-job-title '   itemprop=\"jobTitle\" >TRESORIER<\/div><div class='team-member-description '  itemprop=\"description\"  ><p>Place Pompidou<br \/>\n15700 Pleaux<br \/>\nFrance<\/p>\n<p>Gbeaudonnet@aol.com<\/p>\n<\/div><span class='hidden team-member-affiliation'  itemprop=\"affiliation\" >CUTIS LAXA INTERNATIONALE<\/span><\/section><\/div><div class=\"flex_column av_one_fifth  flex_column_div av-zero-column-padding   avia-builder-el-15  el_after_av_one_fifth  el_before_av_one_fifth  column-top-margin\" style='border-radius:0px; '><\/div><div class=\"flex_column av_one_fifth  flex_column_div av-zero-column-padding first  avia-builder-el-16  el_after_av_one_fifth  el_before_av_one_fifth  column-top-margin\" style='border-radius:0px; '><\/div><div class=\"flex_column av_one_fifth  flex_column_div av-zero-column-padding   avia-builder-el-17  el_after_av_one_fifth  el_before_av_one_fifth  column-top-margin\" style='border-radius:0px; '><\/div><div class=\"flex_column av_one_fifth  flex_column_div av-zero-column-padding   avia-builder-el-18  el_after_av_one_fifth  el_before_av_one_fifth  column-top-margin\" style='border-radius:0px; '><section  class='avia-team-member   avia-builder-el-19  avia-builder-el-no-sibling '  itemscope=\"itemscope\" itemtype=\"https:\/\/schema.org\/Person\" ><div class='team-img-container'><img decoding=\"async\" width=\"265\" height=\"309\" class='wp-image-7110 avia-img-lazy-loading-not-7110 avia_image avia_image_team' src=\"https:\/\/www.cutislaxa.org\/wp-content\/uploads\/2017\/12\/Nathalie.jpg\" alt='Nathalie FOURNIER'  itemprop=\"image\" srcset=\"https:\/\/www.cutislaxa.org\/wp-content\/uploads\/2017\/12\/Nathalie.jpg 265w, https:\/\/www.cutislaxa.org\/wp-content\/uploads\/2017\/12\/Nathalie-257x300.jpg 257w\" sizes=\"(max-width: 265px) 100vw, 265px\" \/><div class='team-social'><div class='team-social-inner'><span class='hidden av_member_url_markup '  itemprop=\"email\" >mailto: n.fournier1@aliceadsl.fr<\/span><a rel='v:url'   class=' avia-team-icon ' href='mailto:%20n.fournier1@aliceadsl.fr' aria-hidden='true' data-av_icon='\ue805' data-av_iconfont='entypo-fontello'><\/a><\/div><\/div><\/div><h3 class='team-member-name'    itemprop=\"name\" >Nathalie FOURNIER<\/h3><div class='team-member-job-title '   itemprop=\"jobTitle\" >SECRETAIRE<\/div><div class='team-member-description '  itemprop=\"description\"  ><p>4 Chemin du Rail<br \/>\n16110 Tapponat-Fleurignac<br \/>\nFrance<\/p>\n<p>n.fournier1@aliceadsl.fr<\/p>\n<\/div><span class='hidden team-member-affiliation'  itemprop=\"affiliation\" >CUTIS LAXA INTERNATIONALE<\/span><\/section><\/div><div class=\"flex_column av_one_fifth  flex_column_div av-zero-column-padding   avia-builder-el-20  el_after_av_one_fifth  el_before_av_one_fifth  column-top-margin\" style='border-radius:0px; '><section  class='avia-team-member   avia-builder-el-21  avia-builder-el-no-sibling '  itemscope=\"itemscope\" itemtype=\"https:\/\/schema.org\/Person\" ><div class='team-img-container'><img decoding=\"async\" width=\"277\" height=\"314\" class='wp-image-7108 avia-img-lazy-loading-not-7108 avia_image avia_image_team' src=\"https:\/\/www.cutislaxa.org\/wp-content\/uploads\/2017\/12\/Cecile.jpg\" alt='C\u00e9cile BOITEUX'  itemprop=\"image\" srcset=\"https:\/\/www.cutislaxa.org\/wp-content\/uploads\/2017\/12\/Cecile.jpg 277w, https:\/\/www.cutislaxa.org\/wp-content\/uploads\/2017\/12\/Cecile-265x300.jpg 265w\" sizes=\"(max-width: 277px) 100vw, 277px\" \/><div class='team-social'><div class='team-social-inner'><span class='hidden av_member_url_markup '  itemprop=\"email\" >mailto: c-boiteux@hotmail.fr<\/span><a rel=\"v:url noopener\" target='_blank' class=' avia-team-icon ' href='mailto:%20c-boiteux@hotmail.fr' aria-hidden='true' data-av_icon='\ue805' data-av_iconfont='entypo-fontello'><\/a><\/div><\/div><\/div><h3 class='team-member-name'    itemprop=\"name\" >C\u00e9cile BOITEUX<\/h3><div class='team-member-job-title '   itemprop=\"jobTitle\" >TRESORIERE ADJOINTE<\/div><div class='team-member-description '  itemprop=\"description\"  ><p>50 A, route de la Pose<br \/>\n74890 Bons en Chablais<br \/>\nFrance<\/p>\n<p>c-boiteux@hotmail.fr<\/p>\n<\/div><span class='hidden team-member-affiliation'  itemprop=\"affiliation\" >CUTIS LAXA INTERNATIONALE<\/span><\/section><\/div><div class=\"flex_column av_one_fifth  flex_column_div av-zero-column-padding   avia-builder-el-22  el_after_av_one_fifth  el_before_av_hr  column-top-margin\" style='border-radius:0px; '><\/div><div   class='hr hr-default   avia-builder-el-23  el_after_av_one_fifth  el_before_av_textblock '><span class='hr-inner ' ><span class='hr-inner-style'><\/span><\/span><\/div>\n<section class=\"av_textblock_section \"  itemscope=\"itemscope\" itemtype=\"https:\/\/schema.org\/CreativeWork\" ><div class='avia_textblock  '   itemprop=\"text\" ><p style=\"text-align: center;\">Les Administrateurs : Martine RICHEMONT et Chris BOISSEAUX.<br \/>\nAinsi que M\u00e9lissa RICHEMONT (<a href=\"mailto:dauphin_melissa@hotmail.fr\">dauphin_melissa@hotmail.fr<\/a>)<\/p>\n<\/div><\/section>\n<\/div><\/div><\/div><!-- close content main div --><\/div><\/div><div id='av_section_3'  class='avia-section main_color avia-section-default avia-no-shadow  avia-bg-style-scroll  avia-builder-el-25  el_after_av_section  avia-builder-el-last   container_wrap fullsize' style='background-color: #f5f5f2;  '  ><div class='container' ><div class='template-page content  av-content-full alpha units'><div class='post-entry post-entry-type-page post-entry-3596'><div class='entry-content-wrapper clearfix'>\n<div class=\"flex_column av_one_third  flex_column_div av-zero-column-padding first  avia-builder-el-26  el_before_av_one_third  avia-builder-el-first  \" style='border-radius:0px; '><section class=\"av_textblock_section \"  itemscope=\"itemscope\" itemtype=\"https:\/\/schema.org\/CreativeWork\" ><div class='avia_textblock  '   itemprop=\"text\" ><p>Pour mieux conna\u00eetre la vie quotidienne de notre association, vous pouvez lire :<\/p>\n<ul>\n<li>les <strong>comptes-rendus de nos Assembl\u00e9es G\u00e9n\u00e9rales Ordinaires et Extraordinaires<\/strong> avec les r\u00e9sultats financiers et les proc\u00e8s-verbaux ;<\/li>\n<li>nos <strong>lettres d\u2019information<\/strong>;<\/li>\n<li>ainsi que les r\u00e9sultats du <a href=\"http:\/\/www.cutislaxa.org\/wp-content\/uploads\/2018\/01\/Questionnaire-satisf-F-2016.pdf\" target=\"_blank\" rel=\"noopener\"><em>questionnaire de satisfaction<\/em><\/a>\u00a0des 5\u00e8mes journ\u00e9es de la Cutis Laxa, Annecy, Mai 2016 .<\/li>\n<\/ul>\n<p>(T\u00e9l\u00e9charger <a href=\"http:\/\/www.adobe.com\/fr\/products\/acrobat\/readstep2.html\">Adobe Reader<\/a> pour les lire au format PDF).<\/p>\n<\/div><\/section><\/div><div class=\"flex_column av_one_third  flex_column_div av-zero-column-padding   avia-builder-el-28  el_after_av_one_third  el_before_av_one_third  \" style='border-radius:0px; '><div  class='avia-builder-widget-area clearfix  avia-builder-el-29  avia-builder-el-no-sibling '><div id=\"custom_html-4\" class=\"widget_text widget clearfix widget_custom_html\"><h3 class=\"widgettitle\">Assembl\u00e9es G\u00e9n\u00e9rales Ordinaires et Extraordinaires<\/h3><div class=\"textwidget custom-html-widget\"><br>\n<a href=\"https:\/\/www.cutislaxa.org\/wp-content\/uploads\/2025\/09\/2024-F-RapMoralFinQuest-DivPV.pdf\">Assembl\u00e9e G\u00e9n\u00e9rale Ordinaire 2024 - 25.06.2025<\/a>\n<br>\n<a href=\"https:\/\/www.cutislaxa.org\/2023-f-rapmorfinetquestdivpv\/\/\">Assembl\u00e9e G\u00e9n\u00e9rale Ordinaire 2023 - 04.06.2024<\/a>\n<br>\n<a href=\"https:\/\/www.cutislaxa.org\/2023-06-22-f-rapmorfinpvago-2022\/\">Assembl\u00e9e G\u00e9n\u00e9rale Ordinaire 2022 - 22.06.2023<\/a>\n<br>\n<a href=\"https:\/\/www.cutislaxa.org\/2021-f-rapport-total-et-pv-ag-2\/\">Assembl\u00e9e G\u00e9n\u00e9rale Ordinaire 2021 - 03.06.2022<\/a>\n<br>\n\n\n\n\n\n\n\n\n<\/div><\/div><\/div><\/div><div class=\"flex_column av_one_third  flex_column_div av-zero-column-padding   avia-builder-el-30  el_after_av_one_third  avia-builder-el-last  \" style='border-radius:0px; '><div  class='avia-builder-widget-area clearfix  avia-builder-el-31  avia-builder-el-no-sibling '><div id=\"block-3\" class=\"widget clearfix widget_block\">\n<h2 class=\"wp-block-heading\">Les lettres d'information<\/h2>\n<\/div><div id=\"block-4\" class=\"widget clearfix widget_block\"><p><a href=\"https:\/\/www.cutislaxa.org\/wp-content\/uploads\/2026\/03\/CLIInfos-N44-Hors-Serie-F-Fevrier-2026.pdf\">CLI~Infos N\u00b044 - Hors S\u00e9rie - F\u00e9vrier 2026<\/a><br \/>\n<br \/><a href=\"https:\/\/www.cutislaxa.org\/wp-content\/uploads\/2026\/03\/CLIInfos-N44-F-Fevrier-2026.pdf\">CLI~Infos N\u00b044 - F\u00e9vrier 2026<\/a><br \/>\n<br \/><a href=\"https:\/\/www.cutislaxa.org\/wp-content\/uploads\/2025\/09\/CLIInfos-N43-F-Hors-Serie-Aout-2025.pdf\">CLI~Infos N\u00b043 - Hors S\u00e9rie - Ao\u00fbt 2025<\/a><br \/>\n<br \/><a href=\"https:\/\/www.cutislaxa.org\/wp-content\/uploads\/2025\/09\/CLIInfos-N43-F-Aout-2025.pdf\">CLI~Infos N\u00b043 - Ao\u00fbt 2025<\/a><br \/>\n<br \/><a href=\"https:\/\/www.cutislaxa.org\/wp-content\/uploads\/2025\/02\/CLIInfos-N42-F-Janvier-2025.pdf\">CLI~Infos N\u00b042 - Janvier 2025<\/a><br \/>\n<br \/><a href=\"https:\/\/www.cutislaxa.org\/cliinfos-n41-f-aout-2024\/\">CLI~Infos N\u00b041 - Ao\u00fbt 2024<\/a><br \/>\n<br \/><a href=\"https:\/\/www.cutislaxa.org\/wp-content\/uploads\/2024\/02\/CLIInfos-N40-F-Janvier-2024.pdf\">CLI~Infos N\u00b040 - Janvier 2024<\/a><br \/>\n<br \/><a href=\"https:\/\/www.cutislaxa.org\/cliinfos-n39-f-juin-2023-2\/\">CLI~Infos N\u00b039 - Juin 2023<\/a><br \/>\n<br \/><a href=\" https:\/\/www.cutislaxa.org\/cliinfos-n38-f-horsserie-gand-2022-2\/\">CLI~Infos Hors S\u00e9rie - Gand - D\u00e9cembre 2022<\/a><br \/>\n<br \/><a href=\"https:\/\/www.cutislaxa.org\/cliinfos-n38-f-decembre-2022-2\/\">CLI~Infos N\u00b038 - D\u00e9cembre 2022<\/a><br \/>\n<br \/><a href=\"https:\/\/www.cutislaxa.org\/cliinfos-n37-f-janvier-2022-2\/\">CLI~Infos N\u00b037 - Janvier 2022<\/a><\/p>\n<\/div><\/div><\/div>\n<\/p>\n","protected":false},"excerpt":{"rendered":"","protected":false},"author":1,"featured_media":0,"parent":3412,"menu_order":0,"comment_status":"closed","ping_status":"closed","template":"","meta":{"footnotes":""},"class_list":["post-3596","page","type-page","status-publish","hentry"],"yoast_head":"<!-- This site is optimized with the Yoast SEO plugin v22.0 - https:\/\/yoast.com\/wordpress\/plugins\/seo\/ -->\n<title>Les Membres du Bureau - CUTIS LAXA INTERNATIONALE<\/title>\n<meta name=\"robots\" content=\"index, follow, max-snippet:-1, max-image-preview:large, max-video-preview:-1\" \/>\n<link rel=\"canonical\" href=\"https:\/\/www.cutislaxa.org\/fr\/a-propos\/team\/\" \/>\n<meta property=\"og:locale\" content=\"fr_FR\" \/>\n<meta property=\"og:type\" content=\"article\" \/>\n<meta property=\"og:title\" content=\"Les Membres du Bureau - CUTIS LAXA INTERNATIONALE\" \/>\n<meta property=\"og:url\" content=\"https:\/\/www.cutislaxa.org\/fr\/a-propos\/team\/\" \/>\n<meta property=\"og:site_name\" content=\"CUTIS LAXA INTERNATIONALE\" \/>\n<meta property=\"article:publisher\" content=\"https:\/\/www.facebook.com\/CutisLaxaAssociation\/\" \/>\n<meta property=\"article:modified_time\" content=\"2024-09-09T14:41:18+00:00\" \/>\n<meta name=\"twitter:card\" content=\"summary_large_image\" \/>\n<meta name=\"twitter:label1\" content=\"Dur\u00e9e de lecture estim\u00e9e\" \/>\n\t<meta name=\"twitter:data1\" content=\"4 minutes\" \/>\n<script type=\"application\/ld+json\" class=\"yoast-schema-graph\">{\"@context\":\"https:\/\/schema.org\",\"@graph\":[{\"@type\":\"WebPage\",\"@id\":\"https:\/\/www.cutislaxa.org\/fr\/a-propos\/team\/\",\"url\":\"https:\/\/www.cutislaxa.org\/fr\/a-propos\/team\/\",\"name\":\"Les Membres du Bureau - CUTIS LAXA INTERNATIONALE\",\"isPartOf\":{\"@id\":\"https:\/\/www.cutislaxa.org\/#website\"},\"datePublished\":\"2019-01-10T13:50:04+00:00\",\"dateModified\":\"2024-09-09T14:41:18+00:00\",\"breadcrumb\":{\"@id\":\"https:\/\/www.cutislaxa.org\/fr\/a-propos\/team\/#breadcrumb\"},\"inLanguage\":\"fr-FR\",\"potentialAction\":[{\"@type\":\"ReadAction\",\"target\":[\"https:\/\/www.cutislaxa.org\/fr\/a-propos\/team\/\"]}]},{\"@type\":\"BreadcrumbList\",\"@id\":\"https:\/\/www.cutislaxa.org\/fr\/a-propos\/team\/#breadcrumb\",\"itemListElement\":[{\"@type\":\"ListItem\",\"position\":1,\"name\":\"Home\",\"item\":\"https:\/\/www.cutislaxa.org\/fr\/accueil\/\"},{\"@type\":\"ListItem\",\"position\":2,\"name\":\"\u00c0 propos\",\"item\":\"https:\/\/www.cutislaxa.org\/fr\/a-propos\/\"},{\"@type\":\"ListItem\",\"position\":3,\"name\":\"Les Membres du Bureau\"}]},{\"@type\":\"WebSite\",\"@id\":\"https:\/\/www.cutislaxa.org\/#website\",\"url\":\"https:\/\/www.cutislaxa.org\/\",\"name\":\"CUTIS LAXA INTERNATIONALE\",\"description\":\"\",\"publisher\":{\"@id\":\"https:\/\/www.cutislaxa.org\/#organization\"},\"potentialAction\":[{\"@type\":\"SearchAction\",\"target\":{\"@type\":\"EntryPoint\",\"urlTemplate\":\"https:\/\/www.cutislaxa.org\/?s={search_term_string}\"},\"query-input\":\"required name=search_term_string\"}],\"inLanguage\":\"fr-FR\"},{\"@type\":\"Organization\",\"@id\":\"https:\/\/www.cutislaxa.org\/#organization\",\"name\":\"Cutis Laxa Internationale\",\"url\":\"https:\/\/www.cutislaxa.org\/\",\"logo\":{\"@type\":\"ImageObject\",\"inLanguage\":\"fr-FR\",\"@id\":\"https:\/\/www.cutislaxa.org\/#\/schema\/logo\/image\/\",\"url\":\"https:\/\/www.cutislaxa.org\/wp-content\/uploads\/2017\/12\/NEW-LOGO-CLI-4.png\",\"contentUrl\":\"https:\/\/www.cutislaxa.org\/wp-content\/uploads\/2017\/12\/NEW-LOGO-CLI-4.png\",\"width\":417,\"height\":120,\"caption\":\"Cutis Laxa Internationale\"},\"image\":{\"@id\":\"https:\/\/www.cutislaxa.org\/#\/schema\/logo\/image\/\"},\"sameAs\":[\"https:\/\/www.facebook.com\/CutisLaxaAssociation\/\"]}]}<\/script>\n<!-- \/ Yoast SEO plugin. -->","yoast_head_json":{"title":"Les Membres du Bureau - CUTIS LAXA INTERNATIONALE","robots":{"index":"index","follow":"follow","max-snippet":"max-snippet:-1","max-image-preview":"max-image-preview:large","max-video-preview":"max-video-preview:-1"},"canonical":"https:\/\/www.cutislaxa.org\/fr\/a-propos\/team\/","og_locale":"fr_FR","og_type":"article","og_title":"Les Membres du Bureau - CUTIS LAXA INTERNATIONALE","og_url":"https:\/\/www.cutislaxa.org\/fr\/a-propos\/team\/","og_site_name":"CUTIS LAXA INTERNATIONALE","article_publisher":"https:\/\/www.facebook.com\/CutisLaxaAssociation\/","article_modified_time":"2024-09-09T14:41:18+00:00","twitter_card":"summary_large_image","twitter_misc":{"Dur\u00e9e de lecture estim\u00e9e":"4 minutes"},"schema":{"@context":"https:\/\/schema.org","@graph":[{"@type":"WebPage","@id":"https:\/\/www.cutislaxa.org\/fr\/a-propos\/team\/","url":"https:\/\/www.cutislaxa.org\/fr\/a-propos\/team\/","name":"Les Membres du Bureau - CUTIS LAXA INTERNATIONALE","isPartOf":{"@id":"https:\/\/www.cutislaxa.org\/#website"},"datePublished":"2019-01-10T13:50:04+00:00","dateModified":"2024-09-09T14:41:18+00:00","breadcrumb":{"@id":"https:\/\/www.cutislaxa.org\/fr\/a-propos\/team\/#breadcrumb"},"inLanguage":"fr-FR","potentialAction":[{"@type":"ReadAction","target":["https:\/\/www.cutislaxa.org\/fr\/a-propos\/team\/"]}]},{"@type":"BreadcrumbList","@id":"https:\/\/www.cutislaxa.org\/fr\/a-propos\/team\/#breadcrumb","itemListElement":[{"@type":"ListItem","position":1,"name":"Home","item":"https:\/\/www.cutislaxa.org\/fr\/accueil\/"},{"@type":"ListItem","position":2,"name":"\u00c0 propos","item":"https:\/\/www.cutislaxa.org\/fr\/a-propos\/"},{"@type":"ListItem","position":3,"name":"Les Membres du Bureau"}]},{"@type":"WebSite","@id":"https:\/\/www.cutislaxa.org\/#website","url":"https:\/\/www.cutislaxa.org\/","name":"CUTIS LAXA INTERNATIONALE","description":"","publisher":{"@id":"https:\/\/www.cutislaxa.org\/#organization"},"potentialAction":[{"@type":"SearchAction","target":{"@type":"EntryPoint","urlTemplate":"https:\/\/www.cutislaxa.org\/?s={search_term_string}"},"query-input":"required name=search_term_string"}],"inLanguage":"fr-FR"},{"@type":"Organization","@id":"https:\/\/www.cutislaxa.org\/#organization","name":"Cutis Laxa Internationale","url":"https:\/\/www.cutislaxa.org\/","logo":{"@type":"ImageObject","inLanguage":"fr-FR","@id":"https:\/\/www.cutislaxa.org\/#\/schema\/logo\/image\/","url":"https:\/\/www.cutislaxa.org\/wp-content\/uploads\/2017\/12\/NEW-LOGO-CLI-4.png","contentUrl":"https:\/\/www.cutislaxa.org\/wp-content\/uploads\/2017\/12\/NEW-LOGO-CLI-4.png","width":417,"height":120,"caption":"Cutis Laxa Internationale"},"image":{"@id":"https:\/\/www.cutislaxa.org\/#\/schema\/logo\/image\/"},"sameAs":["https:\/\/www.facebook.com\/CutisLaxaAssociation\/"]}]}},"_links":{"self":[{"href":"https:\/\/www.cutislaxa.org\/fr\/wp-json\/wp\/v2\/pages\/3596","targetHints":{"allow":["GET"]}}],"collection":[{"href":"https:\/\/www.cutislaxa.org\/fr\/wp-json\/wp\/v2\/pages"}],"about":[{"href":"https:\/\/www.cutislaxa.org\/fr\/wp-json\/wp\/v2\/types\/page"}],"author":[{"embeddable":true,"href":"https:\/\/www.cutislaxa.org\/fr\/wp-json\/wp\/v2\/users\/1"}],"replies":[{"embeddable":true,"href":"https:\/\/www.cutislaxa.org\/fr\/wp-json\/wp\/v2\/comments?post=3596"}],"version-history":[{"count":34,"href":"https:\/\/www.cutislaxa.org\/fr\/wp-json\/wp\/v2\/pages\/3596\/revisions"}],"predecessor-version":[{"id":18252,"href":"https:\/\/www.cutislaxa.org\/fr\/wp-json\/wp\/v2\/pages\/3596\/revisions\/18252"}],"up":[{"embeddable":true,"href":"https:\/\/www.cutislaxa.org\/fr\/wp-json\/wp\/v2\/pages\/3412"}],"wp:attachment":[{"href":"https:\/\/www.cutislaxa.org\/fr\/wp-json\/wp\/v2\/media?parent=3596"}],"curies":[{"name":"wp","href":"https:\/\/api.w.org\/{rel}","templated":true}]}}