{"id":6288,"date":"2018-06-03T14:47:49","date_gmt":"2018-06-03T14:47:49","guid":{"rendered":"http:\/\/www.cutislaxa.org\/privacy-policy\/"},"modified":"2018-06-07T15:51:52","modified_gmt":"2018-06-07T15:51:52","slug":"politica-de-confidencialidad","status":"publish","type":"page","link":"https:\/\/www.cutislaxa.org\/es\/politica-de-confidencialidad\/","title":{"rendered":"POL\u00cdTICA DE CONFIDENCIALIDAD"},"content":{"rendered":"<p><u>MENCIONES LEGALES Y POL\u00cdTICA DE CONFIDENCIALIDAD DEL SITIO INTERNET<\/u><\/p>\n<p>Actualizada el 02 de junio de 2018, seg\u00fan la Reglamentaci\u00f3n General sobre la Protecci\u00f3n de los Datos personales (RGPD)<\/p>\n<h2><strong><u>I-IDENTIDAD<\/u><\/strong><\/h2>\n<p>Este sitio est\u00e1 bajo la total responsabilidad de la asociaci\u00f3n mencionada m\u00e1s abajo.<br \/>\nCUTIS LAXA INTERNATIONALE<br \/>\n138 impasse de Champs Gervais<br \/>\n74890 Bons en Chablais<br \/>\nFrance<br \/>\nTel\/Fax\u00a0: 33 (0)4 56 30 74 43<br \/>\ne-mail\u00a0: mcjlboiteux@aol.com<br \/>\nSitio\u00a0: www.cutislaxa.org<\/p>\n<p>Asociaciaci\u00f3n sin \u00e1nimo de lucro. Prefectura de La Rochelle (Charente Maritime \u2013 France), con fecha del 11 Noviembre 2001.<br \/>\nPublicada en el Diario Oficial del 15 Diciembre 2001<br \/>\nN\u00b0 SIRET\u00a0: 44251763700017<\/p>\n<p>Acuerdo Nacional del Ministerio de Salud (Francia) por decreto 11 Agosto 2006, publicado el 24 Agosto 2006. Renovada la aprobaci\u00f3n del Decreto de 16 de julio de 2016 para un per\u00edodo de 5 a\u00f1os..<\/p>\n<h2><strong><u>II-<\/u><\/strong> <strong><u>ADVERTANCIA<\/u><\/strong><\/h2>\n<p>El solo y \u00fanico objetivo de este sitio es aportar informaci\u00f3n. No sustituye en modo alguno a los profesionales m\u00e9dicos. No debe reemplazar la relaci\u00f3n establecida entre los pacientes, sus m\u00e9dicos, y todos los dem\u00e1s componentes del equipo de salud. No promocionamos ning\u00fan tratamiento, ni a ning\u00fan profesional de la salud. La informaci\u00f3n es totalmente gratuita y proporcionada sin garant\u00eda Todas las cuestiones relativas al diagn\u00f3stico, seguimiento m\u00e9dico, realizaci\u00f3n de nuevos tratamientos, modificaci\u00f3n de un tratamiento en curso, todo cuidado de salud y todas las dem\u00e1s cuestiones de orden m\u00e9dico deben ser discutidas con vuestro equipo m\u00e9dico habitual.<\/p>\n<p><strong>TODA UTILIZACI\u00d3N, REPRODUCCI\u00d3N, COPIA, U OTRO DE FOTOS O ESQUEMAS\u2026 DE ESTE SITIO EST\u00c1 TOTALMENTE PROHIBIDO.<\/strong><\/p>\n<h2><strong><u>III-CONTENIDO DE REDACCI\u00d3N<\/u><\/strong><\/h2>\n<p>Las p\u00e1ginas en este sitio se han escrito y traducido s\u00f3lo por los oficiales de la asociaci\u00f3n.<br \/>\nToda la informaci\u00f3n m\u00e9dica y de todo el contenido relacionado con la salud son verificados y validados seg\u00fan la menci\u00f3n espec\u00edfica que se indique espec\u00edficamente en la p\u00e1gina correspondiente.<br \/>\nEl director editorial es Marie-Claude Boiteux, Presidente de la Asociaci\u00f3n.<\/p>\n<h2><strong><u>IV-<\/u><\/strong> <strong><u>POLITICA DE PRIVACIDAD<\/u><\/strong><\/h2>\n<p>Las informaciones personales que conciernen a los visitadores de nuestro sitio, incluido su identidad, son confidenciales. El responsable del sitio se compromete sobre el honor de respetar las condiciones legales aplicables de confidencialidad en Francia y en Europa, seg\u00fan la Reglamentaci\u00f3n General sobre la Protecci\u00f3n de los Datos personales (RGPD) y de no divulgar estas informaciones a tercios.<br \/>\nLe garantizamos a cada paciente, cada familia de paciente, la confidencialidad de las informaciones que nos son transmitidas. Las \u00fanicas podr\u00edan ser transmitidas, o sea a otros pacientes \/ familias, o sea a equipos m\u00e9dicos, las informaciones para las cuales una autorizaci\u00f3n de transmisi\u00f3n habr\u00e1 sido dada.<\/p>\n<h3><em><u>DATOS PERSONALES<\/u><\/em><\/h3>\n<p>De manera general, le es posible visitar el Sitio de CUTIS LAXA INTERNACIONAL sin comunicar ninguna informaci\u00f3n personal a el (la) que concierne usted. En toda hip\u00f3tesis, no eres obligado a transmitir de ninguna manera estas informaciones a CUTIS LAXA INTERNACIONAL salvado en ambos casos individuos precisados m\u00e1s abajo: formulario de contacto, Formulario de adhesi\u00f3n y\\o de don.<br \/>\nEn todos los casos, s\u00f3lo CUTIS LAXA INTERNACIONAL es destinatario de sus Informaciones Personales. \u00c9stos, bajo forma sea individual o agregada, jam\u00e1s ni no son transmitidas a un tercio, utilizadas ni para un fin cualquiera y comercial.<\/p>\n<ul>\n<li>\n<h3><em><u>FORMULARIO DE CONTACTO EN L\u00cdNEA<\/u><\/em><\/h3>\n<\/li>\n<\/ul>\n<p style=\"padding-left: 30px;\">En el momento de la utilizaci\u00f3n de nuestro formulario de contacto en l\u00ednea, sus datos personales son registrados a los fines de responder a sus comentarios y responder a sus necesidades individuales. Tambi\u00e9n nos permiten m\u00e1s tarde ponerse en contacto con usted por correo electr\u00f3nico a fines administrativos, de informaci\u00f3n y de comunicaci\u00f3n.<br \/>\nEstos datos personales son conservados en nuestros ficheros inform\u00e1ticos y objeto de un tratamiento inform\u00e1tico de envi\u00f3 de correo y de emailing. S\u00f3lo lo secretariado de Cutis Laxa Internationale tiene acceso a las informaciones personales identificables. Los ordenadores y los servidores utilizados para almacenar informaciones personales identificables son conservados en un medio ambiente seguro.<\/p>\n<ul>\n<li>\n<h3><em><u>FORMULARIO DE REGISTRO EN L\u00cdNEA DE SUYO ADHESI\u00d3N Y\\O DE SUYO DON<\/u><\/em><\/h3>\n<\/li>\n<\/ul>\n<p style=\"padding-left: 30px;\">En el momento de la utilizaci\u00f3n de nuestro formulario en l\u00ednea de registro de adhesi\u00f3n y\\o de don, sus datos personales de identidad son registrados a los fines de transmitirle los documentos legales relativos a su pago (recibido fiscal). Tambi\u00e9n nos permiten m\u00e1s tarde ponerse en contacto con usted por correo y\\o por correo electr\u00f3nico a fines administrativos, de informaci\u00f3n y de comunicaci\u00f3n.<br \/>\nEstos datos personales son conservados en nuestros ficheros inform\u00e1ticos y objeto de un tratamiento inform\u00e1tico de publicidad por correo y de emailing. S\u00f3lo lo secretariado de Cutis Laxa Internationale tiene acceso a las informaciones personales identificables. Los ordenadores y los servidores utilizados para almacenar informaciones personales identificables son conservados en un medio ambiente seguro.<br \/>\nConservamos estos datos mientras usted renueve su adhesi\u00f3n y\\o su don, y por defecto para un per\u00edodo m\u00e1ximo de 3 a\u00f1os.<br \/>\nNo conservamos sus datos bancarios, \u00e9stos no son objeto de ning\u00fan tratamiento de nuestra parte.<\/p>\n<h3><em><u>DERECHO DE ACCESO Y DE RECTIFICACI\u00d3N DE SUS DATOS PERSONALES<\/u><\/em><u>\u00a0<\/u><\/h3>\n<p><strong>Derecho de acceso y de comunicaci\u00f3n de los datos<\/strong><\/p>\n<p>Usted tiene la facultad para acceder a las Informaciones Personales que le conciernen.<\/p>\n<p>Sin embargo, debido a la obligaci\u00f3n de seguridad y de confidencialidad en el procesamiento de datos a car\u00e1cter personal que incumbe a CUTIS LAXA INTERNACIONAL, eres informado que su demanda ser\u00e1 tratada bajo reserva que usted abastec\u00eda la prueba de su identidad, particularmente por la producci\u00f3n de un scan de su t\u00edtulo de identidad v\u00e1lida (en caso de demanda por correo electr\u00f3nico) o de una fotocopia firmada por su t\u00edtulo de identidad v\u00e1lida (en caso de demanda enviada por escrito).<\/p>\n<p>CUTIS LAXA INTERNACIONAL, usted informa que estar\u00e1 en derecho, si llega el caso, de oponerse a las demandas manifiestamente abusivas (de por su n\u00famero, su car\u00e1cter repetitivo o sistem\u00e1tico).<\/p>\n<p>Para ayudarse en su gesti\u00f3n, particularmente si usted desea ejercer su derecho de acceso por el envio de una demanda escrita a la direcci\u00f3n postal mencionada m\u00e1s alta, usted encuentra un modelo de correo elaborado por la Comisi\u00f3n Nacional de la Inform\u00e1tica y de las Libertades (el \u00abCNIL\u00bb). <a href=\"https:\/\/www.cnil.fr\/fr\/modele\/courrier\/exercer-son-droit-dacces\">https:\/\/www.cnil.fr\/fr\/modele\/courrier\/exercer-son-droit-dacces<\/a><\/p>\n<p><strong>Derecho de rectificaci\u00f3n de los datos<\/strong><\/p>\n<p>En calidad de este derecho, la legislaci\u00f3n le habilita para pedir la rectificaci\u00f3n, la actualizaci\u00f3n, el bloqueo o todav\u00eda la borradura de los datos a los que usted conciernen qui\u00e9nes pueden revelarse si llega el caso inexactas, err\u00f3neas, incompletas u obsoletas.<\/p>\n<p>Tambi\u00e9n, usted puede definir las directivas generales y particulares relativas a la suerte de los datos de car\u00e1cter personal despu\u00e9s de su defunci\u00f3n. Si llega el caso, los herederos de una persona fallecida pueden exigir tener en cuenta la defunci\u00f3n de su pr\u00f3xima y\\o proceder a las actualizaciones necesarias.<\/p>\n<p>Para ayudarse en su gesti\u00f3n, particularmente si usted desea ejercer su derecho de acceso por el envio de una demanda escrita a la direcci\u00f3n postal mencionada m\u00e1s alta, usted encuentra un modelo de correo elaborado por la Comisi\u00f3n Nacional de la Inform\u00e1tica y de las Libertades (el \u00abCNIL\u00bb).<\/p>\n<p><a href=\"https:\/\/www.cnil.fr\/fr\/modele\/courrier\/rectifier-des-donnees-inexactes-obsoletes-ou-perimees\">https:\/\/www.cnil.fr\/fr\/modele\/courrier\/rectifier-des-donnees-inexactes-obsoletes-ou-perimees<\/a><\/p>\n<h2><strong><u>V-USO DE COOKIES<\/u><\/strong><\/h2>\n<p><u>\u00a0<\/u>En el momento de sus primera conexi\u00f3n sobre el sitio Web de CUTIs LAXA INTERNATAIONALE, ustedes son advertidos por una tira abajo sus pantalla que las informaciones relativas a su navegaci\u00f3n son susceptibles de ser registradas en ficheros llamados \u201ccookies \u00ab. Nuestra pol\u00edtica de utilizaci\u00f3n del cookies les permite comprender mejor las disposiciones que ponemos en ejecuci\u00f3n en materia de navegaci\u00f3n sobre nuestro sitio Web.<br \/>\nCUTIS LAXA INTERNATAIONALE, como editor del sitio Web presente, podr\u00e1 proceder a la implantaci\u00f3n de un cookie sobre el disco duro de su terminal (ordenador, tableta, m\u00f3vil etc.) con el fin de garantizarle una navegaci\u00f3n fluida y \u00f3ptima sobre nuestra p\u00e1gina internet.<br \/>\nEl \u00abcookies\u00bb (o testigos de conexi\u00f3n) son unos peque\u00f1os archivos de texto de talla limitada que nos permiten reconocer su ordenador, su tableta o su m\u00f3vil a los fines de personalizar los servicios que le proponemos.<br \/>\nLas informaciones recogidas por el rodeo del cookies no permiten de ninguna manera identificarle nominalmente. Son utilizadas exclusivamente para nuestras necesidades limpias con el fin de mejorar la interactividad y la realizaci\u00f3n de nuestro sitio Web. Ninguno de estas informaciones es objeto de una comunicaci\u00f3n cerca de tercio excepto cuando CUTIS LAXA INTERNACIONAL obtuvo previamente su consentimiento o bien cuando la divulgaci\u00f3n de estas informaciones es requerida por la ley, por orden de un tribunal o toda autoridad administrativa o judicial habilitada para conocerlo<br \/>\nEl cookies de medida de audiencia establecen estad\u00edsticas que conciernen a la frecuentaci\u00f3n y la utilizaci\u00f3n de elementos diversos del sitio Web (como los contenidos \/ p\u00e1ginas que usted visit\u00f3).<br \/>\nEstos datos participan en el mejoramiento de la ergonom\u00eda del sitio Web de CUTIS LAXA INTERNACIONAL. Una herramienta de medida de audiencia es utilizada sobre la p\u00e1gina internet presente: Google Analytics.<br \/>\nSi usted no quiere que sigui\u00e9ramos sus actividades durante su visita de nuestro sitio, usted puede desactivar esta funci\u00f3n haciendo clic en el lazo siguiente: \u00a0<div data-disabled_by_browser=\"Please enable this feature in your browser settings and reload the page.\" class=\"av-switch-aviaPrivacyGoogleTrackingDisabled av-toggle-switch av-cookie-disable-external-toggle av-cookie-save-unchecked av-cookie-default-checked\"><label><input type=\"checkbox\" checked=\"checked\" id=\"aviaPrivacyGoogleTrackingDisabled\" class=\"aviaPrivacyGoogleTrackingDisabled \" name=\"aviaPrivacyGoogleTrackingDisabled\" ><span class=\"toggle-track\"><\/span><span class=\"toggle-label-content\">Click to enable\/disable Google Analytics tracking.<\/span><\/label><\/div> hacer clic aqu\u00ed para acelerar \/ desactivar la actividad de google analytics .<\/p>\n<h2><strong><u>VI-FINANCIACI\u00d3N<\/u><\/strong><\/h2>\n<p>Notre site est h\u00e9berg\u00e9 sur GANDI. Sa conception, sa r\u00e9alisation et ses mises \u00e0 jour sont effectu\u00e9s par des b\u00e9n\u00e9voles. Les frais \u00e9ventuels li\u00e9s \u00e0 l\u2019h\u00e9bergement, la cr\u00e9ation et la maintenance de notre site (logiciels entre autres) sont pris en charge int\u00e9gralement par notre association. Nous ne recevons aucune subvention sp\u00e9cifique pour notre site, nous n\u2019acceptons aucune publicit\u00e9, ni ne recevons aucuns fonds de nature publicitaire ou commerciale.<br \/>\nNuestro sitio est\u00e1 alojado en GANDI (www.gandi.net). Su concepci\u00f3n, realizaci\u00f3n y actualizaciones son efectuadas por voluntarios. Los gastos eventuales ligados al alojamiento, la creaci\u00f3n y el mantenimiento de nuestro sitio (softwares entre otras cosas) son cubiertos por nuestra asociaci\u00f3n. No recibimos ninguna subvenci\u00f3n espec\u00edfica para nuestro sitio, no aceptamos publicidad, no recibimos ning\u00fan fondo de naturaleza publicitaria o comercial.<br \/>\nNuestra asociaci\u00f3n funciona\u00a0\u00fanica y exclusivamente\u00a0gracias a las siguientes fuentes de financiaci\u00f3n:<\/p>\n<ul>\n<li>Afiliaciones y\/o donativos\u00a0personales\u00a0;<\/li>\n<li>Venta de objetos diversos en provecho de la asociaci\u00f3n\u00a0;<\/li>\n<li>Peque\u00f1as subvenciones de organismos p\u00fablicos locales<\/li>\n<\/ul>\n<h2><strong><u>VII-ENLACES HACIA OTROS SITIOS<\/u><\/strong><\/h2>\n<p>Este sitio contiene direcciones y lazos directos hacia los sitios de instituciones, agrupamientos, federaciones o asociaciones en lazo con handicap en general y las enfermedades raras, las hu\u00e9rfanas y\\o las gen\u00e9ticas, en particular. Estos lazos tienen s\u00f3lo un fin informativo. No garantizamos el contenido de estos sitios y no podemos en ning\u00fan caso valorar de all\u00ed responsables<\/p>\n<p>&nbsp;<\/p>\n","protected":false},"excerpt":{"rendered":"<p>MENCIONES LEGALES Y POL\u00cdTICA DE CONFIDENCIALIDAD DEL SITIO INTERNET Actualizada el 02 de junio de 2018, seg\u00fan la Reglamentaci\u00f3n General sobre la Protecci\u00f3n de los Datos personales (RGPD) I-IDENTIDAD Este sitio est\u00e1 bajo la total responsabilidad de la asociaci\u00f3n mencionada m\u00e1s abajo. CUTIS LAXA INTERNATIONALE 138 impasse de Champs Gervais 74890 Bons en Chablais France [&hellip;]<\/p>\n","protected":false},"author":1,"featured_media":0,"parent":0,"menu_order":0,"comment_status":"closed","ping_status":"closed","template":"","meta":{"footnotes":""},"class_list":["post-6288","page","type-page","status-publish","hentry"],"yoast_head":"<!-- This site is optimized with the Yoast SEO plugin v22.0 - https:\/\/yoast.com\/wordpress\/plugins\/seo\/ -->\n<title>POL\u00cdTICA DE CONFIDENCIALIDAD - CUTIS LAXA INTERNATIONALE<\/title>\n<meta name=\"robots\" content=\"index, follow, max-snippet:-1, max-image-preview:large, max-video-preview:-1\" \/>\n<link rel=\"canonical\" href=\"https:\/\/www.cutislaxa.org\/privacy-policy\/\" \/>\n<meta property=\"og:locale\" content=\"es_ES\" \/>\n<meta property=\"og:type\" content=\"article\" \/>\n<meta property=\"og:title\" content=\"POL\u00cdTICA DE CONFIDENCIALIDAD - CUTIS LAXA INTERNATIONALE\" \/>\n<meta property=\"og:description\" content=\"MENCIONES LEGALES Y POL\u00cdTICA DE CONFIDENCIALIDAD DEL SITIO INTERNET Actualizada el 02 de junio de 2018, seg\u00fan la Reglamentaci\u00f3n General sobre la Protecci\u00f3n de los Datos personales (RGPD) I-IDENTIDAD Este sitio est\u00e1 bajo la total responsabilidad de la asociaci\u00f3n mencionada m\u00e1s abajo. CUTIS LAXA INTERNATIONALE 138 impasse de Champs Gervais 74890 Bons en Chablais France [&hellip;]\" \/>\n<meta property=\"og:url\" content=\"https:\/\/www.cutislaxa.org\/privacy-policy\/\" \/>\n<meta property=\"og:site_name\" content=\"CUTIS LAXA INTERNATIONALE\" \/>\n<meta property=\"article:publisher\" content=\"https:\/\/www.facebook.com\/CutisLaxaAssociation\/\" \/>\n<meta property=\"article:modified_time\" content=\"2018-06-07T15:51:52+00:00\" \/>\n<meta name=\"twitter:card\" content=\"summary_large_image\" \/>\n<meta name=\"twitter:label1\" content=\"Tiempo de lectura\" \/>\n\t<meta name=\"twitter:data1\" content=\"9 minutos\" \/>\n<script type=\"application\/ld+json\" class=\"yoast-schema-graph\">{\"@context\":\"https:\/\/schema.org\",\"@graph\":[{\"@type\":\"WebPage\",\"@id\":\"https:\/\/www.cutislaxa.org\/privacy-policy\/\",\"url\":\"https:\/\/www.cutislaxa.org\/privacy-policy\/\",\"name\":\"POL\u00cdTICA DE CONFIDENCIALIDAD - CUTIS LAXA INTERNATIONALE\",\"isPartOf\":{\"@id\":\"https:\/\/www.cutislaxa.org\/#website\"},\"datePublished\":\"2018-06-03T14:47:49+00:00\",\"dateModified\":\"2018-06-07T15:51:52+00:00\",\"breadcrumb\":{\"@id\":\"https:\/\/www.cutislaxa.org\/privacy-policy\/#breadcrumb\"},\"inLanguage\":\"es\",\"potentialAction\":[{\"@type\":\"ReadAction\",\"target\":[\"https:\/\/www.cutislaxa.org\/privacy-policy\/\"]}]},{\"@type\":\"BreadcrumbList\",\"@id\":\"https:\/\/www.cutislaxa.org\/privacy-policy\/#breadcrumb\",\"itemListElement\":[{\"@type\":\"ListItem\",\"position\":1,\"name\":\"Home\",\"item\":\"https:\/\/www.cutislaxa.org\/es\/bienvenida\/\"},{\"@type\":\"ListItem\",\"position\":2,\"name\":\"POL\u00cdTICA DE CONFIDENCIALIDAD\"}]},{\"@type\":\"WebSite\",\"@id\":\"https:\/\/www.cutislaxa.org\/#website\",\"url\":\"https:\/\/www.cutislaxa.org\/\",\"name\":\"CUTIS LAXA INTERNATIONALE\",\"description\":\"\",\"publisher\":{\"@id\":\"https:\/\/www.cutislaxa.org\/#organization\"},\"potentialAction\":[{\"@type\":\"SearchAction\",\"target\":{\"@type\":\"EntryPoint\",\"urlTemplate\":\"https:\/\/www.cutislaxa.org\/?s={search_term_string}\"},\"query-input\":\"required name=search_term_string\"}],\"inLanguage\":\"es\"},{\"@type\":\"Organization\",\"@id\":\"https:\/\/www.cutislaxa.org\/#organization\",\"name\":\"Cutis Laxa Internationale\",\"url\":\"https:\/\/www.cutislaxa.org\/\",\"logo\":{\"@type\":\"ImageObject\",\"inLanguage\":\"es\",\"@id\":\"https:\/\/www.cutislaxa.org\/#\/schema\/logo\/image\/\",\"url\":\"https:\/\/www.cutislaxa.org\/wp-content\/uploads\/2017\/12\/NEW-LOGO-CLI-4.png\",\"contentUrl\":\"https:\/\/www.cutislaxa.org\/wp-content\/uploads\/2017\/12\/NEW-LOGO-CLI-4.png\",\"width\":417,\"height\":120,\"caption\":\"Cutis Laxa Internationale\"},\"image\":{\"@id\":\"https:\/\/www.cutislaxa.org\/#\/schema\/logo\/image\/\"},\"sameAs\":[\"https:\/\/www.facebook.com\/CutisLaxaAssociation\/\"]}]}<\/script>\n<!-- \/ Yoast SEO plugin. -->","yoast_head_json":{"title":"POL\u00cdTICA DE CONFIDENCIALIDAD - CUTIS LAXA INTERNATIONALE","robots":{"index":"index","follow":"follow","max-snippet":"max-snippet:-1","max-image-preview":"max-image-preview:large","max-video-preview":"max-video-preview:-1"},"canonical":"https:\/\/www.cutislaxa.org\/privacy-policy\/","og_locale":"es_ES","og_type":"article","og_title":"POL\u00cdTICA DE CONFIDENCIALIDAD - CUTIS LAXA INTERNATIONALE","og_description":"MENCIONES LEGALES Y POL\u00cdTICA DE CONFIDENCIALIDAD DEL SITIO INTERNET Actualizada el 02 de junio de 2018, seg\u00fan la Reglamentaci\u00f3n General sobre la Protecci\u00f3n de los Datos personales (RGPD) I-IDENTIDAD Este sitio est\u00e1 bajo la total responsabilidad de la asociaci\u00f3n mencionada m\u00e1s abajo. CUTIS LAXA INTERNATIONALE 138 impasse de Champs Gervais 74890 Bons en Chablais France [&hellip;]","og_url":"https:\/\/www.cutislaxa.org\/privacy-policy\/","og_site_name":"CUTIS LAXA INTERNATIONALE","article_publisher":"https:\/\/www.facebook.com\/CutisLaxaAssociation\/","article_modified_time":"2018-06-07T15:51:52+00:00","twitter_card":"summary_large_image","twitter_misc":{"Tiempo de lectura":"9 minutos"},"schema":{"@context":"https:\/\/schema.org","@graph":[{"@type":"WebPage","@id":"https:\/\/www.cutislaxa.org\/privacy-policy\/","url":"https:\/\/www.cutislaxa.org\/privacy-policy\/","name":"POL\u00cdTICA DE CONFIDENCIALIDAD - CUTIS LAXA INTERNATIONALE","isPartOf":{"@id":"https:\/\/www.cutislaxa.org\/#website"},"datePublished":"2018-06-03T14:47:49+00:00","dateModified":"2018-06-07T15:51:52+00:00","breadcrumb":{"@id":"https:\/\/www.cutislaxa.org\/privacy-policy\/#breadcrumb"},"inLanguage":"es","potentialAction":[{"@type":"ReadAction","target":["https:\/\/www.cutislaxa.org\/privacy-policy\/"]}]},{"@type":"BreadcrumbList","@id":"https:\/\/www.cutislaxa.org\/privacy-policy\/#breadcrumb","itemListElement":[{"@type":"ListItem","position":1,"name":"Home","item":"https:\/\/www.cutislaxa.org\/es\/bienvenida\/"},{"@type":"ListItem","position":2,"name":"POL\u00cdTICA DE CONFIDENCIALIDAD"}]},{"@type":"WebSite","@id":"https:\/\/www.cutislaxa.org\/#website","url":"https:\/\/www.cutislaxa.org\/","name":"CUTIS LAXA INTERNATIONALE","description":"","publisher":{"@id":"https:\/\/www.cutislaxa.org\/#organization"},"potentialAction":[{"@type":"SearchAction","target":{"@type":"EntryPoint","urlTemplate":"https:\/\/www.cutislaxa.org\/?s={search_term_string}"},"query-input":"required name=search_term_string"}],"inLanguage":"es"},{"@type":"Organization","@id":"https:\/\/www.cutislaxa.org\/#organization","name":"Cutis Laxa Internationale","url":"https:\/\/www.cutislaxa.org\/","logo":{"@type":"ImageObject","inLanguage":"es","@id":"https:\/\/www.cutislaxa.org\/#\/schema\/logo\/image\/","url":"https:\/\/www.cutislaxa.org\/wp-content\/uploads\/2017\/12\/NEW-LOGO-CLI-4.png","contentUrl":"https:\/\/www.cutislaxa.org\/wp-content\/uploads\/2017\/12\/NEW-LOGO-CLI-4.png","width":417,"height":120,"caption":"Cutis Laxa Internationale"},"image":{"@id":"https:\/\/www.cutislaxa.org\/#\/schema\/logo\/image\/"},"sameAs":["https:\/\/www.facebook.com\/CutisLaxaAssociation\/"]}]}},"_links":{"self":[{"href":"https:\/\/www.cutislaxa.org\/es\/wp-json\/wp\/v2\/pages\/6288","targetHints":{"allow":["GET"]}}],"collection":[{"href":"https:\/\/www.cutislaxa.org\/es\/wp-json\/wp\/v2\/pages"}],"about":[{"href":"https:\/\/www.cutislaxa.org\/es\/wp-json\/wp\/v2\/types\/page"}],"author":[{"embeddable":true,"href":"https:\/\/www.cutislaxa.org\/es\/wp-json\/wp\/v2\/users\/1"}],"replies":[{"embeddable":true,"href":"https:\/\/www.cutislaxa.org\/es\/wp-json\/wp\/v2\/comments?post=6288"}],"version-history":[{"count":8,"href":"https:\/\/www.cutislaxa.org\/es\/wp-json\/wp\/v2\/pages\/6288\/revisions"}],"predecessor-version":[{"id":6308,"href":"https:\/\/www.cutislaxa.org\/es\/wp-json\/wp\/v2\/pages\/6288\/revisions\/6308"}],"wp:attachment":[{"href":"https:\/\/www.cutislaxa.org\/es\/wp-json\/wp\/v2\/media?parent=6288"}],"curies":[{"name":"wp","href":"https:\/\/api.w.org\/{rel}","templated":true}]}}