{"id":4576,"date":"2023-04-29T18:14:11","date_gmt":"2023-04-29T16:14:11","guid":{"rendered":"http:\/\/www.cutislaxa.org\/acerca-de-nosotros\/our-patrons\/"},"modified":"2026-03-19T17:42:11","modified_gmt":"2026-03-19T16:42:11","slug":"our-patrons","status":"publish","type":"page","link":"https:\/\/www.cutislaxa.org\/es\/acerca-de-nosotros\/our-patrons\/","title":{"rendered":"Padrinos"},"content":{"rendered":"<div class=\"flex_column av_one_full  flex_column_div av-zero-column-padding first  avia-builder-el-0  el_before_av_one_fourth  avia-builder-el-first  \" style='border-radius:0px; '><div  style='padding-bottom:10px; font-size:70px;' class='av-special-heading av-special-heading-h1  blockquote modern-quote modern-centered  avia-builder-el-1  avia-builder-el-no-sibling  av-inherit-size '><h1 class='av-special-heading-tag '  itemprop=\"headline\"  > Padrinos <\/h1><div class='special-heading-border'><div class='special-heading-inner-border' ><\/div><\/div><\/div><\/div>\n<div class=\"flex_column av_one_fourth  flex_column_div av-zero-column-padding first  avia-builder-el-2  el_after_av_one_full  el_before_av_three_fourth  column-top-margin\" style='border-radius:0px; '><div  class='avia-image-container  av-styling-    avia-builder-el-3  avia-builder-el-no-sibling  avia-align-center '  itemprop=\"image\" itemscope=\"itemscope\" itemtype=\"https:\/\/schema.org\/ImageObject\"  ><div class='avia-image-container-inner'><div class='avia-image-overlay-wrap'><img decoding=\"async\" class='wp-image-14833 avia-img-lazy-loading-not-14833 avia_image' src=\"https:\/\/www.cutislaxa.org\/wp-content\/uploads\/2023\/06\/Carte-Larsene-recto-300x161.jpg\" alt='' title='Carte Larsene recto' height=\"161\" width=\"300\"  itemprop=\"thumbnailUrl\" srcset=\"https:\/\/www.cutislaxa.org\/wp-content\/uploads\/2023\/06\/Carte-Larsene-recto-300x161.jpg 300w, https:\/\/www.cutislaxa.org\/wp-content\/uploads\/2023\/06\/Carte-Larsene-recto-768x412.jpg 768w, https:\/\/www.cutislaxa.org\/wp-content\/uploads\/2023\/06\/Carte-Larsene-recto-705x378.jpg 705w, https:\/\/www.cutislaxa.org\/wp-content\/uploads\/2023\/06\/Carte-Larsene-recto.jpg 992w\" sizes=\"(max-width: 300px) 100vw, 300px\" \/><\/div><\/div><\/div><\/div>\n<div class=\"flex_column av_three_fourth  flex_column_div av-zero-column-padding   avia-builder-el-4  el_after_av_one_fourth  el_before_av_hr  column-top-margin\" style='border-radius:0px; '><section class=\"av_textblock_section \"  itemscope=\"itemscope\" itemtype=\"https:\/\/schema.org\/CreativeWork\" ><div class='avia_textblock  '   itemprop=\"text\" ><h3>NUESTRO PADRINO<\/h3>\n<p>LARSENE es un mago c\u00e9lebre por sus prestaciones durante grandes acontecimientos deportivos sobre el territorio franc\u00e9s (Torneo de Tenis de Roland-Garros, Torneo de Francia ciclista).<\/p>\n<p>No es porque somos enfermos que estamos triste, ni mucho menos, &#8230;&#8230; y LARSENE nos ayuda guardar el cabo&#8230;..Le agradecemos con presteza\u2026<\/p>\n<p>Y&#8230;.. Qu\u00e9 sorpresa&#8230;. Mientras estaba invitada a una entrevista en la radio \u00abVivir FM\u00bb, descubrimos que ambos fuimos entrevistados el mismo d\u00eda&#8230;<\/p>\n<p>Pronto organizaremos un evento juntos&#8230;. Gracias LARSENE por permanecer fielmente a nuestro lado.<\/p>\n<p><img loading=\"lazy\" decoding=\"async\" class=\"size-medium wp-image-14826 aligncenter\" src=\"https:\/\/www.cutislaxa.org\/wp-content\/uploads\/2023\/06\/LARSENE-300x225.jpg\" alt=\"\" width=\"300\" height=\"225\" srcset=\"https:\/\/www.cutislaxa.org\/wp-content\/uploads\/2023\/06\/LARSENE-300x225.jpg 300w, https:\/\/www.cutislaxa.org\/wp-content\/uploads\/2023\/06\/LARSENE-768x576.jpg 768w, https:\/\/www.cutislaxa.org\/wp-content\/uploads\/2023\/06\/LARSENE-705x529.jpg 705w, https:\/\/www.cutislaxa.org\/wp-content\/uploads\/2023\/06\/LARSENE.jpg 800w\" sizes=\"auto, (max-width: 300px) 100vw, 300px\" \/><\/p>\n<p style=\"text-align: center;\">Ve a echar un vistazo<\/p>\n<p><img loading=\"lazy\" decoding=\"async\" class=\"size-medium wp-image-14837 aligncenter\" src=\"https:\/\/www.cutislaxa.org\/wp-content\/uploads\/2023\/06\/Carte-Larsene-verso-1-298x300.jpg\" alt=\"\" width=\"298\" height=\"300\" srcset=\"https:\/\/www.cutislaxa.org\/wp-content\/uploads\/2023\/06\/Carte-Larsene-verso-1-298x300.jpg 298w, https:\/\/www.cutislaxa.org\/wp-content\/uploads\/2023\/06\/Carte-Larsene-verso-1-80x80.jpg 80w, https:\/\/www.cutislaxa.org\/wp-content\/uploads\/2023\/06\/Carte-Larsene-verso-1-36x36.jpg 36w, https:\/\/www.cutislaxa.org\/wp-content\/uploads\/2023\/06\/Carte-Larsene-verso-1-180x180.jpg 180w, https:\/\/www.cutislaxa.org\/wp-content\/uploads\/2023\/06\/Carte-Larsene-verso-1.jpg 372w\" sizes=\"auto, (max-width: 298px) 100vw, 298px\" \/><\/p>\n<p style=\"text-align: center;\"><a href=\"http:\/\/www.magicien-larsene.fr\">www.magicien-larsene.fr<\/a><\/p>\n<\/div><\/section><\/div>\n<div   class='hr hr-default   avia-builder-el-6  el_after_av_three_fourth  el_before_av_one_fourth '><span class='hr-inner ' ><span class='hr-inner-style'><\/span><\/span><\/div>\n<div class=\"flex_column av_one_fourth  flex_column_div av-zero-column-padding first  avia-builder-el-7  el_after_av_hr  el_before_av_three_fourth  \" style='border-radius:0px; '><div  class='avia-image-container  av-styling-    avia-builder-el-8  avia-builder-el-no-sibling  avia-align-center '  itemprop=\"image\" itemscope=\"itemscope\" itemtype=\"https:\/\/schema.org\/ImageObject\"  ><div class='avia-image-container-inner'><div class='avia-image-overlay-wrap'><img decoding=\"async\" class='wp-image-7189 avia-img-lazy-loading-not-7189 avia_image' src=\"https:\/\/www.cutislaxa.org\/wp-content\/uploads\/2018\/02\/Photo-Marraine.jpg\" alt='' title='Photo Marraine' height=\"151\" width=\"118\"  itemprop=\"thumbnailUrl\"  \/><\/div><\/div><\/div><\/div>\n<div class=\"flex_column av_three_fourth  flex_column_div av-zero-column-padding   avia-builder-el-9  el_after_av_one_fourth  avia-builder-el-last  \" style='border-radius:0px; '><section class=\"av_textblock_section \"  itemscope=\"itemscope\" itemtype=\"https:\/\/schema.org\/CreativeWork\" ><div class='avia_textblock  '   itemprop=\"text\" ><h3>NOSTRA MADRINA<\/h3>\n<h2>Nathalie RIHOUET\u00a0Periodista de France 2\u00a0\u00a0(TV)<\/h2>\n<p><em>\u00abHasta hace poco tiempo todav\u00eda la cutis laxa era una enfermedad de las que llamamos enfermedades hu\u00e9rfanas. Los casos conocidos eran tan raros que no se pod\u00eda hacer ninguna investigaci\u00f3n. A los enfermos y a sus familias no les quedaba m\u00e1s remedio que intentar vivir con esta enfermedad en solitario.<\/em><\/p>\n<p><em>Solamente se sab\u00eda que esta enfermedad era gen\u00e9tica y que se pod\u00eda definir como la p\u00e9rdida de la elasticidad de la piel&#8230; por lo que respecta al exterior&#8230; porque en el interior todos los \u00f3rganos pod\u00edan estar afectados.<\/em><\/p>\n<p><em>Cecile est\u00e1 afectada por la cutis laxa. Durante diez a\u00f1os, sus padres y su familia intentan luchar contra esta fatalidad sin ayuda, sin apoyo del Estado, ni de ninguna otra estructura cient\u00edfica. Pero un d\u00eda, el rostro de Cecile apareci\u00f3 en las pantallas con ocasi\u00f3n del Telet\u00f3n. Su enfermedad fue mediatizada y en seguida fue conocida por muchas personas. Entonces empezaron a aparecer otras personas afectadas por la cutis laxa:\u00a0 9, despu\u00e9s 10, despu\u00e9s 11&#8230;<\/em><\/p>\n<p><em>Hoy en d\u00eda esta enfermedad ya no est\u00e1 hu\u00e9rfana. Despu\u00e9s de tanto tiempo, Cecile y los dem\u00e1s han podido romper el aislamiento en el cual estaban encerrados. \u00c9sta ha sido la primera victoria<\/em><\/p>\n<p><em>Nace una asociaci\u00f3n. Hoy en d\u00eda re\u00fane a 582 enfermos y a sus familias, en Jap\u00f3n, en Irlanda del Norte, en Estados Unidos, en Francia&#8230; Pero adem\u00e1s de estas personas afectadas por la cutis laxa, \u00bfcu\u00e1ntas m\u00e1s existir\u00e1n que ignoran el origen de su enfermedad, que no est\u00e1n informadas, que aterradas ante las miradas de los dem\u00e1s, se esconden?.<\/em><\/p>\n<p><em>La investigaci\u00f3n est\u00e1 iniciando su camino, pero como en todos los combates, en esta guerra la clave de la victoria es \u00a1el dinero!. Esta enfermedad puede afectar a cualquier ni\u00f1o que nazca, nadie est\u00e1 a salvo.<\/em><\/p>\n<p><strong><em>\u00abGracias por ayudarnos a vencer la cutis laxa.\u201d<\/em><\/strong><\/p>\n<p><img loading=\"lazy\" decoding=\"async\" class=\"size-full wp-image-4475 alignleft\" src=\"http:\/\/www.cutislaxa.org\/wp-content\/uploads\/2018\/02\/Signature-Marraine.png\" alt=\"\" width=\"172\" height=\"77\" \/><\/p>\n<\/div><\/section><\/div>\n","protected":false},"excerpt":{"rendered":"","protected":false},"author":1,"featured_media":0,"parent":3423,"menu_order":0,"comment_status":"closed","ping_status":"closed","template":"","meta":{"footnotes":""},"class_list":["post-4576","page","type-page","status-publish","hentry"],"yoast_head":"<!-- This site is optimized with the Yoast SEO plugin v22.0 - https:\/\/yoast.com\/wordpress\/plugins\/seo\/ -->\n<title>Padrinos - CUTIS LAXA INTERNATIONALE<\/title>\n<meta name=\"robots\" content=\"index, follow, max-snippet:-1, max-image-preview:large, max-video-preview:-1\" \/>\n<link rel=\"canonical\" href=\"https:\/\/www.cutislaxa.org\/es\/acerca-de-nosotros\/our-patrons\/\" \/>\n<meta property=\"og:locale\" content=\"es_ES\" \/>\n<meta property=\"og:type\" content=\"article\" \/>\n<meta property=\"og:title\" content=\"Padrinos - CUTIS LAXA INTERNATIONALE\" \/>\n<meta property=\"og:url\" content=\"https:\/\/www.cutislaxa.org\/es\/acerca-de-nosotros\/our-patrons\/\" \/>\n<meta property=\"og:site_name\" content=\"CUTIS LAXA INTERNATIONALE\" \/>\n<meta property=\"article:publisher\" content=\"https:\/\/www.facebook.com\/CutisLaxaAssociation\/\" \/>\n<meta property=\"article:modified_time\" content=\"2026-03-19T16:42:11+00:00\" \/>\n<meta property=\"og:image\" content=\"https:\/\/www.cutislaxa.org\/wp-content\/uploads\/2023\/06\/LARSENE-300x225.jpg\" \/>\n<meta name=\"twitter:card\" content=\"summary_large_image\" \/>\n<meta name=\"twitter:label1\" content=\"Tiempo de lectura\" \/>\n\t<meta name=\"twitter:data1\" content=\"4 minutos\" \/>\n<script type=\"application\/ld+json\" class=\"yoast-schema-graph\">{\"@context\":\"https:\/\/schema.org\",\"@graph\":[{\"@type\":\"WebPage\",\"@id\":\"https:\/\/www.cutislaxa.org\/es\/acerca-de-nosotros\/our-patrons\/\",\"url\":\"https:\/\/www.cutislaxa.org\/es\/acerca-de-nosotros\/our-patrons\/\",\"name\":\"Padrinos - CUTIS LAXA INTERNATIONALE\",\"isPartOf\":{\"@id\":\"https:\/\/www.cutislaxa.org\/#website\"},\"datePublished\":\"2023-04-29T16:14:11+00:00\",\"dateModified\":\"2026-03-19T16:42:11+00:00\",\"breadcrumb\":{\"@id\":\"https:\/\/www.cutislaxa.org\/es\/acerca-de-nosotros\/our-patrons\/#breadcrumb\"},\"inLanguage\":\"es\",\"potentialAction\":[{\"@type\":\"ReadAction\",\"target\":[\"https:\/\/www.cutislaxa.org\/es\/acerca-de-nosotros\/our-patrons\/\"]}]},{\"@type\":\"BreadcrumbList\",\"@id\":\"https:\/\/www.cutislaxa.org\/es\/acerca-de-nosotros\/our-patrons\/#breadcrumb\",\"itemListElement\":[{\"@type\":\"ListItem\",\"position\":1,\"name\":\"Home\",\"item\":\"https:\/\/www.cutislaxa.org\/es\/bienvenida\/\"},{\"@type\":\"ListItem\",\"position\":2,\"name\":\"Acerca de Nosotros\",\"item\":\"https:\/\/www.cutislaxa.org\/about-us\/\"},{\"@type\":\"ListItem\",\"position\":3,\"name\":\"Padrinos\"}]},{\"@type\":\"WebSite\",\"@id\":\"https:\/\/www.cutislaxa.org\/#website\",\"url\":\"https:\/\/www.cutislaxa.org\/\",\"name\":\"CUTIS LAXA INTERNATIONALE\",\"description\":\"\",\"publisher\":{\"@id\":\"https:\/\/www.cutislaxa.org\/#organization\"},\"potentialAction\":[{\"@type\":\"SearchAction\",\"target\":{\"@type\":\"EntryPoint\",\"urlTemplate\":\"https:\/\/www.cutislaxa.org\/?s={search_term_string}\"},\"query-input\":\"required name=search_term_string\"}],\"inLanguage\":\"es\"},{\"@type\":\"Organization\",\"@id\":\"https:\/\/www.cutislaxa.org\/#organization\",\"name\":\"Cutis Laxa Internationale\",\"url\":\"https:\/\/www.cutislaxa.org\/\",\"logo\":{\"@type\":\"ImageObject\",\"inLanguage\":\"es\",\"@id\":\"https:\/\/www.cutislaxa.org\/#\/schema\/logo\/image\/\",\"url\":\"https:\/\/www.cutislaxa.org\/wp-content\/uploads\/2017\/12\/NEW-LOGO-CLI-4.png\",\"contentUrl\":\"https:\/\/www.cutislaxa.org\/wp-content\/uploads\/2017\/12\/NEW-LOGO-CLI-4.png\",\"width\":417,\"height\":120,\"caption\":\"Cutis Laxa Internationale\"},\"image\":{\"@id\":\"https:\/\/www.cutislaxa.org\/#\/schema\/logo\/image\/\"},\"sameAs\":[\"https:\/\/www.facebook.com\/CutisLaxaAssociation\/\"]}]}<\/script>\n<!-- \/ Yoast SEO plugin. -->","yoast_head_json":{"title":"Padrinos - CUTIS LAXA INTERNATIONALE","robots":{"index":"index","follow":"follow","max-snippet":"max-snippet:-1","max-image-preview":"max-image-preview:large","max-video-preview":"max-video-preview:-1"},"canonical":"https:\/\/www.cutislaxa.org\/es\/acerca-de-nosotros\/our-patrons\/","og_locale":"es_ES","og_type":"article","og_title":"Padrinos - CUTIS LAXA INTERNATIONALE","og_url":"https:\/\/www.cutislaxa.org\/es\/acerca-de-nosotros\/our-patrons\/","og_site_name":"CUTIS LAXA INTERNATIONALE","article_publisher":"https:\/\/www.facebook.com\/CutisLaxaAssociation\/","article_modified_time":"2026-03-19T16:42:11+00:00","og_image":[{"url":"https:\/\/www.cutislaxa.org\/wp-content\/uploads\/2023\/06\/LARSENE-300x225.jpg"}],"twitter_card":"summary_large_image","twitter_misc":{"Tiempo de lectura":"4 minutos"},"schema":{"@context":"https:\/\/schema.org","@graph":[{"@type":"WebPage","@id":"https:\/\/www.cutislaxa.org\/es\/acerca-de-nosotros\/our-patrons\/","url":"https:\/\/www.cutislaxa.org\/es\/acerca-de-nosotros\/our-patrons\/","name":"Padrinos - CUTIS LAXA INTERNATIONALE","isPartOf":{"@id":"https:\/\/www.cutislaxa.org\/#website"},"datePublished":"2023-04-29T16:14:11+00:00","dateModified":"2026-03-19T16:42:11+00:00","breadcrumb":{"@id":"https:\/\/www.cutislaxa.org\/es\/acerca-de-nosotros\/our-patrons\/#breadcrumb"},"inLanguage":"es","potentialAction":[{"@type":"ReadAction","target":["https:\/\/www.cutislaxa.org\/es\/acerca-de-nosotros\/our-patrons\/"]}]},{"@type":"BreadcrumbList","@id":"https:\/\/www.cutislaxa.org\/es\/acerca-de-nosotros\/our-patrons\/#breadcrumb","itemListElement":[{"@type":"ListItem","position":1,"name":"Home","item":"https:\/\/www.cutislaxa.org\/es\/bienvenida\/"},{"@type":"ListItem","position":2,"name":"Acerca de Nosotros","item":"https:\/\/www.cutislaxa.org\/about-us\/"},{"@type":"ListItem","position":3,"name":"Padrinos"}]},{"@type":"WebSite","@id":"https:\/\/www.cutislaxa.org\/#website","url":"https:\/\/www.cutislaxa.org\/","name":"CUTIS LAXA INTERNATIONALE","description":"","publisher":{"@id":"https:\/\/www.cutislaxa.org\/#organization"},"potentialAction":[{"@type":"SearchAction","target":{"@type":"EntryPoint","urlTemplate":"https:\/\/www.cutislaxa.org\/?s={search_term_string}"},"query-input":"required name=search_term_string"}],"inLanguage":"es"},{"@type":"Organization","@id":"https:\/\/www.cutislaxa.org\/#organization","name":"Cutis Laxa Internationale","url":"https:\/\/www.cutislaxa.org\/","logo":{"@type":"ImageObject","inLanguage":"es","@id":"https:\/\/www.cutislaxa.org\/#\/schema\/logo\/image\/","url":"https:\/\/www.cutislaxa.org\/wp-content\/uploads\/2017\/12\/NEW-LOGO-CLI-4.png","contentUrl":"https:\/\/www.cutislaxa.org\/wp-content\/uploads\/2017\/12\/NEW-LOGO-CLI-4.png","width":417,"height":120,"caption":"Cutis Laxa Internationale"},"image":{"@id":"https:\/\/www.cutislaxa.org\/#\/schema\/logo\/image\/"},"sameAs":["https:\/\/www.facebook.com\/CutisLaxaAssociation\/"]}]}},"_links":{"self":[{"href":"https:\/\/www.cutislaxa.org\/es\/wp-json\/wp\/v2\/pages\/4576","targetHints":{"allow":["GET"]}}],"collection":[{"href":"https:\/\/www.cutislaxa.org\/es\/wp-json\/wp\/v2\/pages"}],"about":[{"href":"https:\/\/www.cutislaxa.org\/es\/wp-json\/wp\/v2\/types\/page"}],"author":[{"embeddable":true,"href":"https:\/\/www.cutislaxa.org\/es\/wp-json\/wp\/v2\/users\/1"}],"replies":[{"embeddable":true,"href":"https:\/\/www.cutislaxa.org\/es\/wp-json\/wp\/v2\/comments?post=4576"}],"version-history":[{"count":19,"href":"https:\/\/www.cutislaxa.org\/es\/wp-json\/wp\/v2\/pages\/4576\/revisions"}],"predecessor-version":[{"id":19238,"href":"https:\/\/www.cutislaxa.org\/es\/wp-json\/wp\/v2\/pages\/4576\/revisions\/19238"}],"up":[{"embeddable":true,"href":"https:\/\/www.cutislaxa.org\/es\/wp-json\/wp\/v2\/pages\/3423"}],"wp:attachment":[{"href":"https:\/\/www.cutislaxa.org\/es\/wp-json\/wp\/v2\/media?parent=4576"}],"curies":[{"name":"wp","href":"https:\/\/api.w.org\/{rel}","templated":true}]}}