{"id":4359,"date":"2018-02-16T17:17:03","date_gmt":"2018-02-16T17:17:03","guid":{"rendered":"http:\/\/www.cutislaxa.org\/donation-page\/"},"modified":"2024-12-11T11:54:46","modified_gmt":"2024-12-11T10:54:46","slug":"donation-page","status":"publish","type":"page","link":"https:\/\/www.cutislaxa.org\/es\/donation-page\/","title":{"rendered":"Donation Page"},"content":{"rendered":"<div id='av_section_1'  class='avia-section main_color avia-section-default avia-no-shadow  avia-bg-style-scroll  avia-builder-el-0  el_before_av_section  avia-builder-el-first   container_wrap fullsize' style='background-color: #f5f5f2;  '  ><div class='container' ><main  role=\"main\" itemprop=\"mainContentOfPage\"  class='template-page content  av-content-full alpha units'><div class='post-entry post-entry-type-page post-entry-4359'><div class='entry-content-wrapper clearfix'>\n<div class=\"flex_column av_one_fifth  flex_column_div av-zero-column-padding first  avia-builder-el-1  el_before_av_three_fifth  avia-builder-el-first  \" style='border-radius:0px; '><\/div><div class=\"flex_column av_three_fifth  flex_column_div av-zero-column-padding   avia-builder-el-2  el_after_av_one_fifth  el_before_av_one_fifth  \" style='border-radius:0px; '><p><div  style='padding-bottom:10px; font-size:50px;' class='av-special-heading av-special-heading-h1 meta-heading blockquote modern-quote  avia-builder-el-3  el_before_av_textblock  avia-builder-el-first  av-inherit-size '><h1 class='av-special-heading-tag '  itemprop=\"headline\"  ><b>HACERSE SOCIO<\/b><\/h1><div class='special-heading-border'><div class='special-heading-inner-border' ><\/div><\/div><\/div><br \/>\n<section class=\"av_textblock_section \"  itemscope=\"itemscope\" itemtype=\"https:\/\/schema.org\/CreativeWork\" ><div class='avia_textblock  '   itemprop=\"text\" ><p>Nuestra Asociaci\u00f3n naci\u00f3 el 11 de noviembre de 2001. Somos un peque\u00f1o grupo de familias diseminadas a los cuatro rincones del globo y concernidas por esta enfermedad gen\u00e9tica rara. Adem\u00e1s de la rotura del aislamiento de los enfermos, la informaci\u00f3n de los medios m\u00e9dicos para sensibilizarlos a esta enfermedad mal conocida es uno de nuestros principales objetivos. Es dif\u00edcilmente aceptable comprobar que en nuestra \u00e9poca de las personas enfermas no se encargan por ciertos m\u00e9dicos por desconocimiento simple de su s\u00edndrome y que de estos hechos numerosos son los que, o muy tarde, no han diagnosticado.<\/p>\n<p>Hoy, gracias a la presencia de C\u00e9cile en diferentes emisiones de televisi\u00f3n (Telet\u00f3n, \u00bb esto se discute \u00ab, \u00abreportajes\u2026\u00bb) y a nuestra p\u00e1gina internet pudimos conocernos, reagruparnos, cambiar nuestras l\u00e1grimas y nuestras risas, romper la soledad en la cual cada uno viv\u00eda, pero tambi\u00e9n y sobre todo continuar ayudando a la investigaci\u00f3n. Mucho trabajo ya ha sido hecho, pero muchos todav\u00eda nos espera\u2026.<\/p>\n<h5><strong>LE NECESITAMOS.<\/strong><\/h5>\n<p>Nos comprometemos de tenerle informados sobre todo lo que interesa personalmente o de lejos a CUTIS LAXA.<\/p>\n<\/div><\/section><\/p><\/div><div class=\"flex_column av_one_fifth  flex_column_div av-zero-column-padding   avia-builder-el-5  el_after_av_three_fifth  el_before_av_one_fifth  \" style='border-radius:0px; '><\/div><div class=\"flex_column av_one_fifth  flex_column_div av-zero-column-padding first  avia-builder-el-6  el_after_av_one_fifth  el_before_av_three_fifth  column-top-margin\" style='border-radius:0px; '><\/div><div class=\"flex_column av_three_fifth  flex_column_div   avia-builder-el-7  el_after_av_one_fifth  el_before_av_one_fifth  column-top-margin\" style='border-width:3px; border-color:#37a1be; border-style:solid; padding:10px; background-color:#ffffff; border-radius:0; '><section class=\"av_textblock_section \"  itemscope=\"itemscope\" itemtype=\"https:\/\/schema.org\/CreativeWork\" ><div class='avia_textblock  av_inherit_color '  style='font-size:15px; '  itemprop=\"text\" ><p style=\"text-align: center;\">Usted desea ayudarnos:<\/p>\n<p style=\"text-align: center;\">cumpla el formulario m\u00e1s abajo <span id=\"s2_1\">y solicite nuestros datos bancarios (IBAN) por correo electr\u00f3nico a mcjlboiteux@aol.com<\/span><\/p>\n<div id=\"trtext\" style=\"text-align: center;\">\n<p><span id=\"s2_2\">Tuvimos que retirar nuestros datos bancarios de nuestro sitio debido a actos malintencionados en nuestra cuenta bancaria.<\/span><\/p>\n<p>Sin embargo, puede inscribirse en l\u00ednea a trav\u00e9s de nuestra p\u00e1gina del sitio HelloAsso utilizando el enlace siguiente (en Franc\u00e8s)<\/p>\n<p><a href=\"https:\/\/www.helloasso.com\/associations\/cutis-laxa-internationale\/adhesions\">Inscribirse via HelloAsso<\/a><\/p>\n<p><span id=\"s2_3\">\u00a0<\/span><\/p>\n<\/div>\n<\/div><\/section><br \/>\n<span  class=\"av_font_icon avia_animate_when_visible avia-icon-animate  av-icon-style-  avia-icon-pos-center \" style=\"color:#37a1be; border-color:#37a1be;\"><span class='av-icon-char' style='font-size:40px;line-height:40px;' aria-hidden='true' data-av_icon='\ue87b' data-av_iconfont='entypo-fontello' ><\/span><\/span><\/p><\/div><div class=\"flex_column av_one_fifth  flex_column_div av-zero-column-padding   avia-builder-el-10  el_after_av_three_fifth  avia-builder-el-last  column-top-margin\" style='border-radius:0px; '><\/div><\/div><\/div><\/main><!-- close content main element --><\/div><\/div><div id='av_section_2'  class='avia-section main_color avia-section-default avia-no-shadow  av-section-color-overlay-active avia-bg-style-scroll  avia-builder-el-11  el_after_av_section  avia-builder-el-last   container_wrap fullsize' style='background-color: #32bad8;  '  ><div class='av-section-color-overlay-wrap'><div class='av-section-color-overlay' style='opacity: 0.5; background-color: #ffffff; '><\/div><div class='container' ><div class='template-page content  av-content-full alpha units'><div class='post-entry post-entry-type-page post-entry-4359'><div class='entry-content-wrapper clearfix'>\n<div class=\"flex_column av_one_fifth  flex_column_div av-zero-column-padding first  avia-builder-el-12  el_before_av_three_fifth  avia-builder-el-first  \" style='border-radius:0px; '><\/div><div class=\"flex_column av_three_fifth  flex_column_div av-zero-column-padding   avia-builder-el-13  el_after_av_one_fifth  el_before_av_one_fifth  \" style='border-radius:0px; '><p><form action=\"https:\/\/www.cutislaxa.org\/es\/donation-page\/\" method=\"post\"  class=\"avia_ajax_form av-form-labels-hidden   avia-builder-el-14  el_before_av_textblock  avia-builder-el-first   \" data-avia-form-id=\"1\" data-avia-redirect='' ><fieldset><div id='avia_1_1' class='av-form-text'><\/p>\n<h3><strong>QUIERO AYUDAR A CUTIS LAXA INTERNACIONAL Y:<\/strong><\/h3>\n<p>\n<\/div><p class=' first_form  form_element form_fullwidth' id='element_avia_2_1'>    <input  name=\"avia_2_1\" class=\"input_checkbox \" type=\"checkbox\" id=\"avia_2_1\" value=\"true\"\/><label class=\"input_checkbox_label\" for=\"avia_2_1\">Deseo, por un importe de 30\u20ac, hacerme socio de Cutis Laxa Internacional<\/label><\/p><p class=' first_form  form_element form_fullwidth' id='element_avia_3_1'>    <input  name=\"avia_3_1\" class=\"input_checkbox \" type=\"checkbox\" id=\"avia_3_1\" value=\"true\"\/><label class=\"input_checkbox_label\" for=\"avia_3_1\">Deseo hacer una donaci\u00f3n<\/label><\/p><p class='  first_form  form_element form_fullwidth' id='element_avia_4_1'><label for=\"avia_4_1\">Nombre <abbr class=\"required\" title=\"requerido\">*<\/abbr><\/label> <input name=\"avia_4_1\" class=\"text_input is_empty\" type=\"text\" id=\"avia_4_1\" value=\"\"  placeholder='Nombre*'\/><\/p><p class='  first_form  form_element form_fullwidth' id='element_avia_5_1'><label for=\"avia_5_1\">Direcci\u00f3n<\/label> <input name=\"avia_5_1\" class=\"text_input \" type=\"text\" id=\"avia_5_1\" value=\"\"  placeholder='Direcci\u00f3n'\/><\/p><p class='  first_form  form_element form_element_fourth' id='element_avia_6_1'><label for=\"avia_6_1\">C\u00f3digo postal<\/label> <input name=\"avia_6_1\" class=\"text_input \" type=\"text\" id=\"avia_6_1\" value=\"\"  placeholder='C\u00f3digo postal'\/><\/p><p class='  form_element form_element_three_fourth' id='element_avia_7_1'><label for=\"avia_7_1\">Ciudad<\/label> <input name=\"avia_7_1\" class=\"text_input \" type=\"text\" id=\"avia_7_1\" value=\"\"  placeholder='Ciudad'\/><\/p><p class='  first_form  form_element form_fullwidth' id='element_avia_8_1'><label for=\"avia_8_1\">Pa\u00eds<\/label> <input name=\"avia_8_1\" class=\"text_input \" type=\"text\" id=\"avia_8_1\" value=\"\"  placeholder='Pa\u00eds'\/><\/p><p class='  first_form  form_element form_fullwidth' id='element_avia_9_1'><label for=\"avia_9_1\">E-Mail<\/label> <input name=\"avia_9_1\" class=\"text_input \" type=\"text\" id=\"avia_9_1\" value=\"\"  placeholder='E-Mail'\/><\/p><p class=\"hidden\"><input type=\"text\" name=\"avia_10_1\" class=\"hidden \" id=\"avia_10_1\" value=\"\" \/><\/p><p class='av_form_privacy_check av_contact_privacy_check first_form  form_element form_fullwidth' id='element_avia_11_1'>    <input  name=\"avia_11_1\" class=\"input_checkbox is_empty\" type=\"checkbox\" id=\"avia_11_1\" value=\"true\"\/><label class=\"input_checkbox_label\" for=\"avia_11_1\">(Le\u00ed y acepto las condiciones mencionadas en <a href='https:\/\/www.cutislaxa.org\/privacy-policy\/' target='_blank' rel=\"noopener\">la pol\u00edtica de confidencialidad <\/a> del sitio de CUTIS LAXA INTERNACIONAL <abbr class=\"required\" title=\"requerido\">*<\/abbr><\/label><\/p><p class=\"form_element \"><input type=\"hidden\" value=\"1\" name=\"avia_generated_form1\" \/><input type=\"submit\" value=\"Send\" class=\"button\"  data-sending-label=\"Enviando\"\/><\/p><\/fieldset><\/form><div id=\"ajaxresponse_1\" class=\"ajaxresponse ajaxresponse_1 hidden\"><\/div><br \/>\n<section class=\"av_textblock_section \"  itemscope=\"itemscope\" itemtype=\"https:\/\/schema.org\/CreativeWork\" ><div class='avia_textblock  '   itemprop=\"text\" ><p style=\"text-align: center;\">CUTIS LAXA INTERNATIONALE<br \/>\n138 Impasse Champs Gervais<br \/>\nF-74890 &#8211; Bons en Chablais<br \/>\nFrance<\/p>\n<p style=\"text-align: center;\">IBAN : FR76 1240 6001 2400 1806 3980 297<br \/>\nBIC : AGRIFRPP824<\/p>\n<\/div><\/section><br \/>\n<div  style='height:20px' class='hr hr-invisible   avia-builder-el-16  el_after_av_textblock  el_before_av_textblock '><span class='hr-inner ' ><span class='hr-inner-style'><\/span><\/span><\/div><br \/>\n<section class=\"av_textblock_section \"  itemscope=\"itemscope\" itemtype=\"https:\/\/schema.org\/CreativeWork\" ><div class='avia_textblock  '  style='font-size:10px; '  itemprop=\"text\" ><p>Se le enviar\u00e1 un recibo fiscal por el importe pagado para que pueda desgravar este importe en la declaraci\u00f3n de la renta.<\/p>\n<p>Las informaciones recogidas aqu\u00ed son necesarias para la gesti\u00f3n administrativa de su adhesi\u00f3n y\\o don. Son objeto de una conservaci\u00f3n y de un tratamiento inform\u00e1tico y \u00fanicamente destinadas a la secretariado de Cutis Laxa Internationale. En aplicaci\u00f3n de los art\u00edculos 39 y los siguientes de la ley modificada del 6 de enero de 1978) usted dispone del derecho de acceso y de rectificaci\u00f3n a los datos que nos ha dado para lo cual debe dirigirse directamente a la sede de nuestra Asociaci\u00f3n (direcci\u00f3n mencionada m\u00e1s arriba). Usted tambi\u00e9n puede, y en cualquier momento, desabonarse del env\u00edo de nuestra electr\u00f3nica newsletter envi\u00e1ndonos un correo electr\u00f3nico con la menci\u00f3n \u00abdesabonarse\u00bb a: <a href=\"mailto:mcjlboiteux@aol.com\">mcjlboiteux@aol.com<\/a><\/p>\n<\/div><\/section><\/p><\/div><div class=\"flex_column av_one_fifth  flex_column_div av-zero-column-padding   avia-builder-el-18  el_after_av_three_fifth  avia-builder-el-last  \" style='border-radius:0px; '><\/div>\n<\/p>\n","protected":false},"excerpt":{"rendered":"","protected":false},"author":1,"featured_media":0,"parent":0,"menu_order":0,"comment_status":"closed","ping_status":"closed","template":"","meta":{"footnotes":""},"class_list":["post-4359","page","type-page","status-publish","hentry"],"yoast_head":"<!-- This site is optimized with the Yoast SEO plugin v22.0 - https:\/\/yoast.com\/wordpress\/plugins\/seo\/ -->\n<title>Donation Page - CUTIS LAXA INTERNATIONALE<\/title>\n<meta name=\"robots\" content=\"index, follow, max-snippet:-1, max-image-preview:large, max-video-preview:-1\" \/>\n<link rel=\"canonical\" href=\"https:\/\/www.cutislaxa.org\/es\/donation-page\/\" \/>\n<meta property=\"og:locale\" content=\"es_ES\" \/>\n<meta property=\"og:type\" content=\"article\" \/>\n<meta property=\"og:title\" content=\"Donation Page - CUTIS LAXA INTERNATIONALE\" \/>\n<meta property=\"og:url\" content=\"https:\/\/www.cutislaxa.org\/es\/donation-page\/\" \/>\n<meta property=\"og:site_name\" content=\"CUTIS LAXA INTERNATIONALE\" \/>\n<meta property=\"article:publisher\" content=\"https:\/\/www.facebook.com\/CutisLaxaAssociation\/\" \/>\n<meta property=\"article:modified_time\" content=\"2024-12-11T10:54:46+00:00\" \/>\n<meta name=\"twitter:card\" content=\"summary_large_image\" \/>\n<meta name=\"twitter:label1\" content=\"Tiempo de lectura\" \/>\n\t<meta name=\"twitter:data1\" content=\"4 minutos\" \/>\n<script type=\"application\/ld+json\" class=\"yoast-schema-graph\">{\"@context\":\"https:\/\/schema.org\",\"@graph\":[{\"@type\":\"WebPage\",\"@id\":\"https:\/\/www.cutislaxa.org\/es\/donation-page\/\",\"url\":\"https:\/\/www.cutislaxa.org\/es\/donation-page\/\",\"name\":\"Donation Page - CUTIS LAXA INTERNATIONALE\",\"isPartOf\":{\"@id\":\"https:\/\/www.cutislaxa.org\/#website\"},\"datePublished\":\"2018-02-16T17:17:03+00:00\",\"dateModified\":\"2024-12-11T10:54:46+00:00\",\"breadcrumb\":{\"@id\":\"https:\/\/www.cutislaxa.org\/es\/donation-page\/#breadcrumb\"},\"inLanguage\":\"es\",\"potentialAction\":[{\"@type\":\"ReadAction\",\"target\":[\"https:\/\/www.cutislaxa.org\/es\/donation-page\/\"]}]},{\"@type\":\"BreadcrumbList\",\"@id\":\"https:\/\/www.cutislaxa.org\/es\/donation-page\/#breadcrumb\",\"itemListElement\":[{\"@type\":\"ListItem\",\"position\":1,\"name\":\"Home\",\"item\":\"https:\/\/www.cutislaxa.org\/es\/bienvenida\/\"},{\"@type\":\"ListItem\",\"position\":2,\"name\":\"Donation Page\"}]},{\"@type\":\"WebSite\",\"@id\":\"https:\/\/www.cutislaxa.org\/#website\",\"url\":\"https:\/\/www.cutislaxa.org\/\",\"name\":\"CUTIS LAXA INTERNATIONALE\",\"description\":\"\",\"publisher\":{\"@id\":\"https:\/\/www.cutislaxa.org\/#organization\"},\"potentialAction\":[{\"@type\":\"SearchAction\",\"target\":{\"@type\":\"EntryPoint\",\"urlTemplate\":\"https:\/\/www.cutislaxa.org\/?s={search_term_string}\"},\"query-input\":\"required name=search_term_string\"}],\"inLanguage\":\"es\"},{\"@type\":\"Organization\",\"@id\":\"https:\/\/www.cutislaxa.org\/#organization\",\"name\":\"Cutis Laxa Internationale\",\"url\":\"https:\/\/www.cutislaxa.org\/\",\"logo\":{\"@type\":\"ImageObject\",\"inLanguage\":\"es\",\"@id\":\"https:\/\/www.cutislaxa.org\/#\/schema\/logo\/image\/\",\"url\":\"https:\/\/www.cutislaxa.org\/wp-content\/uploads\/2017\/12\/NEW-LOGO-CLI-4.png\",\"contentUrl\":\"https:\/\/www.cutislaxa.org\/wp-content\/uploads\/2017\/12\/NEW-LOGO-CLI-4.png\",\"width\":417,\"height\":120,\"caption\":\"Cutis Laxa Internationale\"},\"image\":{\"@id\":\"https:\/\/www.cutislaxa.org\/#\/schema\/logo\/image\/\"},\"sameAs\":[\"https:\/\/www.facebook.com\/CutisLaxaAssociation\/\"]}]}<\/script>\n<!-- \/ Yoast SEO plugin. -->","yoast_head_json":{"title":"Donation Page - CUTIS LAXA INTERNATIONALE","robots":{"index":"index","follow":"follow","max-snippet":"max-snippet:-1","max-image-preview":"max-image-preview:large","max-video-preview":"max-video-preview:-1"},"canonical":"https:\/\/www.cutislaxa.org\/es\/donation-page\/","og_locale":"es_ES","og_type":"article","og_title":"Donation Page - CUTIS LAXA INTERNATIONALE","og_url":"https:\/\/www.cutislaxa.org\/es\/donation-page\/","og_site_name":"CUTIS LAXA INTERNATIONALE","article_publisher":"https:\/\/www.facebook.com\/CutisLaxaAssociation\/","article_modified_time":"2024-12-11T10:54:46+00:00","twitter_card":"summary_large_image","twitter_misc":{"Tiempo de lectura":"4 minutos"},"schema":{"@context":"https:\/\/schema.org","@graph":[{"@type":"WebPage","@id":"https:\/\/www.cutislaxa.org\/es\/donation-page\/","url":"https:\/\/www.cutislaxa.org\/es\/donation-page\/","name":"Donation Page - CUTIS LAXA INTERNATIONALE","isPartOf":{"@id":"https:\/\/www.cutislaxa.org\/#website"},"datePublished":"2018-02-16T17:17:03+00:00","dateModified":"2024-12-11T10:54:46+00:00","breadcrumb":{"@id":"https:\/\/www.cutislaxa.org\/es\/donation-page\/#breadcrumb"},"inLanguage":"es","potentialAction":[{"@type":"ReadAction","target":["https:\/\/www.cutislaxa.org\/es\/donation-page\/"]}]},{"@type":"BreadcrumbList","@id":"https:\/\/www.cutislaxa.org\/es\/donation-page\/#breadcrumb","itemListElement":[{"@type":"ListItem","position":1,"name":"Home","item":"https:\/\/www.cutislaxa.org\/es\/bienvenida\/"},{"@type":"ListItem","position":2,"name":"Donation Page"}]},{"@type":"WebSite","@id":"https:\/\/www.cutislaxa.org\/#website","url":"https:\/\/www.cutislaxa.org\/","name":"CUTIS LAXA INTERNATIONALE","description":"","publisher":{"@id":"https:\/\/www.cutislaxa.org\/#organization"},"potentialAction":[{"@type":"SearchAction","target":{"@type":"EntryPoint","urlTemplate":"https:\/\/www.cutislaxa.org\/?s={search_term_string}"},"query-input":"required name=search_term_string"}],"inLanguage":"es"},{"@type":"Organization","@id":"https:\/\/www.cutislaxa.org\/#organization","name":"Cutis Laxa Internationale","url":"https:\/\/www.cutislaxa.org\/","logo":{"@type":"ImageObject","inLanguage":"es","@id":"https:\/\/www.cutislaxa.org\/#\/schema\/logo\/image\/","url":"https:\/\/www.cutislaxa.org\/wp-content\/uploads\/2017\/12\/NEW-LOGO-CLI-4.png","contentUrl":"https:\/\/www.cutislaxa.org\/wp-content\/uploads\/2017\/12\/NEW-LOGO-CLI-4.png","width":417,"height":120,"caption":"Cutis Laxa Internationale"},"image":{"@id":"https:\/\/www.cutislaxa.org\/#\/schema\/logo\/image\/"},"sameAs":["https:\/\/www.facebook.com\/CutisLaxaAssociation\/"]}]}},"_links":{"self":[{"href":"https:\/\/www.cutislaxa.org\/es\/wp-json\/wp\/v2\/pages\/4359","targetHints":{"allow":["GET"]}}],"collection":[{"href":"https:\/\/www.cutislaxa.org\/es\/wp-json\/wp\/v2\/pages"}],"about":[{"href":"https:\/\/www.cutislaxa.org\/es\/wp-json\/wp\/v2\/types\/page"}],"author":[{"embeddable":true,"href":"https:\/\/www.cutislaxa.org\/es\/wp-json\/wp\/v2\/users\/1"}],"replies":[{"embeddable":true,"href":"https:\/\/www.cutislaxa.org\/es\/wp-json\/wp\/v2\/comments?post=4359"}],"version-history":[{"count":11,"href":"https:\/\/www.cutislaxa.org\/es\/wp-json\/wp\/v2\/pages\/4359\/revisions"}],"predecessor-version":[{"id":16765,"href":"https:\/\/www.cutislaxa.org\/es\/wp-json\/wp\/v2\/pages\/4359\/revisions\/16765"}],"wp:attachment":[{"href":"https:\/\/www.cutislaxa.org\/es\/wp-json\/wp\/v2\/media?parent=4359"}],"curies":[{"name":"wp","href":"https:\/\/api.w.org\/{rel}","templated":true}]}}