{"id":4000,"date":"2019-01-18T13:50:04","date_gmt":"2019-01-18T13:50:04","guid":{"rendered":"http:\/\/www.cutislaxa.org\/acerca-de-nosotros\/team\/"},"modified":"2024-09-09T16:42:17","modified_gmt":"2024-09-09T14:42:17","slug":"team","status":"publish","type":"page","link":"https:\/\/www.cutislaxa.org\/es\/acerca-de-nosotros\/team\/","title":{"rendered":"Los miembros de la junta directiva"},"content":{"rendered":"<div id='av_section_1'  class='avia-section main_color avia-section-large avia-no-border-styling  avia-bg-style-scroll  avia-builder-el-0  el_before_av_section  avia-builder-el-first   container_wrap fullsize' style='background-color: #f5f5f2;  '  ><div class='container' ><main  role=\"main\" itemprop=\"mainContentOfPage\"  class='template-page content  av-content-full alpha units'><div class='post-entry post-entry-type-page post-entry-4000'><div class='entry-content-wrapper clearfix'>\n<div  style='padding-bottom:30px; font-size:70px;' class='av-special-heading av-special-heading-h1  blockquote modern-quote modern-centered  avia-builder-el-1  el_before_av_textblock  avia-builder-el-first  av-inherit-size '><h1 class='av-special-heading-tag '  itemprop=\"headline\"  ><b>Sobre Nosotros<\/b><\/h1><div class='special-heading-border'><div class='special-heading-inner-border' ><\/div><\/div><\/div>\n<section class=\"av_textblock_section \"  itemscope=\"itemscope\" itemtype=\"https:\/\/schema.org\/CreativeWork\" ><div class='avia_textblock  '   itemprop=\"text\" ><h2 style=\"text-align: center;\">LOS MIEMBROS DE LA JUNTA DIRECTIVA.<\/h2>\n<p>Desde su creaci\u00f3n el 11 de noviembre de 2001, nuestra asociaci\u00f3n ha logrado mucho, gracias a una Junta Directiva din\u00e1mica liderada por una Presidenta firmemente determinada.<\/p>\n<\/div><\/section>\n<div class=\"flex_column av_one_full  flex_column_div av-zero-column-padding first  avia-builder-el-3  el_after_av_textblock  avia-builder-el-last  column-top-margin\" style='border-radius:0px; '><section class=\"av_textblock_section \"  itemscope=\"itemscope\" itemtype=\"https:\/\/schema.org\/CreativeWork\" ><div class='avia_textblock  '  style='font-size:16px; '  itemprop=\"text\" ><hr \/>\n<p style=\"text-align: center;\"><strong>Nuestra Sede<\/strong><\/p>\n<p style=\"text-align: center;\">138 impasse de Champs Gervais\u00a0 &#8211;\u00a0 74890 Bons en Chablais &#8211; France<\/p>\n<p style=\"text-align: center;\">Tel : 00 33 (0)4 56 30 74 43<\/p>\n<hr \/>\n<\/div><\/section><\/div>\n\n<\/div><\/div><\/main><!-- close content main element --><\/div><\/div><div id='av_section_2'  class='avia-section main_color avia-section-default avia-no-shadow  avia-bg-style-scroll  avia-builder-el-5  el_after_av_section  el_before_av_section   container_wrap fullsize' style='background-color: #ffffff;  '  ><div class='container' ><div class='template-page content  av-content-full alpha units'><div class='post-entry post-entry-type-page post-entry-4000'><div class='entry-content-wrapper clearfix'>\n<div class=\"flex_column av_one_fifth  flex_column_div av-zero-column-padding first  avia-builder-el-6  el_before_av_one_fifth  avia-builder-el-first  \" style='border-radius:0px; '><\/div><div class=\"flex_column av_one_fifth  flex_column_div av-zero-column-padding   avia-builder-el-7  el_after_av_one_fifth  el_before_av_one_fifth  \" style='border-radius:0px; '><section  class='avia-team-member   avia-builder-el-8  avia-builder-el-no-sibling '  itemscope=\"itemscope\" itemtype=\"https:\/\/schema.org\/Person\" ><div class='team-img-container'><img decoding=\"async\" width=\"214\" height=\"300\" class='wp-image-6389 avia-img-lazy-loading-not-6389 avia_image avia_image_team' src=\"https:\/\/www.cutislaxa.org\/wp-content\/uploads\/2018\/09\/mc8-214x300.jpg\" alt='Marie-Claude BOITEUX'  itemprop=\"image\" srcset=\"https:\/\/www.cutislaxa.org\/wp-content\/uploads\/2018\/09\/mc8-214x300.jpg 214w, https:\/\/www.cutislaxa.org\/wp-content\/uploads\/2018\/09\/mc8-768x1077.jpg 768w, https:\/\/www.cutislaxa.org\/wp-content\/uploads\/2018\/09\/mc8-734x1030.jpg 734w, https:\/\/www.cutislaxa.org\/wp-content\/uploads\/2018\/09\/mc8-1070x1500.jpg 1070w, https:\/\/www.cutislaxa.org\/wp-content\/uploads\/2018\/09\/mc8-503x705.jpg 503w, https:\/\/www.cutislaxa.org\/wp-content\/uploads\/2018\/09\/mc8-450x631.jpg 450w, https:\/\/www.cutislaxa.org\/wp-content\/uploads\/2018\/09\/mc8.jpg 1399w\" sizes=\"(max-width: 214px) 100vw, 214px\" \/><div class='team-social'><div class='team-social-inner'><span class='hidden av_member_url_markup '  itemprop=\"email\" >mailto:MCJLBoiteux@aol.com<\/span><a rel=\"v:url noopener\" target='_blank' class=' avia-team-icon ' href='mailto:MCJLBoiteux@aol.com' aria-hidden='true' data-av_icon='\ue805' data-av_iconfont='entypo-fontello'><\/a><\/div><\/div><\/div><h3 class='team-member-name'    itemprop=\"name\" >Marie-Claude BOITEUX<\/h3><div class='team-member-job-title '   itemprop=\"jobTitle\" >PRESIDENTA<\/div><div class='team-member-description '  itemprop=\"description\"  ><p>138 impasse de Champs Gervais<br \/>\n74890 Bons en Chablais<br \/>\nFrance<\/p>\n<p>MCJLBoiteux@aol.com<\/p>\n<\/div><span class='hidden team-member-affiliation'  itemprop=\"affiliation\" >CUTIS LAXA INTERNATIONALE<\/span><\/section><\/div><div class=\"flex_column av_one_fifth  flex_column_div av-zero-column-padding   avia-builder-el-9  el_after_av_one_fifth  el_before_av_one_fifth  \" style='border-radius:0px; '><section  class='avia-team-member   avia-builder-el-10  avia-builder-el-no-sibling '  itemscope=\"itemscope\" itemtype=\"https:\/\/schema.org\/Person\" ><div class='team-img-container'><img decoding=\"async\" width=\"257\" height=\"336\" class='wp-image-7117 avia-img-lazy-loading-not-7117 avia_image avia_image_team' src=\"https:\/\/www.cutislaxa.org\/wp-content\/uploads\/2017\/12\/Serge.jpg\" alt='Serge RICHEMONT'  itemprop=\"image\" srcset=\"https:\/\/www.cutislaxa.org\/wp-content\/uploads\/2017\/12\/Serge.jpg 257w, https:\/\/www.cutislaxa.org\/wp-content\/uploads\/2017\/12\/Serge-229x300.jpg 229w\" sizes=\"(max-width: 257px) 100vw, 257px\" \/><div class='team-social'><div class='team-social-inner'><span class='hidden av_member_url_markup '  itemprop=\"email\" >mailto:msm.RICHEMONT@wanadoo.fr<\/span><a rel=\"v:url noopener\" target='_blank' class=' avia-team-icon ' href='mailto:msm.RICHEMONT@wanadoo.fr' aria-hidden='true' data-av_icon='\ue805' data-av_iconfont='entypo-fontello'><\/a><\/div><\/div><\/div><h3 class='team-member-name'    itemprop=\"name\" >Serge RICHEMONT<\/h3><div class='team-member-job-title '   itemprop=\"jobTitle\" >VICE-PRESIDENTE <\/div><div class='team-member-description '  itemprop=\"description\"  ><p>\u00ab Chez Decoux \u00bb<br \/>\n16440 Sireuil<br \/>\nFrance<\/p>\n<p>msm.RICHEMONT@wanadoo.fr<\/p>\n<\/div><span class='hidden team-member-affiliation'  itemprop=\"affiliation\" >CUTIS LAXA INTERNATIONALE<\/span><\/section><\/div><div class=\"flex_column av_one_fifth  flex_column_div av-zero-column-padding   avia-builder-el-11  el_after_av_one_fifth  el_before_av_one_fifth  \" style='border-radius:0px; '><section  class='avia-team-member   avia-builder-el-12  avia-builder-el-no-sibling '  itemscope=\"itemscope\" itemtype=\"https:\/\/schema.org\/Person\" ><div class='team-img-container'><img decoding=\"async\" width=\"247\" height=\"308\" class='wp-image-7115 avia-img-lazy-loading-not-7115 avia_image avia_image_team' src=\"https:\/\/www.cutislaxa.org\/wp-content\/uploads\/2017\/12\/georges.jpg\" alt='Georges BEAUDONNET'  itemprop=\"image\" srcset=\"https:\/\/www.cutislaxa.org\/wp-content\/uploads\/2017\/12\/georges.jpg 247w, https:\/\/www.cutislaxa.org\/wp-content\/uploads\/2017\/12\/georges-241x300.jpg 241w\" sizes=\"(max-width: 247px) 100vw, 247px\" \/><div class='team-social'><div class='team-social-inner'><span class='hidden av_member_url_markup '  itemprop=\"email\" >mailto: Gbeaudonnet@aol.com<\/span><a rel='v:url'   class=' avia-team-icon ' href='mailto:%20Gbeaudonnet@aol.com' aria-hidden='true' data-av_icon='\ue805' data-av_iconfont='entypo-fontello'><\/a><\/div><\/div><\/div><h3 class='team-member-name'    itemprop=\"name\" >Georges BEAUDONNET<\/h3><div class='team-member-job-title '   itemprop=\"jobTitle\" >TESORERO<\/div><div class='team-member-description '  itemprop=\"description\"  ><p>Place Pompidou<br \/>\n15700 Pleaux<br \/>\nFrance<\/p>\n<p>Gbeaudonnet@aol.com<\/p>\n<\/div><span class='hidden team-member-affiliation'  itemprop=\"affiliation\" >CUTIS LAXA INTERNATIONALE<\/span><\/section><\/div><div class=\"flex_column av_one_fifth  flex_column_div av-zero-column-padding   avia-builder-el-13  el_after_av_one_fifth  el_before_av_one_fifth  \" style='border-radius:0px; '><\/div><div class=\"flex_column av_one_fifth  flex_column_div av-zero-column-padding first  avia-builder-el-14  el_after_av_one_fifth  el_before_av_one_fifth  column-top-margin\" style='border-radius:0px; '><\/div><div class=\"flex_column av_one_fifth  flex_column_div av-zero-column-padding   avia-builder-el-15  el_after_av_one_fifth  el_before_av_one_fifth  column-top-margin\" style='border-radius:0px; '><\/div><div class=\"flex_column av_one_fifth  flex_column_div av-zero-column-padding   avia-builder-el-16  el_after_av_one_fifth  el_before_av_one_fifth  column-top-margin\" style='border-radius:0px; '><section  class='avia-team-member   avia-builder-el-17  avia-builder-el-no-sibling '  itemscope=\"itemscope\" itemtype=\"https:\/\/schema.org\/Person\" ><div class='team-img-container'><img decoding=\"async\" width=\"265\" height=\"309\" class='wp-image-7111 avia-img-lazy-loading-not-7111 avia_image avia_image_team' src=\"https:\/\/www.cutislaxa.org\/wp-content\/uploads\/2017\/12\/Nathalie.jpg\" alt='Nathalie FOURNIER'  itemprop=\"image\" srcset=\"https:\/\/www.cutislaxa.org\/wp-content\/uploads\/2017\/12\/Nathalie.jpg 265w, https:\/\/www.cutislaxa.org\/wp-content\/uploads\/2017\/12\/Nathalie-257x300.jpg 257w\" sizes=\"(max-width: 265px) 100vw, 265px\" \/><div class='team-social'><div class='team-social-inner'><span class='hidden av_member_url_markup '  itemprop=\"email\" >mailto: n.fournier1@aliceadsl.fr<\/span><a rel='v:url'   class=' avia-team-icon ' href='mailto:%20n.fournier1@aliceadsl.fr' aria-hidden='true' data-av_icon='\ue805' data-av_iconfont='entypo-fontello'><\/a><\/div><\/div><\/div><h3 class='team-member-name'    itemprop=\"name\" >Nathalie FOURNIER<\/h3><div class='team-member-job-title '   itemprop=\"jobTitle\" >SECRETARIA<\/div><div class='team-member-description '  itemprop=\"description\"  ><p>4 Chemin du Rail<br \/>\n16110 Tapponat-Fleurignac<br \/>\nFrance<\/p>\n<p>n.fournier1@aliceadsl.fr<\/p>\n<\/div><span class='hidden team-member-affiliation'  itemprop=\"affiliation\" >CUTIS LAXA INTERNATIONALE<\/span><\/section><\/div><div class=\"flex_column av_one_fifth  flex_column_div av-zero-column-padding   avia-builder-el-18  el_after_av_one_fifth  el_before_av_one_fifth  column-top-margin\" style='border-radius:0px; '><section  class='avia-team-member   avia-builder-el-19  avia-builder-el-no-sibling '  itemscope=\"itemscope\" itemtype=\"https:\/\/schema.org\/Person\" ><div class='team-img-container'><img decoding=\"async\" width=\"277\" height=\"314\" class='wp-image-7109 avia-img-lazy-loading-not-7109 avia_image avia_image_team' src=\"https:\/\/www.cutislaxa.org\/wp-content\/uploads\/2017\/12\/Cecile.jpg\" alt='C\u00e9cile BOITEUX'  itemprop=\"image\" srcset=\"https:\/\/www.cutislaxa.org\/wp-content\/uploads\/2017\/12\/Cecile.jpg 277w, https:\/\/www.cutislaxa.org\/wp-content\/uploads\/2017\/12\/Cecile-265x300.jpg 265w\" sizes=\"(max-width: 277px) 100vw, 277px\" \/><div class='team-social'><div class='team-social-inner'><span class='hidden av_member_url_markup '  itemprop=\"email\" >mailto: c-boiteux@hotmail.fr<\/span><a rel=\"v:url noopener\" target='_blank' class=' avia-team-icon ' href='mailto:%20c-boiteux@hotmail.fr' aria-hidden='true' data-av_icon='\ue805' data-av_iconfont='entypo-fontello'><\/a><\/div><\/div><\/div><h3 class='team-member-name'    itemprop=\"name\" >C\u00e9cile BOITEUX<\/h3><div class='team-member-job-title '   itemprop=\"jobTitle\" >TESORERA ADJUNTA<\/div><div class='team-member-description '  itemprop=\"description\"  ><p>50 A, route de la Pose<br \/>\n74890 Bons en Chablais<br \/>\nFrance<\/p>\n<p>c-boiteux@hotmail.fr<\/p>\n<\/div><span class='hidden team-member-affiliation'  itemprop=\"affiliation\" >CUTIS LAXA INTERNATIONALE<\/span><\/section><\/div><div class=\"flex_column av_one_fifth  flex_column_div av-zero-column-padding   avia-builder-el-20  el_after_av_one_fifth  el_before_av_hr  column-top-margin\" style='border-radius:0px; '><\/div><div   class='hr hr-default   avia-builder-el-21  el_after_av_one_fifth  el_before_av_textblock '><span class='hr-inner ' ><span class='hr-inner-style'><\/span><\/span><\/div>\n<section class=\"av_textblock_section \"  itemscope=\"itemscope\" itemtype=\"https:\/\/schema.org\/CreativeWork\" ><div class='avia_textblock  '   itemprop=\"text\" ><p style=\"text-align: center;\">Administradores :<br \/>\nMartine RICHEMONT , Chris BOISSEAUX y<br \/>\nM\u00e9lissa RICHEMONT (<a href=\"mailto:dauphin_melissa@hotmail.fr\">dauphin_melissa@hotmail.fr<\/a>)<\/p>\n<\/div><\/section>\n<\/div><\/div><\/div><!-- close content main div --><\/div><\/div><div id='av_section_3'  class='avia-section main_color avia-section-default avia-no-shadow  avia-bg-style-scroll  avia-builder-el-23  el_after_av_section  avia-builder-el-last   container_wrap fullsize' style='background-color: #f5f5f2;  '  ><div class='container' ><div class='template-page content  av-content-full alpha units'><div class='post-entry post-entry-type-page post-entry-4000'><div class='entry-content-wrapper clearfix'>\n<div class=\"flex_column av_one_third  flex_column_div av-zero-column-padding first  avia-builder-el-24  el_before_av_one_third  avia-builder-el-first  \" style='border-radius:0px; '><section class=\"av_textblock_section \"  itemscope=\"itemscope\" itemtype=\"https:\/\/schema.org\/CreativeWork\" ><div class='avia_textblock  '   itemprop=\"text\" ><p>Para conocer el d\u00eda a d\u00eda de nuestra asociaci\u00f3n, puede leer los siguientes documentos :<\/p>\n<ul>\n<li>los informes de las <strong>Asambleas Generales Extraordinarias y Ordinarias, <\/strong>incluidos los<strong> balances econ\u00f3micos y las actas;<\/strong><\/li>\n<li>los boletines informativos;<\/li>\n<li><a href=\"http:\/\/www.cutislaxa.org\/wp-content\/uploads\/2018\/02\/Questionnaire-satisf-ES-2016.pdf\" target=\"_blank\" rel=\"noopener\">Los resultados del cuestionario de satisfacci\u00f3n<\/a> del 5as Jornadas de Cutis Laxa, celebradas en Annecy en mayo de 2016<\/li>\n<\/ul>\n<p>(Cargar a <a href=\"http:\/\/www.adobe.com\/fr\/products\/acrobat\/readstep2.html\" target=\"_blank\" rel=\"noopener\">Adobe Reader<\/a> \u00a0para leerlos en el formato PDF).<\/p>\n<\/div><\/section><\/div><div class=\"flex_column av_one_third  flex_column_div av-zero-column-padding   avia-builder-el-26  el_after_av_one_third  el_before_av_one_third  \" style='border-radius:0px; '><div  class='avia-builder-widget-area clearfix  avia-builder-el-27  avia-builder-el-no-sibling '><div id=\"custom_html-10\" class=\"widget_text widget clearfix widget_custom_html\"><h3 class=\"widgettitle\">Asambleas Generales<\/h3><div class=\"textwidget custom-html-widget\"><br>\n<a href=\"https:\/\/www.cutislaxa.org\/wp-content\/uploads\/2025\/09\/Projets-2025-ES.pdf\">Asamblea General Ordinaria 2024 -25.06.2025<\/a>\n<br>\n<a href=\"https:\/\/www.cutislaxa.org\/es\/2023-es-rapmorfinetquestdivpv-2\/\">Asamblea General Ordinaria 2023 - 04.06.2024<\/a>\n<br>\n<a href=\"https:\/\/www.cutislaxa.org\/2023-06-22-es-rapmorfinpvago2022\/\">Asamblea General Ordinaria 2022 - 22.06.2023<\/a>\n<br>\n<a href=\"https:\/\/www.cutislaxa.org\/2021-es-rapport-total-et-pv-ag-2\/\">Asamblea General Ordinaria 2021 -03.06.2022<\/a>\n<br>\n\n\n<\/div><\/div><\/div><\/div><div class=\"flex_column av_one_third  flex_column_div av-zero-column-padding   avia-builder-el-28  el_after_av_one_third  avia-builder-el-last  \" style='border-radius:0px; '><div  class='avia-builder-widget-area clearfix  avia-builder-el-29  avia-builder-el-no-sibling '><div id=\"block-12\" class=\"widget clearfix widget_block\"><p><a href=\"https:\/\/www.cutislaxa.org\/wp-content\/uploads\/2026\/03\/CLIInfos-N44-Hors-Serie-ES-Febrero-2026.pdf\">CLI~Infos N\u00b044 - Separato - Febrero 2026<\/a><br \/>\n<br \/><a href=\"https:\/\/www.cutislaxa.org\/wp-content\/uploads\/2026\/03\/CLIInfos-N44-ES-Febrero-2026.pdf\">CLI~Infos N\u00b044 - Febrero 2026<\/a><br \/>\n<br \/><a href=\"https:\/\/www.cutislaxa.org\/wp-content\/uploads\/2025\/09\/CLIInfos-N43-ES-Hors-Serie-Aout-2025.pdf\">CLI~Infos N\u00b043 - Separato - Agosto 2025<\/a><br \/>\n<br \/><a href=\"https:\/\/www.cutislaxa.org\/wp-content\/uploads\/2025\/09\/CLIInfos-N43-ES-Agosto-2025.pdf\">CLI~Infos N\u00b043 - Agosto 2025<\/a><br \/>\n<br \/><a href=\"https:\/\/www.cutislaxa.org\/wp-content\/uploads\/2025\/02\/CLIInfos-N42-ES-Enero-2025.pdf\">CLI~Infos N\u00b042 - Enero 2025<\/a><br \/>\n<br \/><a href=\"https:\/\/www.cutislaxa.org\/wp-content\/uploads\/2024\/09\/CLIInfos-N\u00b041-ES-Agosto-2024.pdf\">CLI~Infos N\u00b041 - Agosto 2024<\/a><br \/>\n<br \/><a href=\"https:\/\/www.cutislaxa.org\/wp-content\/uploads\/2024\/02\/CLIInfos-N40-ES-Enero-2024.pdf\">CLI~Infos N\u00b040 - Enero 2024<\/a><br \/>\n<br \/><a href=\"https:\/\/www.cutislaxa.org\/wp-content\/uploads\/2023\/06\/CLIInfos-N39-ES-Junio-2023.pdf\">CLI~Infos N\u00b039 - Junio 2023<\/a><br \/>\n<br \/><a href=\" https:\/\/www.cutislaxa.org\/wp-content\/uploads\/2023\/01\/CLIInfos-N38-ES-HorsSerie-Gand-2022.pdf\">CLI~Infos N\u00b038 - Separato - Gente - Diciembre 2022<\/a><br \/>\n<br \/><a href=\"https:\/\/www.cutislaxa.org\/wp-content\/uploads\/2023\/01\/CLIInfos-N38-ES-Diciembre-2022.pdf\">CLI~Infos N\u00b038 - Diciembre 2022<\/a><br \/>\n<br \/><a href=\"https:\/\/www.cutislaxa.org\/wp-content\/uploads\/2022\/01\/CLIInfos-N37-ES-Enero-2022.pdf\">CLI~Infos N\u00b037 - Enero 2022<\/a><\/p>\n<\/div><\/div><\/div>\n<\/p>\n","protected":false},"excerpt":{"rendered":"","protected":false},"author":1,"featured_media":0,"parent":3423,"menu_order":0,"comment_status":"closed","ping_status":"closed","template":"","meta":{"footnotes":""},"class_list":["post-4000","page","type-page","status-publish","hentry"],"yoast_head":"<!-- This site is optimized with the Yoast SEO plugin v22.0 - https:\/\/yoast.com\/wordpress\/plugins\/seo\/ -->\n<title>Los miembros de la junta directiva - CUTIS LAXA INTERNATIONALE<\/title>\n<meta name=\"robots\" content=\"index, follow, max-snippet:-1, max-image-preview:large, max-video-preview:-1\" \/>\n<link rel=\"canonical\" href=\"https:\/\/www.cutislaxa.org\/es\/acerca-de-nosotros\/team\/\" \/>\n<meta property=\"og:locale\" content=\"es_ES\" \/>\n<meta property=\"og:type\" content=\"article\" \/>\n<meta property=\"og:title\" content=\"Los miembros de la junta directiva - CUTIS LAXA INTERNATIONALE\" \/>\n<meta property=\"og:url\" content=\"https:\/\/www.cutislaxa.org\/es\/acerca-de-nosotros\/team\/\" \/>\n<meta property=\"og:site_name\" content=\"CUTIS LAXA INTERNATIONALE\" \/>\n<meta property=\"article:publisher\" content=\"https:\/\/www.facebook.com\/CutisLaxaAssociation\/\" \/>\n<meta property=\"article:modified_time\" content=\"2024-09-09T14:42:17+00:00\" \/>\n<meta name=\"twitter:card\" content=\"summary_large_image\" \/>\n<meta name=\"twitter:label1\" content=\"Tiempo de lectura\" \/>\n\t<meta name=\"twitter:data1\" content=\"4 minutos\" \/>\n<script type=\"application\/ld+json\" class=\"yoast-schema-graph\">{\"@context\":\"https:\/\/schema.org\",\"@graph\":[{\"@type\":\"WebPage\",\"@id\":\"https:\/\/www.cutislaxa.org\/es\/acerca-de-nosotros\/team\/\",\"url\":\"https:\/\/www.cutislaxa.org\/es\/acerca-de-nosotros\/team\/\",\"name\":\"Los miembros de la junta directiva - CUTIS LAXA INTERNATIONALE\",\"isPartOf\":{\"@id\":\"https:\/\/www.cutislaxa.org\/#website\"},\"datePublished\":\"2019-01-18T13:50:04+00:00\",\"dateModified\":\"2024-09-09T14:42:17+00:00\",\"breadcrumb\":{\"@id\":\"https:\/\/www.cutislaxa.org\/es\/acerca-de-nosotros\/team\/#breadcrumb\"},\"inLanguage\":\"es\",\"potentialAction\":[{\"@type\":\"ReadAction\",\"target\":[\"https:\/\/www.cutislaxa.org\/es\/acerca-de-nosotros\/team\/\"]}]},{\"@type\":\"BreadcrumbList\",\"@id\":\"https:\/\/www.cutislaxa.org\/es\/acerca-de-nosotros\/team\/#breadcrumb\",\"itemListElement\":[{\"@type\":\"ListItem\",\"position\":1,\"name\":\"Home\",\"item\":\"https:\/\/www.cutislaxa.org\/es\/bienvenida\/\"},{\"@type\":\"ListItem\",\"position\":2,\"name\":\"Acerca de Nosotros\",\"item\":\"https:\/\/www.cutislaxa.org\/about-us\/\"},{\"@type\":\"ListItem\",\"position\":3,\"name\":\"Los miembros de la junta directiva\"}]},{\"@type\":\"WebSite\",\"@id\":\"https:\/\/www.cutislaxa.org\/#website\",\"url\":\"https:\/\/www.cutislaxa.org\/\",\"name\":\"CUTIS LAXA INTERNATIONALE\",\"description\":\"\",\"publisher\":{\"@id\":\"https:\/\/www.cutislaxa.org\/#organization\"},\"potentialAction\":[{\"@type\":\"SearchAction\",\"target\":{\"@type\":\"EntryPoint\",\"urlTemplate\":\"https:\/\/www.cutislaxa.org\/?s={search_term_string}\"},\"query-input\":\"required name=search_term_string\"}],\"inLanguage\":\"es\"},{\"@type\":\"Organization\",\"@id\":\"https:\/\/www.cutislaxa.org\/#organization\",\"name\":\"Cutis Laxa Internationale\",\"url\":\"https:\/\/www.cutislaxa.org\/\",\"logo\":{\"@type\":\"ImageObject\",\"inLanguage\":\"es\",\"@id\":\"https:\/\/www.cutislaxa.org\/#\/schema\/logo\/image\/\",\"url\":\"https:\/\/www.cutislaxa.org\/wp-content\/uploads\/2017\/12\/NEW-LOGO-CLI-4.png\",\"contentUrl\":\"https:\/\/www.cutislaxa.org\/wp-content\/uploads\/2017\/12\/NEW-LOGO-CLI-4.png\",\"width\":417,\"height\":120,\"caption\":\"Cutis Laxa Internationale\"},\"image\":{\"@id\":\"https:\/\/www.cutislaxa.org\/#\/schema\/logo\/image\/\"},\"sameAs\":[\"https:\/\/www.facebook.com\/CutisLaxaAssociation\/\"]}]}<\/script>\n<!-- \/ Yoast SEO plugin. -->","yoast_head_json":{"title":"Los miembros de la junta directiva - CUTIS LAXA INTERNATIONALE","robots":{"index":"index","follow":"follow","max-snippet":"max-snippet:-1","max-image-preview":"max-image-preview:large","max-video-preview":"max-video-preview:-1"},"canonical":"https:\/\/www.cutislaxa.org\/es\/acerca-de-nosotros\/team\/","og_locale":"es_ES","og_type":"article","og_title":"Los miembros de la junta directiva - CUTIS LAXA INTERNATIONALE","og_url":"https:\/\/www.cutislaxa.org\/es\/acerca-de-nosotros\/team\/","og_site_name":"CUTIS LAXA INTERNATIONALE","article_publisher":"https:\/\/www.facebook.com\/CutisLaxaAssociation\/","article_modified_time":"2024-09-09T14:42:17+00:00","twitter_card":"summary_large_image","twitter_misc":{"Tiempo de lectura":"4 minutos"},"schema":{"@context":"https:\/\/schema.org","@graph":[{"@type":"WebPage","@id":"https:\/\/www.cutislaxa.org\/es\/acerca-de-nosotros\/team\/","url":"https:\/\/www.cutislaxa.org\/es\/acerca-de-nosotros\/team\/","name":"Los miembros de la junta directiva - CUTIS LAXA INTERNATIONALE","isPartOf":{"@id":"https:\/\/www.cutislaxa.org\/#website"},"datePublished":"2019-01-18T13:50:04+00:00","dateModified":"2024-09-09T14:42:17+00:00","breadcrumb":{"@id":"https:\/\/www.cutislaxa.org\/es\/acerca-de-nosotros\/team\/#breadcrumb"},"inLanguage":"es","potentialAction":[{"@type":"ReadAction","target":["https:\/\/www.cutislaxa.org\/es\/acerca-de-nosotros\/team\/"]}]},{"@type":"BreadcrumbList","@id":"https:\/\/www.cutislaxa.org\/es\/acerca-de-nosotros\/team\/#breadcrumb","itemListElement":[{"@type":"ListItem","position":1,"name":"Home","item":"https:\/\/www.cutislaxa.org\/es\/bienvenida\/"},{"@type":"ListItem","position":2,"name":"Acerca de Nosotros","item":"https:\/\/www.cutislaxa.org\/about-us\/"},{"@type":"ListItem","position":3,"name":"Los miembros de la junta directiva"}]},{"@type":"WebSite","@id":"https:\/\/www.cutislaxa.org\/#website","url":"https:\/\/www.cutislaxa.org\/","name":"CUTIS LAXA INTERNATIONALE","description":"","publisher":{"@id":"https:\/\/www.cutislaxa.org\/#organization"},"potentialAction":[{"@type":"SearchAction","target":{"@type":"EntryPoint","urlTemplate":"https:\/\/www.cutislaxa.org\/?s={search_term_string}"},"query-input":"required name=search_term_string"}],"inLanguage":"es"},{"@type":"Organization","@id":"https:\/\/www.cutislaxa.org\/#organization","name":"Cutis Laxa Internationale","url":"https:\/\/www.cutislaxa.org\/","logo":{"@type":"ImageObject","inLanguage":"es","@id":"https:\/\/www.cutislaxa.org\/#\/schema\/logo\/image\/","url":"https:\/\/www.cutislaxa.org\/wp-content\/uploads\/2017\/12\/NEW-LOGO-CLI-4.png","contentUrl":"https:\/\/www.cutislaxa.org\/wp-content\/uploads\/2017\/12\/NEW-LOGO-CLI-4.png","width":417,"height":120,"caption":"Cutis Laxa Internationale"},"image":{"@id":"https:\/\/www.cutislaxa.org\/#\/schema\/logo\/image\/"},"sameAs":["https:\/\/www.facebook.com\/CutisLaxaAssociation\/"]}]}},"_links":{"self":[{"href":"https:\/\/www.cutislaxa.org\/es\/wp-json\/wp\/v2\/pages\/4000","targetHints":{"allow":["GET"]}}],"collection":[{"href":"https:\/\/www.cutislaxa.org\/es\/wp-json\/wp\/v2\/pages"}],"about":[{"href":"https:\/\/www.cutislaxa.org\/es\/wp-json\/wp\/v2\/types\/page"}],"author":[{"embeddable":true,"href":"https:\/\/www.cutislaxa.org\/es\/wp-json\/wp\/v2\/users\/1"}],"replies":[{"embeddable":true,"href":"https:\/\/www.cutislaxa.org\/es\/wp-json\/wp\/v2\/comments?post=4000"}],"version-history":[{"count":31,"href":"https:\/\/www.cutislaxa.org\/es\/wp-json\/wp\/v2\/pages\/4000\/revisions"}],"predecessor-version":[{"id":18274,"href":"https:\/\/www.cutislaxa.org\/es\/wp-json\/wp\/v2\/pages\/4000\/revisions\/18274"}],"up":[{"embeddable":true,"href":"https:\/\/www.cutislaxa.org\/es\/wp-json\/wp\/v2\/pages\/3423"}],"wp:attachment":[{"href":"https:\/\/www.cutislaxa.org\/es\/wp-json\/wp\/v2\/media?parent=4000"}],"curies":[{"name":"wp","href":"https:\/\/api.w.org\/{rel}","templated":true}]}}