{"id":3947,"date":"2017-12-01T16:13:33","date_gmt":"2017-12-01T16:13:33","guid":{"rendered":"http:\/\/www.cutislaxa.org\/legal\/"},"modified":"2018-02-23T19:47:32","modified_gmt":"2018-02-23T19:47:32","slug":"legal","status":"publish","type":"page","link":"https:\/\/www.cutislaxa.org\/es\/legal\/","title":{"rendered":"Informaci\u00f3n Legal"},"content":{"rendered":"<div class=\"flex_column av_one_full  flex_column_div av-zero-column-padding first  avia-builder-el-0  el_before_av_one_half  avia-builder-el-first  \" style='border-radius:0px; '><section class=\"av_textblock_section \"  itemscope=\"itemscope\" itemtype=\"https:\/\/schema.org\/CreativeWork\" ><div class='avia_textblock  '   itemprop=\"text\" ><h3>Informaci\u00f3n Legal<\/h3>\n<p><strong>IDENTIDAD<\/strong><\/p>\n<p>Este sitio est\u00e1 bajo la total responsabilidad de la asociaci\u00f3n mencionada m\u00e1s abajo.<br \/>\nCUTIS LAXA INTERNATIONALE<br \/>\n138 Impasse de Champs Gervais,\u00a074890 Bons en Chablais,\u00a0France,\u00a0Tel\/Fax\u00a0: 33 (0)4 56 30 74 43,\u00a0e-mail\u00a0: <a href=\"mailto:mcjlboiteux@aol.com\">mcjlboiteux@aol.com<\/a><\/p>\n<p>Asociaciaci\u00f3n sin \u00e1nimo de lucro. Prefectura de La Rochelle (Charente Maritime \u2013 France), con fecha del 11 Noviembre 2001.<\/p>\n<p>Publicada en el Diario Oficial del 15 Diciembre 2001<\/p>\n<p>N\u00b0 SIRET\u00a0: 44251763700017<\/p>\n<p>Acuerdo Nacional del Ministerio de Salud (Francia) por decreto 11 Agosto 2006, publicado el 24 Agosto 2006. Renovada la aprobaci\u00f3n del Decreto de 11 de agosto de 2011 para un per\u00edodo de 5 a\u00f1os.<\/p>\n<\/div><\/section><br \/>\n<div   class='hr hr-default   avia-builder-el-2  el_after_av_textblock  avia-builder-el-last '><span class='hr-inner ' ><span class='hr-inner-style'><\/span><\/span><\/div><\/p><\/div>\n<div class=\"flex_column av_one_half  flex_column_div av-zero-column-padding first  avia-builder-el-3  el_after_av_one_full  el_before_av_one_half  column-top-margin\" style='border-radius:0px; '><section class=\"av_textblock_section \"  itemscope=\"itemscope\" itemtype=\"https:\/\/schema.org\/CreativeWork\" ><div class='avia_textblock  '   itemprop=\"text\" ><h5>MISE EN GARDE<\/h5>\n<p>El solo y \u00fanico objetivo de este sitio es aportar informaci\u00f3n. No sustituye en modo alguno a los profesionales m\u00e9dicos. No debe reemplazar la relaci\u00f3n establecida entre los pacientes, sus m\u00e9dicos, y todos los dem\u00e1s componentes del equipo de salud. No promocionamos ning\u00fan tratamiento, ni a ning\u00fan profesional de la salud. La informaci\u00f3n es totalmente gratuita y proporcionada sin garant\u00eda\u00a0 Todas las cuestiones relativas al diagn\u00f3stico, seguimiento m\u00e9dico, realizaci\u00f3n de nuevos tratamientos, modificaci\u00f3n de un tratamiento en curso, todo cuidado de salud y todas las dem\u00e1s cuestiones de orden m\u00e9dico deben ser discutidas con vuestro equipo m\u00e9dico habitual.<\/p>\n<h5>CONTENIDO DE REDACCI\u00d3N<\/h5>\n<p>Las p\u00e1ginas en este sitio se han escrito y traducido s\u00f3lo por los oficiales de la asociaci\u00f3n.<br \/>\nEl director editorial es Marie-Claude Boiteux, Presidente de la Asociaci\u00f3n.<br \/>\nToda la informaci\u00f3n m\u00e9dica y de todo el contenido relacionado con la salud son verificados y validados por el Centro de Referencia MAGEC (Enfermedades Raras de expresi\u00f3n gen\u00e9tica en la piel en el Hospital Necker &#8211; Par\u00eds &#8211; Francia), a menos que se indique espec\u00edficamente en la p\u00e1gina correspondiente.<\/p>\n<h5>CONFIDENCIALIDAD<\/h5>\n<p>La informaci\u00f3n personal referente a los visitantes de este sitio, incluida su identidad, es confidencial. El responsable de este sitio se compromete por su honor a respetar las condiciones legales de confidencialidad aplicables en Francia y a no divulgar esta informaci\u00f3n a terceros.<\/p>\n<p>Garantizamos a cada afectado, cada familia, cada famila de afectado, la confidencialidad de la informaci\u00f3n que nos transmita. Unicamente podr\u00e1 ser transmitida, o a otros afectados\/familias, o a equipos m\u00e9dicos, informaci\u00f3n para la cual se habr\u00e1 dado autorizaci\u00f3n por escrito.<\/p>\n<p><span style=\"color: #ff0000;\"><strong>TODA UTILIZACI\u00d3N, REPRODUCCI\u00d3N, COPIA, U OTRO DE FOTOS O ESQUEMAS\u2026 DE ESTE SITIO EST\u00c1 TOTALMENTE PROHIBIDO.<\/strong><\/span><\/p>\n<\/div><\/section><\/div><div class=\"flex_column av_one_half  flex_column_div av-zero-column-padding   avia-builder-el-5  el_after_av_one_half  avia-builder-el-last  column-top-margin\" style='border-radius:0px; '><section class=\"av_textblock_section \"  itemscope=\"itemscope\" itemtype=\"https:\/\/schema.org\/CreativeWork\" ><div class='avia_textblock  '   itemprop=\"text\" ><h5>FINANCIACI\u00d3N<\/h5>\n<p>Nuestro sitio est\u00e1 alojado gratuitamente en ORPHANET. Su concepci\u00f3n, realizaci\u00f3n y actualizaciones son efectuadas por voluntarios. Los gastos eventuales ligados a la creaci\u00f3n o al mantenimiento de nuestro sitio (ordenadores entre otros) son cubiertos por nuestra asociaci\u00f3n. No recibimos ninguna subvenci\u00f3n espec\u00edfica para nuestro sitio, no aceptamos publicidad, no recibimos ning\u00fan fondo de naturaleza publicitaria o comercial.<\/p>\n<p>Nuestra asociaci\u00f3n funciona\u00a0\u00fanica y exclusivamente\u00a0gracias a las siguientes fuentes de financiaci\u00f3n:<\/p>\n<p><strong>Afiliaciones y\/o donativos\u00a0personales\u00a0;<\/strong><br \/>\n&#8211; Venta a un reciclador de cartuchos de tinta de inyecci\u00f3n y\u00a0laser\u00a0usados, y de tel\u00e9fonos m\u00f3viles,<br \/>\n&#8211; tambi\u00e9n usados, que recogemos nosotros mismos ;<br \/>\n&#8211; Peque\u00f1as subvenciones de organismos p\u00fablicos locales<\/p>\n<h5>ENLACES HACIA OTROS SITIOS<\/h5>\n<p>Este sitio contiene direcciones y enlaces directos hacia instituciones, grupos, federaciones o asociaciones relacionadas con la discapacidad en general, y con las enfermedades raras, hu\u00e9rfanas y\/o gen\u00e9ticas en particular. El objetivo de estos enlaces es meramente informativo. No garantizamos el contenido de estos sitios y no podemos en modo alguno ser considerados responsables.<\/p>\n<p>ACTUALIZACIONES<br \/>\nLas actualizaciones de cada p\u00e1gina est\u00e1n indicadas en la parte de abajo de \u00e9stas.<\/p>\n<p>CONTACTO<br \/>\nLa direcci\u00f3n e-mail para contactar con nosotros est\u00e1 citada en la parte de abajo de cada p\u00e1gina de nuestro sitio.<\/p>\n<\/div><\/section><\/div><\/p>\n","protected":false},"excerpt":{"rendered":"","protected":false},"author":1,"featured_media":0,"parent":0,"menu_order":0,"comment_status":"closed","ping_status":"open","template":"","meta":{"footnotes":""},"class_list":["post-3947","page","type-page","status-publish","hentry"],"yoast_head":"<!-- This site is optimized with the Yoast SEO plugin v22.0 - https:\/\/yoast.com\/wordpress\/plugins\/seo\/ -->\n<title>Informaci\u00f3n Legal - CUTIS LAXA INTERNATIONALE<\/title>\n<meta name=\"robots\" content=\"index, follow, max-snippet:-1, max-image-preview:large, max-video-preview:-1\" \/>\n<link rel=\"canonical\" href=\"https:\/\/www.cutislaxa.org\/legal\/\" \/>\n<meta property=\"og:locale\" content=\"es_ES\" \/>\n<meta property=\"og:type\" content=\"article\" \/>\n<meta property=\"og:title\" content=\"Informaci\u00f3n Legal - CUTIS LAXA INTERNATIONALE\" \/>\n<meta property=\"og:url\" content=\"https:\/\/www.cutislaxa.org\/legal\/\" \/>\n<meta property=\"og:site_name\" content=\"CUTIS LAXA INTERNATIONALE\" \/>\n<meta property=\"article:publisher\" content=\"https:\/\/www.facebook.com\/CutisLaxaAssociation\/\" \/>\n<meta property=\"article:modified_time\" content=\"2018-02-23T19:47:32+00:00\" \/>\n<meta name=\"twitter:card\" content=\"summary_large_image\" \/>\n<meta name=\"twitter:label1\" content=\"Tiempo de lectura\" \/>\n\t<meta name=\"twitter:data1\" content=\"5 minutos\" \/>\n<script type=\"application\/ld+json\" class=\"yoast-schema-graph\">{\"@context\":\"https:\/\/schema.org\",\"@graph\":[{\"@type\":\"WebPage\",\"@id\":\"https:\/\/www.cutislaxa.org\/legal\/\",\"url\":\"https:\/\/www.cutislaxa.org\/legal\/\",\"name\":\"Informaci\u00f3n Legal - CUTIS LAXA INTERNATIONALE\",\"isPartOf\":{\"@id\":\"https:\/\/www.cutislaxa.org\/#website\"},\"datePublished\":\"2017-12-01T16:13:33+00:00\",\"dateModified\":\"2018-02-23T19:47:32+00:00\",\"breadcrumb\":{\"@id\":\"https:\/\/www.cutislaxa.org\/legal\/#breadcrumb\"},\"inLanguage\":\"es\",\"potentialAction\":[{\"@type\":\"ReadAction\",\"target\":[\"https:\/\/www.cutislaxa.org\/legal\/\"]}]},{\"@type\":\"BreadcrumbList\",\"@id\":\"https:\/\/www.cutislaxa.org\/legal\/#breadcrumb\",\"itemListElement\":[{\"@type\":\"ListItem\",\"position\":1,\"name\":\"Home\",\"item\":\"https:\/\/www.cutislaxa.org\/es\/bienvenida\/\"},{\"@type\":\"ListItem\",\"position\":2,\"name\":\"Informaci\u00f3n Legal\"}]},{\"@type\":\"WebSite\",\"@id\":\"https:\/\/www.cutislaxa.org\/#website\",\"url\":\"https:\/\/www.cutislaxa.org\/\",\"name\":\"CUTIS LAXA INTERNATIONALE\",\"description\":\"\",\"publisher\":{\"@id\":\"https:\/\/www.cutislaxa.org\/#organization\"},\"potentialAction\":[{\"@type\":\"SearchAction\",\"target\":{\"@type\":\"EntryPoint\",\"urlTemplate\":\"https:\/\/www.cutislaxa.org\/?s={search_term_string}\"},\"query-input\":\"required name=search_term_string\"}],\"inLanguage\":\"es\"},{\"@type\":\"Organization\",\"@id\":\"https:\/\/www.cutislaxa.org\/#organization\",\"name\":\"Cutis Laxa Internationale\",\"url\":\"https:\/\/www.cutislaxa.org\/\",\"logo\":{\"@type\":\"ImageObject\",\"inLanguage\":\"es\",\"@id\":\"https:\/\/www.cutislaxa.org\/#\/schema\/logo\/image\/\",\"url\":\"https:\/\/www.cutislaxa.org\/wp-content\/uploads\/2017\/12\/NEW-LOGO-CLI-4.png\",\"contentUrl\":\"https:\/\/www.cutislaxa.org\/wp-content\/uploads\/2017\/12\/NEW-LOGO-CLI-4.png\",\"width\":417,\"height\":120,\"caption\":\"Cutis Laxa Internationale\"},\"image\":{\"@id\":\"https:\/\/www.cutislaxa.org\/#\/schema\/logo\/image\/\"},\"sameAs\":[\"https:\/\/www.facebook.com\/CutisLaxaAssociation\/\"]}]}<\/script>\n<!-- \/ Yoast SEO plugin. -->","yoast_head_json":{"title":"Informaci\u00f3n Legal - CUTIS LAXA INTERNATIONALE","robots":{"index":"index","follow":"follow","max-snippet":"max-snippet:-1","max-image-preview":"max-image-preview:large","max-video-preview":"max-video-preview:-1"},"canonical":"https:\/\/www.cutislaxa.org\/legal\/","og_locale":"es_ES","og_type":"article","og_title":"Informaci\u00f3n Legal - CUTIS LAXA INTERNATIONALE","og_url":"https:\/\/www.cutislaxa.org\/legal\/","og_site_name":"CUTIS LAXA INTERNATIONALE","article_publisher":"https:\/\/www.facebook.com\/CutisLaxaAssociation\/","article_modified_time":"2018-02-23T19:47:32+00:00","twitter_card":"summary_large_image","twitter_misc":{"Tiempo de lectura":"5 minutos"},"schema":{"@context":"https:\/\/schema.org","@graph":[{"@type":"WebPage","@id":"https:\/\/www.cutislaxa.org\/legal\/","url":"https:\/\/www.cutislaxa.org\/legal\/","name":"Informaci\u00f3n Legal - CUTIS LAXA INTERNATIONALE","isPartOf":{"@id":"https:\/\/www.cutislaxa.org\/#website"},"datePublished":"2017-12-01T16:13:33+00:00","dateModified":"2018-02-23T19:47:32+00:00","breadcrumb":{"@id":"https:\/\/www.cutislaxa.org\/legal\/#breadcrumb"},"inLanguage":"es","potentialAction":[{"@type":"ReadAction","target":["https:\/\/www.cutislaxa.org\/legal\/"]}]},{"@type":"BreadcrumbList","@id":"https:\/\/www.cutislaxa.org\/legal\/#breadcrumb","itemListElement":[{"@type":"ListItem","position":1,"name":"Home","item":"https:\/\/www.cutislaxa.org\/es\/bienvenida\/"},{"@type":"ListItem","position":2,"name":"Informaci\u00f3n Legal"}]},{"@type":"WebSite","@id":"https:\/\/www.cutislaxa.org\/#website","url":"https:\/\/www.cutislaxa.org\/","name":"CUTIS LAXA INTERNATIONALE","description":"","publisher":{"@id":"https:\/\/www.cutislaxa.org\/#organization"},"potentialAction":[{"@type":"SearchAction","target":{"@type":"EntryPoint","urlTemplate":"https:\/\/www.cutislaxa.org\/?s={search_term_string}"},"query-input":"required name=search_term_string"}],"inLanguage":"es"},{"@type":"Organization","@id":"https:\/\/www.cutislaxa.org\/#organization","name":"Cutis Laxa Internationale","url":"https:\/\/www.cutislaxa.org\/","logo":{"@type":"ImageObject","inLanguage":"es","@id":"https:\/\/www.cutislaxa.org\/#\/schema\/logo\/image\/","url":"https:\/\/www.cutislaxa.org\/wp-content\/uploads\/2017\/12\/NEW-LOGO-CLI-4.png","contentUrl":"https:\/\/www.cutislaxa.org\/wp-content\/uploads\/2017\/12\/NEW-LOGO-CLI-4.png","width":417,"height":120,"caption":"Cutis Laxa Internationale"},"image":{"@id":"https:\/\/www.cutislaxa.org\/#\/schema\/logo\/image\/"},"sameAs":["https:\/\/www.facebook.com\/CutisLaxaAssociation\/"]}]}},"_links":{"self":[{"href":"https:\/\/www.cutislaxa.org\/es\/wp-json\/wp\/v2\/pages\/3947","targetHints":{"allow":["GET"]}}],"collection":[{"href":"https:\/\/www.cutislaxa.org\/es\/wp-json\/wp\/v2\/pages"}],"about":[{"href":"https:\/\/www.cutislaxa.org\/es\/wp-json\/wp\/v2\/types\/page"}],"author":[{"embeddable":true,"href":"https:\/\/www.cutislaxa.org\/es\/wp-json\/wp\/v2\/users\/1"}],"replies":[{"embeddable":true,"href":"https:\/\/www.cutislaxa.org\/es\/wp-json\/wp\/v2\/comments?post=3947"}],"version-history":[{"count":11,"href":"https:\/\/www.cutislaxa.org\/es\/wp-json\/wp\/v2\/pages\/3947\/revisions"}],"predecessor-version":[{"id":4755,"href":"https:\/\/www.cutislaxa.org\/es\/wp-json\/wp\/v2\/pages\/3947\/revisions\/4755"}],"wp:attachment":[{"href":"https:\/\/www.cutislaxa.org\/es\/wp-json\/wp\/v2\/media?parent=3947"}],"curies":[{"name":"wp","href":"https:\/\/api.w.org\/{rel}","templated":true}]}}