{"id":17932,"date":"2025-09-10T10:12:54","date_gmt":"2025-09-10T08:12:54","guid":{"rendered":"https:\/\/www.cutislaxa.org\/7th-cutis-laxa-days-2026\/"},"modified":"2025-12-20T15:34:55","modified_gmt":"2025-12-20T14:34:55","slug":"7th-cutis-laxa-days-2026","status":"publish","type":"page","link":"https:\/\/www.cutislaxa.org\/es\/7th-cutis-laxa-days-2026\/","title":{"rendered":"7\u00aa JORNADAS CUTIS LAXA (2026)"},"content":{"rendered":"<div id='av_section_1'  class='avia-section main_color avia-section-default avia-no-border-styling  avia-full-stretch av-section-color-overlay-active avia-bg-style-scroll  avia-builder-el-0  el_before_av_section  avia-builder-el-first   container_wrap fullsize' style='background-color: #f5f5f2; background-repeat: no-repeat; background-image: url(https:\/\/www.cutislaxa.org\/wp-content\/uploads\/2022\/01\/Schermafbeelding-2022-01-30-om-13.27.41-e1643551626198.png);background-attachment: scroll; background-position: center center;  '  data-section-bg-repeat='stretch'><div class='av-section-color-overlay-wrap'><div class='av-section-color-overlay' style='opacity: 0.9; background-color: #e8e8e8; '><\/div><div class='container' ><main  role=\"main\" itemprop=\"mainContentOfPage\"  class='template-page content  av-content-full alpha units'><div class='post-entry post-entry-type-page post-entry-17932'><div class='entry-content-wrapper clearfix'>\n<div class=\"flex_column av_one_full  flex_column_div av-zero-column-padding first  avia-builder-el-1  el_before_av_one_fifth  avia-builder-el-first  \" style='border-radius:0px; '><div  style='padding-bottom:10px; font-size:70px;' class='av-special-heading av-special-heading-h1  blockquote modern-quote modern-centered  avia-builder-el-2  avia-builder-el-no-sibling  av-inherit-size '><h1 class='av-special-heading-tag '  itemprop=\"headline\"  ><b> 7\u00aa JORNADAS CUTIS LAXA<\/b><\/h1><div class ='av-subheading av-subheading_below  ' style='font-size:30px;'><p>Del 04 al 06 FEBRERO 2026<\/p>\n<\/div><div class='special-heading-border'><div class='special-heading-inner-border' ><\/div><\/div><\/div><\/div><div class=\"flex_column av_one_fifth  flex_column_div av-zero-column-padding first  avia-builder-el-3  el_after_av_one_full  el_before_av_three_fifth  column-top-margin\" style='border-radius:0px; '><\/div><div class=\"flex_column av_three_fifth  flex_column_div   avia-builder-el-4  el_after_av_one_fifth  el_before_av_one_fifth  column-top-margin\" style='background: #ffffff; padding:20px; background-color:#ffffff; border-radius:0px; '><section class=\"av_textblock_section \"  itemscope=\"itemscope\" itemtype=\"https:\/\/schema.org\/CreativeWork\" ><div class='avia_textblock  av_inherit_color '  style='font-size:16px; color:#2451d8; '  itemprop=\"text\" ><h3 style=\"text-align: center;\"><span style=\"color: #0000ff;\"><strong>CL\u00cdNICAS en el Centro de Gen\u00e9tica M\u00e9dica <\/strong><\/span><\/h3>\n<h3 style=\"text-align: center;\"><span style=\"color: #0000ff;\"><strong>del Hospital Universitario de Gante<\/strong><\/span><\/h3>\n<h3 style=\"text-align: center;\"><img loading=\"lazy\" decoding=\"async\" class=\"size-medium wp-image-11643\" src=\"..\/wp-content\/uploads\/2022\/01\/UZGent-bannerbeeld-300x150.jpg\" alt=\"\" width=\"300\" height=\"150\" srcset=\"https:\/\/www.cutislaxa.org\/wp-content\/uploads\/2022\/01\/UZGent-bannerbeeld-300x150.jpg 300w, https:\/\/www.cutislaxa.org\/wp-content\/uploads\/2022\/01\/UZGent-bannerbeeld-1030x515.jpg 1030w, https:\/\/www.cutislaxa.org\/wp-content\/uploads\/2022\/01\/UZGent-bannerbeeld-768x384.jpg 768w, https:\/\/www.cutislaxa.org\/wp-content\/uploads\/2022\/01\/UZGent-bannerbeeld-705x353.jpg 705w, https:\/\/www.cutislaxa.org\/wp-content\/uploads\/2022\/01\/UZGent-bannerbeeld.jpg 1200w\" sizes=\"auto, (max-width: 300px) 100vw, 300px\" \/><\/h3>\n<p style=\"text-align: center;\">Ghent University Hospital<br \/>\nCorneel Heymanslaan 10<br \/>\n9000 Ghent<\/p>\n<\/div><\/section><\/div><div class=\"flex_column av_one_fifth  flex_column_div av-zero-column-padding   avia-builder-el-6  el_after_av_three_fifth  avia-builder-el-last  column-top-margin\" style='border-radius:0px; '><\/div>\n\n<\/div><\/div><\/main><!-- close content main element --><\/div><\/div><\/div><div id='av_section_2'  class='avia-section main_color avia-section-default avia-no-border-styling  avia-bg-style-scroll  avia-builder-el-7  el_after_av_section  el_before_av_section   container_wrap fullsize' style=' '  ><div class='container' ><div class='template-page content  av-content-full alpha units'><div class='post-entry post-entry-type-page post-entry-17932'><div class='entry-content-wrapper clearfix'>\n<div class=\"flex_column av_one_third  flex_column_div av-zero-column-padding first  avia-builder-el-8  el_before_av_one_third  avia-builder-el-first  \" style='border-radius:0px; '><section class=\"av_textblock_section \"  itemscope=\"itemscope\" itemtype=\"https:\/\/schema.org\/CreativeWork\" ><div class='avia_textblock  '   itemprop=\"text\" ><h4 style=\"text-align: center;\"><strong>MIERCOLES<\/strong><\/h4>\n<h4 style=\"text-align: center;\"><strong>4 DE FEBRERO DE 2026<\/strong><\/h4>\n<p style=\"text-align: center;\"><strong>CONFERENCIA<\/strong><\/p>\n<p style=\"text-align: center;\"><strong>La Cutis Laxa Adquirida<\/strong><\/p>\n<p style=\"text-align: center;\">Bert Callewaert (Gante, B\u00e9lgica)<\/p>\n<p style=\"text-align: center;\"><strong>Clasificaci\u00f3n de los s\u00edndromes de cutis laxa<\/strong><\/p>\n<p style=\"text-align: center;\">Aude Beyens (Gante, B\u00e9lgica)<\/p>\n<p style=\"text-align: center;\"><strong>Oftalmolog\u00eda y Trastornos de la C\u00f3rnea en la Cutis Laxa<\/strong><\/p>\n<p style=\"text-align: center;\">Elke Kreps (Gante, B\u00e9lgica)<\/p>\n<p style=\"text-align: center;\"><strong>Cardiolog\u00eda en la Cutis Laxa<\/strong><\/p>\n<p style=\"text-align: center;\">lse Meerschaut (Gante, B\u00e9lgica)<\/p>\n<p style=\"text-align: center;\"><strong>Deposici\u00f3n de tropoelastina<\/strong><\/p>\n<p style=\"text-align: center;\">Romain Debret (CNRS, Francia)<\/p>\n<p style=\"text-align: center;\"><strong>Fisioterapia<\/strong><\/p>\n<p style=\"text-align: center;\">Inge Dewandele (Gante, B\u00e9lgica)<\/p>\n<p style=\"text-align: center;\"><strong>Tarjetas de emergencia<\/strong><\/p>\n<p style=\"text-align: center;\">Karolien Aelbrecht (Gante, B\u00e9lgica)<\/p>\n<p style=\"text-align: center;\"><strong>Discusi\u00f3n con los pacientes: <\/strong><\/p>\n<p style=\"text-align: center;\"><strong>Identificar temas clave y pr\u00f3ximos pasos<\/strong><\/p>\n<p style=\"text-align: center;\">Marie-Claude Boiteux (CLI, Francia)<\/p>\n<p style=\"text-align: center;\">Bert Callewaert (Gante, B\u00e9lgica)<\/p>\n<p style=\"text-align: center;\">Karolien Aelbrecht (Gante, B\u00e9lgica)<\/p>\n<\/div><\/section><\/div><div class=\"flex_column av_one_third  flex_column_div av-zero-column-padding   avia-builder-el-10  el_after_av_one_third  el_before_av_one_third  \" style='border-radius:0px; '><section class=\"av_textblock_section \"  itemscope=\"itemscope\" itemtype=\"https:\/\/schema.org\/CreativeWork\" ><div class='avia_textblock  av_inherit_color '  style='font-size:14px; color:#db0931; '  itemprop=\"text\" ><p style=\"text-align: center;\">Inscripci\u00f3n online a la conferencia<\/p>\n<p style=\"text-align: center;\"><a href=\"https:\/\/www.helloasso.com\/associations\/cutis-laxa-internationale\/evenements\/7e-journees-cutis-laxa\">ENLACE<\/a><\/p>\n<p style=\"text-align: center;\">o<\/p>\n<p><img loading=\"lazy\" decoding=\"async\" class=\"wp-image-17999 aligncenter\" src=\"https:\/\/www.cutislaxa.org\/wp-content\/uploads\/2025\/10\/qrcode-7CLD-300x300.png\" alt=\"\" width=\"193\" height=\"193\" srcset=\"https:\/\/www.cutislaxa.org\/wp-content\/uploads\/2025\/10\/qrcode-7CLD-300x300.png 300w, https:\/\/www.cutislaxa.org\/wp-content\/uploads\/2025\/10\/qrcode-7CLD-80x80.png 80w, https:\/\/www.cutislaxa.org\/wp-content\/uploads\/2025\/10\/qrcode-7CLD-36x36.png 36w, https:\/\/www.cutislaxa.org\/wp-content\/uploads\/2025\/10\/qrcode-7CLD-180x180.png 180w, https:\/\/www.cutislaxa.org\/wp-content\/uploads\/2025\/10\/qrcode-7CLD.png 600w\" sizes=\"auto, (max-width: 193px) 100vw, 193px\" \/><\/p>\n<\/div><\/section><\/div><div class=\"flex_column av_one_third  flex_column_div av-zero-column-padding   avia-builder-el-12  el_after_av_one_third  avia-builder-el-last  \" style='border-radius:0px; '><section class=\"av_textblock_section \"  itemscope=\"itemscope\" itemtype=\"https:\/\/schema.org\/CreativeWork\" ><div class='avia_textblock  av_inherit_color '  style='font-size:14px; color:#db0931; '  itemprop=\"text\" ><h4 style=\"text-align: center;\"><span style=\"color: #000080;\"><strong>Mi\u00e9rcoles, 4 de febrero<\/strong><\/span><\/h4>\n<h3 style=\"text-align: center;\"><span style=\"color: #666699;\"><strong>Actividades festivas<\/strong><\/span><\/h3>\n<h5 style=\"text-align: center;\"><span style=\"color: #993300;\"><strong>Cena Familiar y de Partes Interesadas en \u00abDEN ABT\u00bb<\/strong><\/span><\/h5>\n<p style=\"text-align: center;\"><a href=\"https:\/\/www.helloasso.com\/associations\/cutis-laxa-internationale\/evenements\/7e-journees-cutis-laxa\"><span style=\"color: #0000ff;\"><em>Reg\u00edstrate aqu\u00ed<\/em><\/span><\/a><\/p>\n<p style=\"text-align: center;\"><img loading=\"lazy\" decoding=\"async\" class=\"alignnone wp-image-18089\" src=\"https:\/\/www.cutislaxa.org\/wp-content\/uploads\/2025\/12\/Restau-De-Apt-276x300.jpg\" alt=\"\" width=\"92\" height=\"100\" srcset=\"https:\/\/www.cutislaxa.org\/wp-content\/uploads\/2025\/12\/Restau-De-Apt-276x300.jpg 276w, https:\/\/www.cutislaxa.org\/wp-content\/uploads\/2025\/12\/Restau-De-Apt.jpg 365w\" sizes=\"auto, (max-width: 92px) 100vw, 92px\" \/> <img loading=\"lazy\" decoding=\"async\" class=\"alignnone wp-image-18092\" src=\"https:\/\/www.cutislaxa.org\/wp-content\/uploads\/2025\/12\/Restau-De-Apt2-300x273.jpg\" alt=\"\" width=\"110\" height=\"100\" srcset=\"https:\/\/www.cutislaxa.org\/wp-content\/uploads\/2025\/12\/Restau-De-Apt2-300x273.jpg 300w, https:\/\/www.cutislaxa.org\/wp-content\/uploads\/2025\/12\/Restau-De-Apt2.jpg 524w\" sizes=\"auto, (max-width: 110px) 100vw, 110px\" \/><\/p>\n<p style=\"text-align: center;\"><span style=\"color: #993300;\"><strong>Visita Gante a bordo de un barco cubierto<\/strong><\/span><\/p>\n<p style=\"text-align: center;\"><a href=\"https:\/\/www.helloasso.com\/associations\/cutis-laxa-internationale\/evenements\/7e-journees-cutis-laxa\"><span style=\"color: #0000ff;\"><em>Reg\u00edstrate aqu\u00ed<\/em><\/span><\/a><\/p>\n<p><img loading=\"lazy\" decoding=\"async\" class=\"alignnone wp-image-18022 aligncenter\" src=\"https:\/\/www.cutislaxa.org\/wp-content\/uploads\/2025\/12\/Bateau-couvert3-300x255.jpg\" alt=\"\" width=\"173\" height=\"147\" srcset=\"https:\/\/www.cutislaxa.org\/wp-content\/uploads\/2025\/12\/Bateau-couvert3-300x255.jpg 300w, https:\/\/www.cutislaxa.org\/wp-content\/uploads\/2025\/12\/Bateau-couvert3.jpg 549w\" sizes=\"auto, (max-width: 173px) 100vw, 173px\" \/><\/p>\n<\/div><\/section><\/div><\/div><\/div><\/div><!-- close content main div --><\/div><\/div><div id='av_section_3'  class='avia-section main_color avia-section-default avia-no-border-styling  avia-bg-style-scroll  avia-builder-el-14  el_after_av_section  el_before_av_section   container_wrap fullsize' style='background-color: #f5f5f2;  '  ><div class='container' ><div class='template-page content  av-content-full alpha units'><div class='post-entry post-entry-type-page post-entry-17932'><div class='entry-content-wrapper clearfix'>\n<div class=\"flex_column av_one_third  flex_column_div first  avia-builder-el-15  el_before_av_one_third  avia-builder-el-first  \" style='background: rgba(255,255,255,0.71); border-width:1px; border-style:solid; padding:15px; background-color:rgba(255,255,255,0.71); border-radius:0px; '><section class=\"av_textblock_section \"  itemscope=\"itemscope\" itemtype=\"https:\/\/schema.org\/CreativeWork\" ><div class='avia_textblock  '  style='font-size:18px; '  itemprop=\"text\" ><h4 style=\"text-align: center;\"><span style=\"color: #666699;\"><strong>MARTES<\/strong><\/span><\/h4>\n<h4 style=\"text-align: center;\"><span style=\"color: #666699;\"><strong>3 DE FEBRERO DE 2026<\/strong><\/span><\/h4>\n<h5 style=\"text-align: center;\"><span style=\"color: #0000ff;\"><strong>Pre-conferencia<\/strong><\/span><\/h5>\n<h5 style=\"text-align: center;\"><span style=\"color: #333399;\"><strong>Encuentro Cient\u00edfico<\/strong><\/span><\/h5>\n<p style=\"text-align: center;\"><span style=\"color: #ff0000;\"><em>Solo para profesionales sanitarios<\/em><\/span><\/p>\n<p style=\"text-align: center;\"><a href=\"https:\/\/forms.gle\/om7pMEpcWoBdwJ8D9\"><span style=\"color: #0000ff;\">Reg\u00edstrate aqu\u00ed<\/span><\/a><\/p>\n<p style=\"text-align: center;\"><span style=\"color: #0000ff;\">Env\u00eda un resumen<\/span><\/p>\n<\/div><\/section><\/div><div class=\"flex_column av_one_third  flex_column_div   avia-builder-el-17  el_after_av_one_third  el_before_av_one_third  \" style='background: rgba(255,255,255,0.71); border-width:1px; border-style:solid; padding:15px; background-color:rgba(255,255,255,0.71); border-radius:0px; '><section class=\"av_textblock_section \"  itemscope=\"itemscope\" itemtype=\"https:\/\/schema.org\/CreativeWork\" ><div class='avia_textblock  '  style='font-size:18px; '  itemprop=\"text\" ><h4 style=\"text-align: center;\"><strong>JUEVES<\/strong><\/h4>\n<h4 style=\"text-align: center;\"><strong>5 DE FEBRERO DE 2026<\/strong><\/h4>\n<hr \/>\n<p style=\"text-align: center;\">D\u00eda de consulta<\/p>\n<p style=\"text-align: center;\">Solo para pacientes<\/p>\n<\/div><\/section><br \/>\n<section class=\"av_textblock_section \"  itemscope=\"itemscope\" itemtype=\"https:\/\/schema.org\/CreativeWork\" ><div class='avia_textblock  '   itemprop=\"text\" ><\/div><\/section><\/p><\/div><div class=\"flex_column av_one_third  flex_column_div   avia-builder-el-20  el_after_av_one_third  avia-builder-el-last  \" style='background: rgba(255,255,255,0.71); border-width:1px; border-style:solid; padding:15px; background-color:rgba(255,255,255,0.71); border-radius:0px; '><section class=\"av_textblock_section \"  itemscope=\"itemscope\" itemtype=\"https:\/\/schema.org\/CreativeWork\" ><div class='avia_textblock  '  style='font-size:18px; '  itemprop=\"text\" ><h4 style=\"text-align: center;\"><strong>VIERNES<\/strong><\/h4>\n<h4 style=\"text-align: center;\"><strong>6 DE FEBRERO DE 2026<\/strong><\/h4>\n<hr \/>\n<p style=\"text-align: center;\">D\u00eda de consulta<\/p>\n<p style=\"text-align: center;\">Solo para pacientes<\/p>\n<\/div><\/section><br \/>\n<section class=\"av_textblock_section \"  itemscope=\"itemscope\" itemtype=\"https:\/\/schema.org\/CreativeWork\" ><div class='avia_textblock  '   itemprop=\"text\" ><\/div><\/section><\/p><\/div><\/div><\/div><\/div><!-- close content main div --><\/div><\/div><div id='av_section_4'  class='avia-section main_color avia-section-default avia-no-border-styling  avia-bg-style-scroll  avia-builder-el-23  el_after_av_section  avia-builder-el-last   container_wrap fullsize' style=' '  ><div class='container' ><div class='template-page content  av-content-full alpha units'><div class='post-entry post-entry-type-page post-entry-17932'><div class='entry-content-wrapper clearfix'>\n<div class=\"flex_column av_one_full  no_margin flex_column_div first  avia-builder-el-24  avia-builder-el-no-sibling  \" style='padding:0px 40px 0px 0px ; border-radius:0px; '><section class=\"av_textblock_section \"  itemscope=\"itemscope\" itemtype=\"https:\/\/schema.org\/CreativeWork\" ><div class='avia_textblock  '  style='font-size:18px; '  itemprop=\"text\" ><p style=\"text-align: center;\">Gracias a todos los que nos apoyaron<\/p>\n<p>\u00a0 \u00a0 \u00a0 <img loading=\"lazy\" decoding=\"async\" class=\"alignnone wp-image-18067\" src=\"https:\/\/www.cutislaxa.org\/wp-content\/uploads\/2025\/12\/Logo-Bons-en-Chablais-e1765900768403.jpg\" alt=\"\" width=\"74\" height=\"40\" \/>\u00a0 <img loading=\"lazy\" decoding=\"async\" class=\"alignnone wp-image-18064\" src=\"https:\/\/www.cutislaxa.org\/wp-content\/uploads\/2025\/12\/Logo-course-des-Heros-e1765900849539.jpg\" alt=\"\" width=\"70\" height=\"41\" \/>\u00a0 <img loading=\"lazy\" decoding=\"async\" class=\"alignnone wp-image-18061\" src=\"https:\/\/www.cutislaxa.org\/wp-content\/uploads\/2025\/12\/Logo-Sireuil-e1765900898454.jpg\" alt=\"\" width=\"46\" height=\"39\" \/>\u00a0 <img loading=\"lazy\" decoding=\"async\" class=\"alignnone wp-image-18058\" src=\"https:\/\/www.cutislaxa.org\/wp-content\/uploads\/2025\/12\/Logo-semplicemente-amici-e1765901055916.jpg\" alt=\"\" width=\"133\" height=\"22\" \/>\u00a0 <img loading=\"lazy\" decoding=\"async\" class=\"alignnone wp-image-18055\" src=\"https:\/\/www.cutislaxa.org\/wp-content\/uploads\/2025\/12\/Logo-Glisse-en-coeur-e1765900979851.jpg\" alt=\"\" width=\"66\" height=\"34\" \/>\u00a0 <img loading=\"lazy\" decoding=\"async\" class=\"alignnone wp-image-18052\" src=\"https:\/\/www.cutislaxa.org\/wp-content\/uploads\/2025\/12\/Logo-La-Pastourelle-e1765901013972.jpg\" alt=\"\" width=\"82\" height=\"34\" \/><\/p>\n<\/div><\/section><\/div>\n<\/p>\n","protected":false},"excerpt":{"rendered":"","protected":false},"author":1,"featured_media":0,"parent":0,"menu_order":0,"comment_status":"closed","ping_status":"closed","template":"","meta":{"footnotes":""},"class_list":["post-17932","page","type-page","status-publish","hentry"],"yoast_head":"<!-- This site is optimized with the Yoast SEO plugin v22.0 - https:\/\/yoast.com\/wordpress\/plugins\/seo\/ -->\n<title>7\u00aa JORNADAS CUTIS LAXA (2026) - CUTIS LAXA INTERNATIONALE<\/title>\n<meta name=\"robots\" content=\"index, follow, max-snippet:-1, max-image-preview:large, max-video-preview:-1\" \/>\n<link rel=\"canonical\" href=\"https:\/\/www.cutislaxa.org\/es\/7th-cutis-laxa-days-2026\/\" \/>\n<meta property=\"og:locale\" content=\"es_ES\" \/>\n<meta property=\"og:type\" content=\"article\" \/>\n<meta property=\"og:title\" content=\"7\u00aa JORNADAS CUTIS LAXA (2026) - CUTIS LAXA INTERNATIONALE\" \/>\n<meta property=\"og:url\" content=\"https:\/\/www.cutislaxa.org\/es\/7th-cutis-laxa-days-2026\/\" \/>\n<meta property=\"og:site_name\" content=\"CUTIS LAXA INTERNATIONALE\" \/>\n<meta property=\"article:publisher\" content=\"https:\/\/www.facebook.com\/CutisLaxaAssociation\/\" \/>\n<meta property=\"article:modified_time\" content=\"2025-12-20T14:34:55+00:00\" \/>\n<meta property=\"og:image\" content=\"https:\/\/www.cutislaxa.org\/wp-content\/uploads\/2025\/10\/qrcode-7CLD-300x300.png\" \/>\n<meta name=\"twitter:card\" content=\"summary_large_image\" \/>\n<meta name=\"twitter:label1\" content=\"Tiempo de lectura\" \/>\n\t<meta name=\"twitter:data1\" content=\"7 minutos\" \/>\n<script type=\"application\/ld+json\" class=\"yoast-schema-graph\">{\"@context\":\"https:\/\/schema.org\",\"@graph\":[{\"@type\":\"WebPage\",\"@id\":\"https:\/\/www.cutislaxa.org\/es\/7th-cutis-laxa-days-2026\/\",\"url\":\"https:\/\/www.cutislaxa.org\/es\/7th-cutis-laxa-days-2026\/\",\"name\":\"7\u00aa JORNADAS CUTIS LAXA (2026) - CUTIS LAXA INTERNATIONALE\",\"isPartOf\":{\"@id\":\"https:\/\/www.cutislaxa.org\/#website\"},\"datePublished\":\"2025-09-10T08:12:54+00:00\",\"dateModified\":\"2025-12-20T14:34:55+00:00\",\"breadcrumb\":{\"@id\":\"https:\/\/www.cutislaxa.org\/es\/7th-cutis-laxa-days-2026\/#breadcrumb\"},\"inLanguage\":\"es\",\"potentialAction\":[{\"@type\":\"ReadAction\",\"target\":[\"https:\/\/www.cutislaxa.org\/es\/7th-cutis-laxa-days-2026\/\"]}]},{\"@type\":\"BreadcrumbList\",\"@id\":\"https:\/\/www.cutislaxa.org\/es\/7th-cutis-laxa-days-2026\/#breadcrumb\",\"itemListElement\":[{\"@type\":\"ListItem\",\"position\":1,\"name\":\"Home\",\"item\":\"https:\/\/www.cutislaxa.org\/es\/bienvenida\/\"},{\"@type\":\"ListItem\",\"position\":2,\"name\":\"7\u00aa JORNADAS CUTIS LAXA (2026)\"}]},{\"@type\":\"WebSite\",\"@id\":\"https:\/\/www.cutislaxa.org\/#website\",\"url\":\"https:\/\/www.cutislaxa.org\/\",\"name\":\"CUTIS LAXA INTERNATIONALE\",\"description\":\"\",\"publisher\":{\"@id\":\"https:\/\/www.cutislaxa.org\/#organization\"},\"potentialAction\":[{\"@type\":\"SearchAction\",\"target\":{\"@type\":\"EntryPoint\",\"urlTemplate\":\"https:\/\/www.cutislaxa.org\/?s={search_term_string}\"},\"query-input\":\"required name=search_term_string\"}],\"inLanguage\":\"es\"},{\"@type\":\"Organization\",\"@id\":\"https:\/\/www.cutislaxa.org\/#organization\",\"name\":\"Cutis Laxa Internationale\",\"url\":\"https:\/\/www.cutislaxa.org\/\",\"logo\":{\"@type\":\"ImageObject\",\"inLanguage\":\"es\",\"@id\":\"https:\/\/www.cutislaxa.org\/#\/schema\/logo\/image\/\",\"url\":\"https:\/\/www.cutislaxa.org\/wp-content\/uploads\/2017\/12\/NEW-LOGO-CLI-4.png\",\"contentUrl\":\"https:\/\/www.cutislaxa.org\/wp-content\/uploads\/2017\/12\/NEW-LOGO-CLI-4.png\",\"width\":417,\"height\":120,\"caption\":\"Cutis Laxa Internationale\"},\"image\":{\"@id\":\"https:\/\/www.cutislaxa.org\/#\/schema\/logo\/image\/\"},\"sameAs\":[\"https:\/\/www.facebook.com\/CutisLaxaAssociation\/\"]}]}<\/script>\n<!-- \/ Yoast SEO plugin. -->","yoast_head_json":{"title":"7\u00aa JORNADAS CUTIS LAXA (2026) - CUTIS LAXA INTERNATIONALE","robots":{"index":"index","follow":"follow","max-snippet":"max-snippet:-1","max-image-preview":"max-image-preview:large","max-video-preview":"max-video-preview:-1"},"canonical":"https:\/\/www.cutislaxa.org\/es\/7th-cutis-laxa-days-2026\/","og_locale":"es_ES","og_type":"article","og_title":"7\u00aa JORNADAS CUTIS LAXA (2026) - CUTIS LAXA INTERNATIONALE","og_url":"https:\/\/www.cutislaxa.org\/es\/7th-cutis-laxa-days-2026\/","og_site_name":"CUTIS LAXA INTERNATIONALE","article_publisher":"https:\/\/www.facebook.com\/CutisLaxaAssociation\/","article_modified_time":"2025-12-20T14:34:55+00:00","og_image":[{"url":"https:\/\/www.cutislaxa.org\/wp-content\/uploads\/2025\/10\/qrcode-7CLD-300x300.png"}],"twitter_card":"summary_large_image","twitter_misc":{"Tiempo de lectura":"7 minutos"},"schema":{"@context":"https:\/\/schema.org","@graph":[{"@type":"WebPage","@id":"https:\/\/www.cutislaxa.org\/es\/7th-cutis-laxa-days-2026\/","url":"https:\/\/www.cutislaxa.org\/es\/7th-cutis-laxa-days-2026\/","name":"7\u00aa JORNADAS CUTIS LAXA (2026) - CUTIS LAXA INTERNATIONALE","isPartOf":{"@id":"https:\/\/www.cutislaxa.org\/#website"},"datePublished":"2025-09-10T08:12:54+00:00","dateModified":"2025-12-20T14:34:55+00:00","breadcrumb":{"@id":"https:\/\/www.cutislaxa.org\/es\/7th-cutis-laxa-days-2026\/#breadcrumb"},"inLanguage":"es","potentialAction":[{"@type":"ReadAction","target":["https:\/\/www.cutislaxa.org\/es\/7th-cutis-laxa-days-2026\/"]}]},{"@type":"BreadcrumbList","@id":"https:\/\/www.cutislaxa.org\/es\/7th-cutis-laxa-days-2026\/#breadcrumb","itemListElement":[{"@type":"ListItem","position":1,"name":"Home","item":"https:\/\/www.cutislaxa.org\/es\/bienvenida\/"},{"@type":"ListItem","position":2,"name":"7\u00aa JORNADAS CUTIS LAXA (2026)"}]},{"@type":"WebSite","@id":"https:\/\/www.cutislaxa.org\/#website","url":"https:\/\/www.cutislaxa.org\/","name":"CUTIS LAXA INTERNATIONALE","description":"","publisher":{"@id":"https:\/\/www.cutislaxa.org\/#organization"},"potentialAction":[{"@type":"SearchAction","target":{"@type":"EntryPoint","urlTemplate":"https:\/\/www.cutislaxa.org\/?s={search_term_string}"},"query-input":"required name=search_term_string"}],"inLanguage":"es"},{"@type":"Organization","@id":"https:\/\/www.cutislaxa.org\/#organization","name":"Cutis Laxa Internationale","url":"https:\/\/www.cutislaxa.org\/","logo":{"@type":"ImageObject","inLanguage":"es","@id":"https:\/\/www.cutislaxa.org\/#\/schema\/logo\/image\/","url":"https:\/\/www.cutislaxa.org\/wp-content\/uploads\/2017\/12\/NEW-LOGO-CLI-4.png","contentUrl":"https:\/\/www.cutislaxa.org\/wp-content\/uploads\/2017\/12\/NEW-LOGO-CLI-4.png","width":417,"height":120,"caption":"Cutis Laxa Internationale"},"image":{"@id":"https:\/\/www.cutislaxa.org\/#\/schema\/logo\/image\/"},"sameAs":["https:\/\/www.facebook.com\/CutisLaxaAssociation\/"]}]}},"_links":{"self":[{"href":"https:\/\/www.cutislaxa.org\/es\/wp-json\/wp\/v2\/pages\/17932","targetHints":{"allow":["GET"]}}],"collection":[{"href":"https:\/\/www.cutislaxa.org\/es\/wp-json\/wp\/v2\/pages"}],"about":[{"href":"https:\/\/www.cutislaxa.org\/es\/wp-json\/wp\/v2\/types\/page"}],"author":[{"embeddable":true,"href":"https:\/\/www.cutislaxa.org\/es\/wp-json\/wp\/v2\/users\/1"}],"replies":[{"embeddable":true,"href":"https:\/\/www.cutislaxa.org\/es\/wp-json\/wp\/v2\/comments?post=17932"}],"version-history":[{"count":19,"href":"https:\/\/www.cutislaxa.org\/es\/wp-json\/wp\/v2\/pages\/17932\/revisions"}],"predecessor-version":[{"id":18115,"href":"https:\/\/www.cutislaxa.org\/es\/wp-json\/wp\/v2\/pages\/17932\/revisions\/18115"}],"wp:attachment":[{"href":"https:\/\/www.cutislaxa.org\/es\/wp-json\/wp\/v2\/media?parent=17932"}],"curies":[{"name":"wp","href":"https:\/\/api.w.org\/{rel}","templated":true}]}}